{"id":8643,"date":"2023-10-21T10:58:57","date_gmt":"2023-10-21T10:58:57","guid":{"rendered":"https:\/\/rezeptfrei-apotheke.net\/?post_type=product&#038;p=8643"},"modified":"2023-10-21T11:00:27","modified_gmt":"2023-10-21T11:00:27","slug":"pyrazolam-pellets-3mg","status":"publish","type":"product","link":"https:\/\/rezeptfrei-apotheke.net\/es\/product\/pyrazolam-pellets-3mg\/","title":{"rendered":"pastillas de pirazolam 3 mg"},"content":{"rendered":"<h2><strong>Informaci\u00f3n general sobre el pirazolam<\/strong><\/h2>\n<p>El pirazolam es un derivado de las benzodiazepinas que se sintetiz\u00f3 por primera vez en la d\u00e9cada de 1970. El pirazolam es una sustancia qu\u00edmica de investigaci\u00f3n que pertenece a la clase de las benzodiazepinas, conocidas por sus propiedades \u00fanicas. Es un compuesto relativamente nuevo que ha llamado la atenci\u00f3n entre los investigadores.<\/p>\n<p>Sustancias que no act\u00faan como antagonistas ni agonistas pero que afectan al complejo receptor-ion\u00f3foro del \u00c1CIDO GAMMA-AMINOBUT\u00cdRICO. Los receptores GABA-A (RECEPTORES, GABA-A) parecen tener un m\u00ednimo de tres sitios alost\u00e9ricos en los que reaccionan los moduladores: un sitio en el que las BENZODIACEPINAS act\u00faan aumentando la frecuencia de apertura de los canales de cloruro activados por el \u00c1CIDO GAMMA-AMINOBUT\u00cdRICO.<\/p>\n<p>&nbsp;<\/p>\n<h3><strong>Composici\u00f3n qu\u00edmica del pirazolam.<\/strong><\/h3>\n<p>La composici\u00f3n qu\u00edmica del pirazolam es la siguiente:<\/p>\n<p>\u2013 Nombre qu\u00edmico: 8-bromo-1-metil-6-(piridin-2-il)-4H-[1,2,4]triazolo[4,3-a][1,4]benzodiazepina<\/p>\n<p>\u2013 F\u00f3rmula molecular: C16H12BrN5<\/p>\n<p>\u2013 Masa molar: 354,2 gramos\/mol<\/p>\n<p>Esta estructura qu\u00edmica indica que el pirazolam est\u00e1 compuesto por diecis\u00e9is \u00e1tomos de carbono (C16), doce \u00e1tomos de hidr\u00f3geno (H12), un \u00e1tomo de bromo (Br) y cinco \u00e1tomos de nitr\u00f3geno (N5). La disposici\u00f3n y el enlace espec\u00edficos de estos \u00e1tomos crean la estructura molecular distinta del pirazolam.<\/p>\n<p>&nbsp;<\/p>\n<h3><strong>Compre gr\u00e1nulos de pirazolam de alta calidad.<\/strong><\/h3>\n<p><strong>TIENDA TRRC\u00a0<\/strong>tiene muchos a\u00f1os de experiencia en la industria del dise\u00f1o de productos qu\u00edmicos de investigaci\u00f3n, lo que nos permite garantizar la m\u00e1s alta calidad de estos productos qu\u00edmicos de investigaci\u00f3n.\u00a0<strong>Compra de pirazolam<\/strong>\u00a0Es f\u00e1cil y tiene la mejor calidad. El costo de Pyrazolam es relativamente bajo que el de otras empresas.\u00a0<strong>Productos qu\u00edmicos de investigaci\u00f3n<\/strong>, incluido el pirazolam, cumplen todos los requisitos de seguridad. Los productos qu\u00edmicos de investigaci\u00f3n se distribuyen y almacenan cuidadosamente en un lugar fresco y seco.<\/p>\n<p>Todos los productos se inspeccionan peri\u00f3dicamente para comprobar su calidad, pureza y seguridad. Es s\u00f3lo para fines de investigaci\u00f3n.<\/p>\n<p>Nuestros productos tienen un precio justo y usted puede\u00a0<strong>comprar pirazolam<\/strong>\u00a0<strong>investigaci\u00f3n qu\u00edmica<\/strong>s en l\u00ednea a precios muy baratos.<\/p>\n<p>&nbsp;<\/p>\n<h3><strong>Pirazolam probado en laboratorio con resultados.<\/strong><\/h3>\n<p>Rehace avances hacia el cumplimiento general de sus clientes. Diferentes ex\u00e1menes han demostrado que los clientes solicitan tanta informaci\u00f3n como esperan antes de comprar productos qu\u00edmicos de investigaci\u00f3n sint\u00e9ticos. Adem\u00e1s, publicamos todos los resultados de laboratorio de cada compuesto de prueba en un registro PDF.<\/p>\n<p>Nuestro\u00a0<strong>gr\u00e1nulos de pirazolam\u00a0<\/strong>cumple consistentemente con los ingredientes activos y puede ser visto por todos.<\/p>\n<p>Distribuimos todas las consecuencias de laboratorio de cada producto qu\u00edmico de investigaci\u00f3n en un documento PDF.<\/p>\n<p>&nbsp;<\/p>\n<h3><strong>Ordene de forma segura de pirazolam.<\/strong><\/h3>\n<p>Los productos qu\u00edmicos de investigaci\u00f3n de dise\u00f1o TRRC SHOP son de excelente calidad y tienen un costo justo. Por lo tanto, cuando solicita sus productos qu\u00edmicos de investigaci\u00f3n en TRRC SHOP, le garantizamos que transmitiremos su solicitud a su laboratorio de investigaci\u00f3n de forma r\u00e1pida y segura, ya que la venta de productos qu\u00edmicos de investigaci\u00f3n siempre est\u00e1 disponible en TRRC SHOP.<\/p>\n<p>Solicitar compuestos de investigaci\u00f3n sint\u00e9ticos con Bitcoin o transferencia bancaria es sencillo en TRRC SHOP.<\/p>\n<p>Enviamos productos qu\u00edmicos de investigaci\u00f3n el mismo d\u00eda laborable si el pago se recibe antes de las 15:00 CEST.<\/p>\n<p>\u00a1No suministramos art\u00edculos a personas menores de 18 a\u00f1os!<\/p>\n<p><strong>Pirazolam a la venta<\/strong>\u00a0es s\u00f3lo para fines de investigaci\u00f3n.<\/p>\n<p>&nbsp;<\/p>\n<h3><strong>Env\u00edo discreto de productos qu\u00edmicos de investigaci\u00f3n.<\/strong><\/h3>\n<p>TRRC SHOP empaquetar\u00e1 su pedido de forma segura para garantizar un transporte adecuado. Adem\u00e1s, empaquetamos con perfecto sigilo y en el exterior no se mostrar\u00e1 ninguna se\u00f1al de lo que podr\u00eda haber dentro.<\/p>","protected":false},"excerpt":{"rendered":"<p><strong>Forma: <\/strong>bolitas<\/p>\n<p><strong>An\u00e1lisis de RMN: <\/strong>N \/ A<\/p>","protected":false},"featured_media":8670,"comment_status":"open","ping_status":"closed","template":"","meta":[],"product_brand":[],"product_cat":[93],"product_tag":[],"class_list":{"0":"post-8643","1":"product","2":"type-product","3":"status-publish","4":"has-post-thumbnail","6":"product_cat-order-pills-online","8":"first","9":"instock","10":"shipping-taxable","11":"purchasable","12":"product-type-variable"},"jetpack_sharing_enabled":true,"_links":{"self":[{"href":"https:\/\/rezeptfrei-apotheke.net\/es\/wp-json\/wp\/v2\/product\/8643","targetHints":{"allow":["GET"]}}],"collection":[{"href":"https:\/\/rezeptfrei-apotheke.net\/es\/wp-json\/wp\/v2\/product"}],"about":[{"href":"https:\/\/rezeptfrei-apotheke.net\/es\/wp-json\/wp\/v2\/types\/product"}],"replies":[{"embeddable":true,"href":"https:\/\/rezeptfrei-apotheke.net\/es\/wp-json\/wp\/v2\/comments?post=8643"}],"wp:featuredmedia":[{"embeddable":true,"href":"https:\/\/rezeptfrei-apotheke.net\/es\/wp-json\/wp\/v2\/media\/8670"}],"wp:attachment":[{"href":"https:\/\/rezeptfrei-apotheke.net\/es\/wp-json\/wp\/v2\/media?parent=8643"}],"wp:term":[{"taxonomy":"product_brand","embeddable":true,"href":"https:\/\/rezeptfrei-apotheke.net\/es\/wp-json\/wp\/v2\/product_brand?post=8643"},{"taxonomy":"product_cat","embeddable":true,"href":"https:\/\/rezeptfrei-apotheke.net\/es\/wp-json\/wp\/v2\/product_cat?post=8643"},{"taxonomy":"product_tag","embeddable":true,"href":"https:\/\/rezeptfrei-apotheke.net\/es\/wp-json\/wp\/v2\/product_tag?post=8643"}],"curies":[{"name":"wp","href":"https:\/\/api.w.org\/{rel}","templated":true}]}}