{"id":8649,"date":"2023-10-21T10:58:58","date_gmt":"2023-10-21T10:58:58","guid":{"rendered":"https:\/\/rezeptfrei-apotheke.net\/?post_type=product&#038;p=8649"},"modified":"2023-10-31T08:46:11","modified_gmt":"2023-10-31T08:46:11","slug":"2-fea-pellets-60mg","status":"publish","type":"product","link":"https:\/\/rezeptfrei-apotheke.net\/es\/product\/2-fea-pellets-60mg\/","title":{"rendered":"Gr\u00e1nulos de 2-FEA 60 mg"},"content":{"rendered":"<h2><strong>COMPRAR 2-FEA\/3-FEA<\/strong><\/h2>\n<p>3Phoria es una sustancia qu\u00edmica de investigaci\u00f3n que consiste en una cuidadosa mezcla de 2-FEA y 3-FEA. Seg\u00fan informes cient\u00edficos, 2\/3-FEA produce los siguientes resultados estimulantes cl\u00e1sicos:<\/p>\n<p>El 2-FEA es un estimulante del tipo de las anfetaminas y est\u00e1 estrechamente relacionado con el 2-FMA, tambi\u00e9n conocido como 2-fluorotanfetamina. Los resultados despu\u00e9s de la investigaci\u00f3n cient\u00edfica del 2-FEA son diferentes est\u00edmulos y euforia. El 2-FEA, en teor\u00eda, aumenta eficazmente los niveles de monoamina, neurotransmisores, dopamina, norepinefrina y serotonina.<\/p>\n<p>3-FEA Tambi\u00e9n conocido como 3-fluorometanfetamina es un compuesto fluorado de la familia de las anfetaminas. Los informes de investigaci\u00f3n han caracterizado al 3-FEA como un liberador triple de monoaminas con predominio de serotonina moderadamente potente que produce una mezcla de resultados entact\u00f3genos y ligeramente estimulantes en sujetos de prueba.<\/p>\n<p>&nbsp;<\/p>\n<h2><strong>\u00bfC\u00d3MO UTILIZAR PELLETS 2-FEA\/3-FEA (3PHORIA)?<\/strong><\/h2>\n<p>Gr\u00e1nulos de 2\/3-FEA comprimidos en 160 mg de gr\u00e1nulos de alta calidad para todas sus necesidades de investigaci\u00f3n. Guarde los gr\u00e1nulos en un lugar seco y fresco para maximizar su vida \u00fatil. La proporci\u00f3n de cada gr\u00e1nulo es de 40 mg de 2-FEA a 120 mg de 3-FEA. Almacene en un lugar seco y fresco para una m\u00e1xima vida \u00fatil. Al manipular productos qu\u00edmicos de investigaci\u00f3n, aseg\u00farese de tomar siempre las precauciones adecuadas en el laboratorio, como limpiar las superficies y usar guantes, mascarilla y ropa protectora.<\/p>\n<p>&nbsp;<\/p>\n<h2><strong>DEFINICI\u00d3N 2-FEA\/3-FEA (3PHORIA)<\/strong><\/h2>\n<p>La definici\u00f3n de 2-FEA\/3FEA (3foria) se conoce oficialmente como 2-fluoroetanfetamina y 3-fluoroetanfetamina, ambas anfetaminas sint\u00e9ticas fuertes. La 2-fluoroetanfetamina y la 3-fluoroetanfetamina est\u00e1n relacionadas estructuralmente con una serie de anfetaminas fluoradas sustituidas que originalmente inclu\u00edan compuestos como 2-FA, 3-FA, 4-FA, 2-FMA y 4-FMA.<\/p>\n<p>&nbsp;<\/p>\n<h2><strong>INFORMACI\u00d3N ANTECEDENTE DE QU\u00cdMICA 2-FEA\/3-FEA (3PHORIA)<\/strong><\/h2>\n<p>2-FEA\/3-FEA son una mol\u00e9cula sint\u00e9tica de la clase de las anfetaminas. Las mol\u00e9culas de esta clase contienen un n\u00facleo de fenetilamina. Este n\u00facleo est\u00e1 compuesto por un anillo de fenilo unido a un grupo amino a trav\u00e9s de una cadena de etilo sustituida con un grupo metilo (es decir, las anfetaminas son fenetilaminas alfa-metiladas). El 3-FEA en espec\u00edfico es el an\u00e1logo fluorado de 3 posiciones de la etilanfetamina, tambi\u00e9n conocida como etanfetamina. Tiene similitudes estructurales con la fenfluramina 3-FA. Este compuesto tiene una historia de investigaci\u00f3n cient\u00edfica extremadamente corta y es relativamente nuevo en el mercado de productos qu\u00edmicos de investigaci\u00f3n. Por lo tanto, se recomienda encarecidamente utilizar pr\u00e1cticas de reducci\u00f3n de da\u00f1os si se utiliza esta sustancia.<\/p>\n<p>&nbsp;<\/p>\n<h2><strong>D\u00d3NDE COMPRAR 2-FEA\/3-FEA (3PHORIA)<\/strong><\/h2>\n<p>2-FEA\/3FEA (3phoria) se puede comprar aqu\u00ed en el <a href=\"https:\/\/rezeptfrei-apotheke.net\/es\/\">Rchemsho<\/a>p sitio web. Vendemos 2-FEA\/3FEA (3phoria) de primera calidad, normalmente en gr\u00e1nulos. Sin embargo, a menudo tenemos otras formas de sustancia disponibles, as\u00ed que no dude en contactarnos para ver si tenemos en stock su forma de sustancia preferida. Debe tener al menos 18 a\u00f1os para comprarnos 2-FEA\/3FEA (3phoria).<\/p>","protected":false},"excerpt":{"rendered":"<p><strong>Nombre IUPAC: <\/strong>N-etil-2-fluoro-\u03b1-metil-bencenoetanamina, monoclorhidrato<\/p>\n<p><strong>CAS # <\/strong>3871-89-4<\/p>\n<p><strong>Apariencia: <\/strong>bolitas<\/p>\n<p><strong>An\u00e1lisis de RMN: <\/strong>n \/ A<\/p>","protected":false},"featured_media":8707,"comment_status":"open","ping_status":"closed","template":"","meta":[],"product_brand":[],"product_cat":[93],"product_tag":[],"class_list":{"0":"post-8649","1":"product","2":"type-product","3":"status-publish","4":"has-post-thumbnail","6":"product_cat-order-pills-online","8":"first","9":"instock","10":"shipping-taxable","11":"purchasable","12":"product-type-variable"},"jetpack_sharing_enabled":true,"_links":{"self":[{"href":"https:\/\/rezeptfrei-apotheke.net\/es\/wp-json\/wp\/v2\/product\/8649","targetHints":{"allow":["GET"]}}],"collection":[{"href":"https:\/\/rezeptfrei-apotheke.net\/es\/wp-json\/wp\/v2\/product"}],"about":[{"href":"https:\/\/rezeptfrei-apotheke.net\/es\/wp-json\/wp\/v2\/types\/product"}],"replies":[{"embeddable":true,"href":"https:\/\/rezeptfrei-apotheke.net\/es\/wp-json\/wp\/v2\/comments?post=8649"}],"wp:featuredmedia":[{"embeddable":true,"href":"https:\/\/rezeptfrei-apotheke.net\/es\/wp-json\/wp\/v2\/media\/8707"}],"wp:attachment":[{"href":"https:\/\/rezeptfrei-apotheke.net\/es\/wp-json\/wp\/v2\/media?parent=8649"}],"wp:term":[{"taxonomy":"product_brand","embeddable":true,"href":"https:\/\/rezeptfrei-apotheke.net\/es\/wp-json\/wp\/v2\/product_brand?post=8649"},{"taxonomy":"product_cat","embeddable":true,"href":"https:\/\/rezeptfrei-apotheke.net\/es\/wp-json\/wp\/v2\/product_cat?post=8649"},{"taxonomy":"product_tag","embeddable":true,"href":"https:\/\/rezeptfrei-apotheke.net\/es\/wp-json\/wp\/v2\/product_tag?post=8649"}],"curies":[{"name":"wp","href":"https:\/\/api.w.org\/{rel}","templated":true}]}}