{"id":8675,"date":"2023-10-21T10:59:18","date_gmt":"2023-10-21T10:59:18","guid":{"rendered":"https:\/\/rezeptfrei-apotheke.net\/?post_type=product&#038;p=8675"},"modified":"2023-10-31T08:32:22","modified_gmt":"2023-10-31T08:32:22","slug":"2-fma-pellets-50mg","status":"publish","type":"product","link":"https:\/\/rezeptfrei-apotheke.net\/es\/product\/2-fma-pellets-50mg\/","title":{"rendered":"2-FMA gr\u00e1nulos 50 mg"},"content":{"rendered":"<p>La 2-FMA (2-fluorometanfetamina) es una sustancia qu\u00edmica estimulante que forma parte de la clase de las anfetaminas. 2-FMA produce sus efectos a trav\u00e9s de los receptores de dopamina y norepinefrina en el cerebro. Esta sustancia qu\u00edmica se compara con 2-FA, 4-MA y 3-FA y tambi\u00e9n es un an\u00e1logo estructural de la metanfetamina. Desde finales de la d\u00e9cada de 2000, este producto ha estado disponible en el mercado de Research Chemical y ahora es uno de nuestros estimulantes m\u00e1s populares. Informes anecd\u00f3ticos han dicho que los participantes exhibieron efectos de aumento de la libido, euforia f\u00edsica, distorsi\u00f3n del tiempo y mejora de la concentraci\u00f3n.<\/p>\n<p>*Descargo de responsabilidad: Nuestros productos NO est\u00e1n dise\u00f1ados para consumo humano sino S\u00d3LO para fines de investigaci\u00f3n. Se deben tomar precauciones de seguridad adecuadas al investigar estos qu\u00edmicos.*<\/p>","protected":false},"excerpt":{"rendered":"<p><strong>Nombre IUPAC:<\/strong><\/p>\n<p><strong>Apariencia: <\/strong>bolitas<\/p>\n<p><strong>An\u00e1lisis de RMN: <\/strong>N \/ A<\/p>","protected":false},"featured_media":8711,"comment_status":"open","ping_status":"closed","template":"","meta":[],"product_brand":[],"product_cat":[93],"product_tag":[],"class_list":{"0":"post-8675","1":"product","2":"type-product","3":"status-publish","4":"has-post-thumbnail","6":"product_cat-order-pills-online","8":"first","9":"instock","10":"shipping-taxable","11":"purchasable","12":"product-type-variable"},"jetpack_sharing_enabled":true,"_links":{"self":[{"href":"https:\/\/rezeptfrei-apotheke.net\/es\/wp-json\/wp\/v2\/product\/8675","targetHints":{"allow":["GET"]}}],"collection":[{"href":"https:\/\/rezeptfrei-apotheke.net\/es\/wp-json\/wp\/v2\/product"}],"about":[{"href":"https:\/\/rezeptfrei-apotheke.net\/es\/wp-json\/wp\/v2\/types\/product"}],"replies":[{"embeddable":true,"href":"https:\/\/rezeptfrei-apotheke.net\/es\/wp-json\/wp\/v2\/comments?post=8675"}],"wp:featuredmedia":[{"embeddable":true,"href":"https:\/\/rezeptfrei-apotheke.net\/es\/wp-json\/wp\/v2\/media\/8711"}],"wp:attachment":[{"href":"https:\/\/rezeptfrei-apotheke.net\/es\/wp-json\/wp\/v2\/media?parent=8675"}],"wp:term":[{"taxonomy":"product_brand","embeddable":true,"href":"https:\/\/rezeptfrei-apotheke.net\/es\/wp-json\/wp\/v2\/product_brand?post=8675"},{"taxonomy":"product_cat","embeddable":true,"href":"https:\/\/rezeptfrei-apotheke.net\/es\/wp-json\/wp\/v2\/product_cat?post=8675"},{"taxonomy":"product_tag","embeddable":true,"href":"https:\/\/rezeptfrei-apotheke.net\/es\/wp-json\/wp\/v2\/product_tag?post=8675"}],"curies":[{"name":"wp","href":"https:\/\/api.w.org\/{rel}","templated":true}]}}