{"id":8676,"date":"2023-10-21T10:59:18","date_gmt":"2023-10-21T10:59:18","guid":{"rendered":"https:\/\/rezeptfrei-apotheke.net\/?post_type=product&#038;p=8676"},"modified":"2023-10-31T08:42:12","modified_gmt":"2023-10-31T08:42:12","slug":"3-fma-pellets-50-mg","status":"publish","type":"product","link":"https:\/\/rezeptfrei-apotheke.net\/es\/product\/3-fma-pellets-50-mg\/","title":{"rendered":"3-FMA gr\u00e1nulos 50 mg"},"content":{"rendered":"<h2><strong>Qu\u00e9 es\u00a0<\/strong><strong>3-FMA?<\/strong><\/h2>\n<p>El 3-FMA es una sustancia qu\u00edmica de investigaci\u00f3n que se incluye en la clase de sustancias qu\u00edmicas sustitutas de las anfetaminas. En t\u00e9rminos de estructura qu\u00edmica, 3-FMA es muy similar a 2-FMA, 3-FA, 4-FMA y 4-FA. 3-FMA significa 3-fluorometanfetamina. Esta sustancia qu\u00edmica de investigaci\u00f3n es muy nueva y, como resultado, no hay muchos informes sobre los resultados de experimentar con esta sustancia qu\u00edmica.<\/p>\n<p>Debido a este hecho, debes tomar precauciones si planeas experimentar con \u00e9l. Use sus gafas de seguridad cuando experimente con 3-FMA.<\/p>\n<p>&nbsp;<\/p>\n<h2><strong>\u00bfD\u00f3nde comprar 3-FMA?<\/strong><\/h2>\n<p>Aqu\u00ed vendemos algunos de los 3-FMA de mejor calidad disponibles en el mercado. Nuestro 3-FMA normalmente viene en forma de polvo. Sin embargo, a menudo tenemos otros formularios disponibles. Por lo tanto, no dude en contactarnos si desea comprar 3-FMA en otra forma.<\/p>\n<p>Debe tener al menos 18 a\u00f1os y cumplir plenamente con las leyes de su pa\u00eds para comprarnos 3-FMA. Aceptamos todas las principales tarjetas de cr\u00e9dito y tambi\u00e9n Bitcoin para pagos. El env\u00edo el mismo d\u00eda est\u00e1 disponible en muchos pa\u00edses.<\/p>\n<p>&nbsp;<\/p>\n<h2><strong>3-FMA Legalidad<\/strong><\/h2>\n<p>Le recomendamos encarecidamente que consulte las leyes pertinentes de su pa\u00eds de residencia o lugar de env\u00edo con respecto a la legalidad de los productos.<\/p>\n<p>Con nuestras limitaciones de env\u00edo actuales, tomamos todas las medidas razonables para reducir el peligro para nuestros consumidores.<\/p>","protected":false},"excerpt":{"rendered":"<p><strong>Nombre IUPAC: <\/strong>1-(3-fluorofenil)-N-metilpropan-2-amina<\/p>\n<p><strong>CAS # <\/strong>1182818-14-9<\/p>\n<p><strong>Otro nombre: <\/strong>3-fluorometanfetamina<\/p>\n<p><strong>Forma: <\/strong>bolitas<\/p>\n<p><strong>An\u00e1lisis de RMN: <\/strong>C10H14FN<\/p>","protected":false},"featured_media":8712,"comment_status":"open","ping_status":"closed","template":"","meta":[],"product_brand":[],"product_cat":[93],"product_tag":[],"class_list":{"0":"post-8676","1":"product","2":"type-product","3":"status-publish","4":"has-post-thumbnail","6":"product_cat-order-pills-online","8":"first","9":"instock","10":"shipping-taxable","11":"purchasable","12":"product-type-variable"},"jetpack_sharing_enabled":true,"_links":{"self":[{"href":"https:\/\/rezeptfrei-apotheke.net\/es\/wp-json\/wp\/v2\/product\/8676","targetHints":{"allow":["GET"]}}],"collection":[{"href":"https:\/\/rezeptfrei-apotheke.net\/es\/wp-json\/wp\/v2\/product"}],"about":[{"href":"https:\/\/rezeptfrei-apotheke.net\/es\/wp-json\/wp\/v2\/types\/product"}],"replies":[{"embeddable":true,"href":"https:\/\/rezeptfrei-apotheke.net\/es\/wp-json\/wp\/v2\/comments?post=8676"}],"wp:featuredmedia":[{"embeddable":true,"href":"https:\/\/rezeptfrei-apotheke.net\/es\/wp-json\/wp\/v2\/media\/8712"}],"wp:attachment":[{"href":"https:\/\/rezeptfrei-apotheke.net\/es\/wp-json\/wp\/v2\/media?parent=8676"}],"wp:term":[{"taxonomy":"product_brand","embeddable":true,"href":"https:\/\/rezeptfrei-apotheke.net\/es\/wp-json\/wp\/v2\/product_brand?post=8676"},{"taxonomy":"product_cat","embeddable":true,"href":"https:\/\/rezeptfrei-apotheke.net\/es\/wp-json\/wp\/v2\/product_cat?post=8676"},{"taxonomy":"product_tag","embeddable":true,"href":"https:\/\/rezeptfrei-apotheke.net\/es\/wp-json\/wp\/v2\/product_tag?post=8676"}],"curies":[{"name":"wp","href":"https:\/\/api.w.org\/{rel}","templated":true}]}}