{"id":8683,"date":"2023-10-21T10:59:19","date_gmt":"2023-10-21T10:59:19","guid":{"rendered":"https:\/\/rezeptfrei-apotheke.net\/?post_type=product&#038;p=8683"},"modified":"2023-10-30T21:55:34","modified_gmt":"2023-10-30T21:55:34","slug":"3-fpm-pellets-60mg","status":"publish","type":"product","link":"https:\/\/rezeptfrei-apotheke.net\/es\/product\/3-fpm-pellets-60mg\/","title":{"rendered":"Gr\u00e1nulos de 3 FPM 60 mg"},"content":{"rendered":"<h2><strong>\u00bfQu\u00e9 es 3 FPM?<\/strong><\/h2>\n<p>3-FPM es la abreviatura de 3-fluorofenmetrazina. 3-FPM es una sustancia qu\u00edmica de investigaci\u00f3n que tiene fuertes propiedades estimulantes. El 3-FPM pertenece a la clase de sustancias qu\u00edmicas fenolmorfolina. Generalmente se considera que los resultados experimentales del 3-FPM son muy similares y casi id\u00e9nticos a los de la anfetamina. Los resultados experimentales del 3-FPM a menudo se describen como menos intensos que los de la anfetamina u otros estimulantes.<\/p>\n<h2><strong>\u00bfD\u00f3nde comprar 3 FPM?<\/strong><\/h2>\n<p>Aqu\u00ed en <a href=\"https:\/\/rezeptfrei-apotheke.net\/es\/\">Rchemshop<\/a> Tenemos a la venta 3-FPM de muy alta calidad. Nuestro 3-FPM est\u00e1 disponible en forma de polvo y gr\u00e1nulos. Entonces, independientemente del estado qu\u00edmico que prefiera entre estas dos opciones, lo tenemos cubierto.<\/p>\n<p>El 3-FPM que tenemos disponible para la venta est\u00e1 destinado \u00fanicamente a fines de investigaci\u00f3n. No est\u00e1 dise\u00f1ado para uso interno. Tambi\u00e9n debe ser mayor de 18 a\u00f1os para comprarnos 3-FPM y cumplir plenamente con las leyes de su pa\u00eds.<\/p>\n<h2><strong>Estado legal de 3 FPM<\/strong><\/h2>\n<p>Es ilegal comprar, vender o poseer 3-FPM en Israel, Suiza y los Estados Unidos. En el Reino Unido, se considera un an\u00e1logo de la fenmetrazina, que es un f\u00e1rmaco de la lista II cuando se utiliza para consumo humano.<\/p>","protected":false},"excerpt":{"rendered":"<p><strong>Nombre IUPAC: <\/strong>Monoclorhidrato de 2-(3-fluorofenil)-3-metilmorfolina<\/p>\n<p><strong>CAS # <\/strong>1803562-83-5<\/p>\n<p><strong>Otro nombre: <\/strong>3-fluorofenmetrazina (clorhidrato)<\/p>\n<p><strong>Apariencia: <\/strong>bolitas<\/p>\n<p><strong>An\u00e1lisis de RMN: <\/strong>C11H14FNO \u2022 HCl<\/p>","protected":false},"featured_media":8736,"comment_status":"open","ping_status":"closed","template":"","meta":[],"product_brand":[],"product_cat":[93],"product_tag":[],"class_list":{"0":"post-8683","1":"product","2":"type-product","3":"status-publish","4":"has-post-thumbnail","6":"product_cat-order-pills-online","8":"first","9":"instock","10":"shipping-taxable","11":"purchasable","12":"product-type-variable"},"jetpack_sharing_enabled":true,"_links":{"self":[{"href":"https:\/\/rezeptfrei-apotheke.net\/es\/wp-json\/wp\/v2\/product\/8683","targetHints":{"allow":["GET"]}}],"collection":[{"href":"https:\/\/rezeptfrei-apotheke.net\/es\/wp-json\/wp\/v2\/product"}],"about":[{"href":"https:\/\/rezeptfrei-apotheke.net\/es\/wp-json\/wp\/v2\/types\/product"}],"replies":[{"embeddable":true,"href":"https:\/\/rezeptfrei-apotheke.net\/es\/wp-json\/wp\/v2\/comments?post=8683"}],"wp:featuredmedia":[{"embeddable":true,"href":"https:\/\/rezeptfrei-apotheke.net\/es\/wp-json\/wp\/v2\/media\/8736"}],"wp:attachment":[{"href":"https:\/\/rezeptfrei-apotheke.net\/es\/wp-json\/wp\/v2\/media?parent=8683"}],"wp:term":[{"taxonomy":"product_brand","embeddable":true,"href":"https:\/\/rezeptfrei-apotheke.net\/es\/wp-json\/wp\/v2\/product_brand?post=8683"},{"taxonomy":"product_cat","embeddable":true,"href":"https:\/\/rezeptfrei-apotheke.net\/es\/wp-json\/wp\/v2\/product_cat?post=8683"},{"taxonomy":"product_tag","embeddable":true,"href":"https:\/\/rezeptfrei-apotheke.net\/es\/wp-json\/wp\/v2\/product_tag?post=8683"}],"curies":[{"name":"wp","href":"https:\/\/api.w.org\/{rel}","templated":true}]}}