{"id":8684,"date":"2023-10-21T10:59:19","date_gmt":"2023-10-21T10:59:19","guid":{"rendered":"https:\/\/rezeptfrei-apotheke.net\/?post_type=product&#038;p=8684"},"modified":"2023-10-30T21:59:22","modified_gmt":"2023-10-30T21:59:22","slug":"2-3-fea-pellets-50mg-125mg","status":"publish","type":"product","link":"https:\/\/rezeptfrei-apotheke.net\/es\/product\/2-3-fea-pellets-50mg-125mg\/","title":{"rendered":"Gr\u00e1nulos de 2\/3-FEA 50 mg\/125 mg"},"content":{"rendered":"<p>Quieres\u00a0<strong>comprar polvo 3-FEA<\/strong>, 3-fluoroetanfetamina? \u00a1Entonces has venido al lugar correcto! Todos los productos qu\u00edmicos de investigaci\u00f3n de nuestra tienda web est\u00e1n probados en laboratorio y son de la m\u00e1s pura calidad. Los pedidos se empaquetan discretamente y se env\u00edan en un plazo de 24 horas. Adem\u00e1s, puedes pagar de forma segura y r\u00e1pida mediante Bitcoin y criptomonedas.<\/p>\n<h3>\u00bfD\u00f3nde puedo comprar 3-FEA?<\/h3>\n<p>En nuestra tienda web puedes encontrar todos tus\u00a0<strong>productos qu\u00edmicos de investigaci\u00f3n<\/strong>\u00a0y aqu\u00ed tambi\u00e9n puedes pedir 3-FEA de la mejor calidad.<\/p>\n<p>Esta sustancia est\u00e1 destinada \u00fanicamente para uso en laboratorio.<\/p>\n<p>Aseg\u00farese siempre de tomar las precauciones de seguridad adecuadas. Por ejemplo, recuerde cubrirse la piel expuesta y usar gafas de seguridad.<\/p>\n<p><em><strong>Tenga en cuenta:<\/strong>\u00a0Al igual que otros productos qu\u00edmicos de investigaci\u00f3n, el 3-FEA solo est\u00e1 destinado a fines de investigaci\u00f3n y en absoluto debe ser consumido por humanos, animales u otros organismos vivos.<\/em><\/p>\n<p>Gu\u00e1rdelo en un lugar seco y fresco para maximizar su vida \u00fatil.<\/p>","protected":false},"excerpt":{"rendered":"<p><strong>Nombre IUPAC: <\/strong>nulo<\/p>\n<p><strong>CAS # <\/strong>3871-89-4 \/ 54982-43-3<\/p>\n<p><strong>Otro nombre: <\/strong>2-fluoroetilanfetamina\/3-fluoroetilanfetamina<\/p>\n<p><strong>Apariencia: <\/strong>Pellets<\/p>\n<p><strong>Forma: <\/strong>bolitas<\/p>\n<p><strong>An\u00e1lisis de RMN: <\/strong>N \/ A<\/p>","protected":false},"featured_media":8737,"comment_status":"open","ping_status":"closed","template":"","meta":[],"product_brand":[],"product_cat":[93],"product_tag":[],"class_list":{"0":"post-8684","1":"product","2":"type-product","3":"status-publish","4":"has-post-thumbnail","6":"product_cat-order-pills-online","8":"first","9":"instock","10":"shipping-taxable","11":"purchasable","12":"product-type-variable"},"jetpack_sharing_enabled":true,"_links":{"self":[{"href":"https:\/\/rezeptfrei-apotheke.net\/es\/wp-json\/wp\/v2\/product\/8684","targetHints":{"allow":["GET"]}}],"collection":[{"href":"https:\/\/rezeptfrei-apotheke.net\/es\/wp-json\/wp\/v2\/product"}],"about":[{"href":"https:\/\/rezeptfrei-apotheke.net\/es\/wp-json\/wp\/v2\/types\/product"}],"replies":[{"embeddable":true,"href":"https:\/\/rezeptfrei-apotheke.net\/es\/wp-json\/wp\/v2\/comments?post=8684"}],"wp:featuredmedia":[{"embeddable":true,"href":"https:\/\/rezeptfrei-apotheke.net\/es\/wp-json\/wp\/v2\/media\/8737"}],"wp:attachment":[{"href":"https:\/\/rezeptfrei-apotheke.net\/es\/wp-json\/wp\/v2\/media?parent=8684"}],"wp:term":[{"taxonomy":"product_brand","embeddable":true,"href":"https:\/\/rezeptfrei-apotheke.net\/es\/wp-json\/wp\/v2\/product_brand?post=8684"},{"taxonomy":"product_cat","embeddable":true,"href":"https:\/\/rezeptfrei-apotheke.net\/es\/wp-json\/wp\/v2\/product_cat?post=8684"},{"taxonomy":"product_tag","embeddable":true,"href":"https:\/\/rezeptfrei-apotheke.net\/es\/wp-json\/wp\/v2\/product_tag?post=8684"}],"curies":[{"name":"wp","href":"https:\/\/api.w.org\/{rel}","templated":true}]}}