{"id":8685,"date":"2023-10-21T10:59:19","date_gmt":"2023-10-21T10:59:19","guid":{"rendered":"https:\/\/rezeptfrei-apotheke.net\/?post_type=product&#038;p=8685"},"modified":"2023-10-30T21:51:48","modified_gmt":"2023-10-30T21:51:48","slug":"4-ho-mipt-pellets-20mg","status":"publish","type":"product","link":"https:\/\/rezeptfrei-apotheke.net\/es\/product\/4-ho-mipt-pellets-20mg\/","title":{"rendered":"Gr\u00e1nulos de 4-HO-MIPT 20 mg"},"content":{"rendered":"<h2><strong>\u00bfQu\u00e9 es el 4-HO-MiPT?<\/strong><\/h2>\n<p>4-HO-MiPT es la abreviatura de 4-hidroxi-N-metil-N-isopropiltriptamina. Esta sustancia pertenece a la clase de sustancias qu\u00edmicas triptaminas. Es muy similar a la psilocina, que es el ingrediente activo de las setas m\u00e1gicas. Al igual que la psilocina, se sabe que el 4-HO-MiPT produce hallazgos psicod\u00e9licos durante experimentos de investigaci\u00f3n de laboratorio.<\/p>\n<p>La 4-HO-MiPT est\u00e1 ganando popularidad y se est\u00e1 convirtiendo en una de las triptaminas sint\u00e9ticas m\u00e1s comunes utilizadas por los investigadores qu\u00edmicos.<\/p>\n<p>&nbsp;<\/p>\n<h2><strong>\u00bfD\u00f3nde comprar 4-HO-MiPT?<\/strong><\/h2>\n<p>Vendemos 4-HO-MiPT de alta calidad aqu\u00ed en Chemical Planet. Ofrecemos este qu\u00edmico de investigaci\u00f3n en forma de polvo de hcl o fumarato, que es perfecto para experimentos de laboratorio. Sin embargo, si lo prefiere en una forma diferente, puede contactarnos para ver cu\u00e1ndo tendremos otro formulario disponible.<\/p>\n<p>Debes tener al menos 18 a\u00f1os para comprar nuestro 4-HO-MiPT. Adem\u00e1s, debe cumplir plenamente con las leyes de su naci\u00f3n. Nuestro 4-HO-MiPT no est\u00e1 dise\u00f1ado para uso humano o animal. Es s\u00f3lo para fines de investigaci\u00f3n.<\/p>\n<p>&nbsp;<\/p>\n<h2><strong>4-HO-MiPT Legalidad<\/strong><\/h2>\n<p>4-HO-MiPT es ilegal en Brasil y Suecia. En el Reino Unido est\u00e1 clasificado como medicamento de Clase A. En Estados Unidos no est\u00e1 programado. Sin embargo, a menudo se la considera un an\u00e1logo de la psilocina. Por lo tanto, las personas que posean o vendan 4-HO-MiPT podr\u00edan ser procesadas en virtud de la Ley Federal de An\u00e1logos.<\/p>\n<p><strong>Medidas experimentales<\/strong>: Como ocurre con la mayor\u00eda de los 4-hidroxi, debe asegurarse de que su laboratorio tenga escalas de miligramos funcionales o la capacidad de cuantificaci\u00f3n volum\u00e9trica. Esto es especialmente crucial con 4-AcO-MiPT ya que los niveles de reactividad comienzan desde 5 mg.<\/p>","protected":false},"excerpt":{"rendered":"<p><strong>Nombre IUPAC: <\/strong>3-(2-[isopropil (metil)amino]etil)-1H-indol-4-ol<\/p>\n<p><strong>Otro nombre: <\/strong>4-hidroxi-N-metil-N-isopropiltriptamina<\/p>\n<p><strong>Forma: <\/strong>bolitas<\/p>\n<p><strong>An\u00e1lisis de RMN: <\/strong>N \/ A<\/p>","protected":false},"featured_media":8738,"comment_status":"open","ping_status":"closed","template":"","meta":[],"product_brand":[],"product_cat":[93],"product_tag":[],"class_list":{"0":"post-8685","1":"product","2":"type-product","3":"status-publish","4":"has-post-thumbnail","6":"product_cat-order-pills-online","8":"first","9":"instock","10":"shipping-taxable","11":"purchasable","12":"product-type-variable"},"jetpack_sharing_enabled":true,"_links":{"self":[{"href":"https:\/\/rezeptfrei-apotheke.net\/es\/wp-json\/wp\/v2\/product\/8685","targetHints":{"allow":["GET"]}}],"collection":[{"href":"https:\/\/rezeptfrei-apotheke.net\/es\/wp-json\/wp\/v2\/product"}],"about":[{"href":"https:\/\/rezeptfrei-apotheke.net\/es\/wp-json\/wp\/v2\/types\/product"}],"replies":[{"embeddable":true,"href":"https:\/\/rezeptfrei-apotheke.net\/es\/wp-json\/wp\/v2\/comments?post=8685"}],"wp:featuredmedia":[{"embeddable":true,"href":"https:\/\/rezeptfrei-apotheke.net\/es\/wp-json\/wp\/v2\/media\/8738"}],"wp:attachment":[{"href":"https:\/\/rezeptfrei-apotheke.net\/es\/wp-json\/wp\/v2\/media?parent=8685"}],"wp:term":[{"taxonomy":"product_brand","embeddable":true,"href":"https:\/\/rezeptfrei-apotheke.net\/es\/wp-json\/wp\/v2\/product_brand?post=8685"},{"taxonomy":"product_cat","embeddable":true,"href":"https:\/\/rezeptfrei-apotheke.net\/es\/wp-json\/wp\/v2\/product_cat?post=8685"},{"taxonomy":"product_tag","embeddable":true,"href":"https:\/\/rezeptfrei-apotheke.net\/es\/wp-json\/wp\/v2\/product_tag?post=8685"}],"curies":[{"name":"wp","href":"https:\/\/api.w.org\/{rel}","templated":true}]}}