{"id":8686,"date":"2023-10-21T10:59:19","date_gmt":"2023-10-21T10:59:19","guid":{"rendered":"https:\/\/rezeptfrei-apotheke.net\/?post_type=product&#038;p=8686"},"modified":"2023-10-31T07:31:48","modified_gmt":"2023-10-31T07:31:48","slug":"4-ho-met-pellets-20mg","status":"publish","type":"product","link":"https:\/\/rezeptfrei-apotheke.net\/es\/product\/4-ho-met-pellets-20mg\/","title":{"rendered":"Gr\u00e1nulos de 4-HO-MET 20 mg"},"content":{"rendered":"<p>Ordene gr\u00e1nulos de 4-AcO-MET de 20 mg, 4-HO-MET (Metocina, Metilcibina o 4-hidroxi-<i>norte<\/i>-metilo-<i>norte<\/i>-etiltriptamina) es una sustancia qu\u00edmica de investigaci\u00f3n de la clase de las triptaminas con efectos psicod\u00e9licos. Esta sustancia qu\u00edmica de investigaci\u00f3n act\u00faa actuando sobre los receptores de serotonina que est\u00e1n presentes en el sistema nervioso central. Informes anecd\u00f3ticos sugieren que los resultados de este producto son casi id\u00e9nticos a los de la psilocina (el principal ingrediente activo de los hongos m\u00e1gicos). Esta sustancia qu\u00edmica de investigaci\u00f3n fue sintetizada por primera vez por Alexander Shulgin y documentada en su libro TiHKAL (Tryptamines I Have Known and Loved).<\/p>","protected":false},"excerpt":{"rendered":"<p><strong>Nombre IUPAC: <\/strong>3-(2-[isopropil (metil)amino]etil)-1H-indol-4-ol<\/p>\n<p><strong>Otro nombre: <\/strong>4-hidroxi-N-metil-N-isopropiltriptamina<\/p>\n<p><strong>Forma: <\/strong>bolitas<\/p>\n<p><strong>An\u00e1lisis de RMN: <\/strong>N \/ A<\/p>","protected":false},"featured_media":8739,"comment_status":"open","ping_status":"closed","template":"","meta":[],"product_brand":[],"product_cat":[93],"product_tag":[98,99,100,101,102,103],"class_list":{"0":"post-8686","1":"product","2":"type-product","3":"status-publish","4":"has-post-thumbnail","6":"product_cat-order-pills-online","7":"product_tag-4-aco-met-pellets-20mg","8":"product_tag-4-aco-with","9":"product_tag-4acomet","10":"product_tag-buy-tryptamines","11":"product_tag-pellets","12":"product_tag-tryptamine","14":"first","15":"instock","16":"shipping-taxable","17":"purchasable","18":"product-type-variable"},"jetpack_sharing_enabled":true,"_links":{"self":[{"href":"https:\/\/rezeptfrei-apotheke.net\/es\/wp-json\/wp\/v2\/product\/8686","targetHints":{"allow":["GET"]}}],"collection":[{"href":"https:\/\/rezeptfrei-apotheke.net\/es\/wp-json\/wp\/v2\/product"}],"about":[{"href":"https:\/\/rezeptfrei-apotheke.net\/es\/wp-json\/wp\/v2\/types\/product"}],"replies":[{"embeddable":true,"href":"https:\/\/rezeptfrei-apotheke.net\/es\/wp-json\/wp\/v2\/comments?post=8686"}],"wp:featuredmedia":[{"embeddable":true,"href":"https:\/\/rezeptfrei-apotheke.net\/es\/wp-json\/wp\/v2\/media\/8739"}],"wp:attachment":[{"href":"https:\/\/rezeptfrei-apotheke.net\/es\/wp-json\/wp\/v2\/media?parent=8686"}],"wp:term":[{"taxonomy":"product_brand","embeddable":true,"href":"https:\/\/rezeptfrei-apotheke.net\/es\/wp-json\/wp\/v2\/product_brand?post=8686"},{"taxonomy":"product_cat","embeddable":true,"href":"https:\/\/rezeptfrei-apotheke.net\/es\/wp-json\/wp\/v2\/product_cat?post=8686"},{"taxonomy":"product_tag","embeddable":true,"href":"https:\/\/rezeptfrei-apotheke.net\/es\/wp-json\/wp\/v2\/product_tag?post=8686"}],"curies":[{"name":"wp","href":"https:\/\/api.w.org\/{rel}","templated":true}]}}