{"id":8688,"date":"2023-10-21T10:59:19","date_gmt":"2023-10-21T10:59:19","guid":{"rendered":"https:\/\/rezeptfrei-apotheke.net\/?post_type=product&#038;p=8688"},"modified":"2023-10-31T07:35:07","modified_gmt":"2023-10-31T07:35:07","slug":"bk-2c-b-hcl","status":"publish","type":"product","link":"https:\/\/rezeptfrei-apotheke.net\/es\/product\/bk-2c-b-hcl\/","title":{"rendered":"HCl bk-2C-B"},"content":{"rendered":"<h2><strong>Informaci\u00f3n general sobre bk-2C-B HCL<\/strong><\/h2>\n<p><strong>HCl bk-2C-B<\/strong>\u00a0es un producto qu\u00edmico de investigaci\u00f3n planificador, m\u00e1s expl\u00edcitamente una catinona simple de la sustancia controlada 2C-B (2,5-dimetoxi-4-bromofenetilamina), que Alexander Shulgin incorpor\u00f3 por primera vez. Se desconoce qui\u00e9n sintetiz\u00f3 por primera vez bk-2C-B, pero ya estaba disponible a mediados de 2013 como producto qu\u00edmico de exploraci\u00f3n deportiva.<\/p>\n<p>Con el paso de los a\u00f1os, aparecieron algunos art\u00edculos que revelaban caracterizaciones anal\u00edticas de la sustancia. Se vende en sitios web y se denomina prueba sint\u00e9tica alucin\u00f3gena.<\/p>\n<p>Desde el 12 de octubre de 2016, el bk-2C-B se ha convertido en la sustancia controlada del Canad\u00e1 (Calendario III). Tambi\u00e9n es ilegal en Alemania, Suiza y el Reino Unificado.<\/p>\n<h3><strong>Composici\u00f3n qu\u00edmica de bk-2C-B HCL<\/strong><\/h3>\n<p>Su nombre convencional es 2-amino-1-(4-Bromo-2,5-dimetoxifenil)-etanona, monoclorhidrato, y su ecuaci\u00f3n subat\u00f3mica es C10H12BrNO3 \u2022 HCl.<\/p>\n<p>Bk-2C-B es una fenetilamina sustituida. Destaca los sustituyentes metoxi en R2 y R5 y bromo en R4. Un grupo de cetonas est\u00e1 disponible en la posici\u00f3n beta (\u03b2) del \u00fatil grupo de aminas asociado con el carbono alfa (\u03b1), lo que lleva a que su nombre muestre que es un simple primario de 2C-B. Debido a la \u00fatil combinaci\u00f3n de la cetona, a menudo se la denomina catinona sustituida.<\/p>\n<h3><strong>Farmacolog\u00eda bk-2C-B HCL<\/strong><\/h3>\n<p>Bk-2C-B probablemente act\u00faa como un agonista intermedio de 5-HT2A. Se cree que los efectos psicod\u00e9licos provienen de su viabilidad en los receptores 5-HT2A. Sin embargo, la funci\u00f3n de estas conexiones y c\u00f3mo provocan la experiencia psicod\u00e9lica sigue siendo dif\u00edcil de alcanzar.<\/p>\n<p>Bk-2C-B, o beta-ceto 2C-B, es una fenetilamina subtitulada que presenta un anillo de fenilo unido a un grupo amino (NH2) a trav\u00e9s de una cadena de etilo. Bk-2C-B contiene el dise\u00f1o de 2C-B recubierto con un grupo de cetonas en el carbono beta de la construcci\u00f3n (R1). Adem\u00e1s, bk-2C-B incluye grupos metoxi CH3O unidos a los carbonos R2 y R5 y una mol\u00e9cula de bromo unida al carbono R4 del anillo de fenilo.<\/p>\n<p>Bk-2C-B tiene un lugar con el grupo 2C de fenetilaminas que contienen grupos metoxi en las posiciones 2-5 del anillo de benceno.<\/p>\n<h3><strong>HCl bk-2C-B de alta calidad<\/strong><\/h3>\n<p><strong>Panacea qu\u00edmica<\/strong>\u00a0tiene muchos a\u00f1os de experiencia en la industria del dise\u00f1o de productos qu\u00edmicos de investigaci\u00f3n, lo que nos permite garantizar la m\u00e1s alta calidad de estos productos qu\u00edmicos de investigaci\u00f3n. El equipo de investigaci\u00f3n qu\u00edmica vende bk-2C-B HCL.\u00a0<strong>Productos qu\u00edmicos de investigaci\u00f3n<\/strong>, incluidos los HCL bk-2C-B, cumplen todos los requisitos de seguridad. Los productos qu\u00edmicos de investigaci\u00f3n se distribuyen y almacenan cuidadosamente en un lugar fresco y seco.<\/p>\n<p>Todos los productos se inspeccionan peri\u00f3dicamente para comprobar su calidad, pureza y seguridad. Mantenga siempre bk-2C-B HCL a temperatura ambiente y fuera del alcance de los ni\u00f1os y las mascotas. Nuestro bk-2C-B HCL no est\u00e1 dise\u00f1ado para uso personal. Es s\u00f3lo para fines de investigaci\u00f3n.<\/p>\n<p>\u00a1No debe mezclarse con alcohol ni productos qu\u00edmicos de investigaci\u00f3n al investigar este producto qu\u00edmico de investigaci\u00f3n!<\/p>\n<p>\u00a1Todos nuestros productos tienen un precio justo!<\/p>\n<h3><strong>bk-2C-B HCL probado en laboratorio con resultados.<\/strong><\/h3>\n<p>Rehace avances hacia el cumplimiento general de sus clientes. Diferentes ex\u00e1menes han demostrado que los clientes solicitan tanta informaci\u00f3n como esperan antes de comprar productos qu\u00edmicos de investigaci\u00f3n sint\u00e9ticos. Adem\u00e1s, publicamos todos los resultados de laboratorio de cada compuesto de prueba en un registro PDF.<\/p>\n<p>Nuestro\u00a0<strong>Polvo de HCl bk-2C-B<\/strong>\u00a0cumple constantemente con los ingredientes activos y puede ser visto f\u00e1cilmente por todos.<\/p>\n<p>Distribuimos todas las consecuencias de laboratorio de cada producto qu\u00edmico de investigaci\u00f3n en un documento PDF.<\/p>\n<h3><strong>Ordene de forma segura desde bk-2C-B HCL.<\/strong><\/h3>\n<p>Los productos qu\u00edmicos de investigaci\u00f3n de dise\u00f1o de Panacea Chems son de excelente calidad y tienen un costo justo. Por lo tanto, cuando solicita sus productos qu\u00edmicos de investigaci\u00f3n en Panacea Chems, le garantizamos que enviaremos su solicitud a su hogar de forma r\u00e1pida y segura, ya que la venta de productos qu\u00edmicos de investigaci\u00f3n siempre est\u00e1 disponible en Panacea Chems.<\/p>\n<p>Solicitar compuestos de investigaci\u00f3n sint\u00e9ticos con Bitcoin o transferencia bancaria es sencillo en Panacea Chems.<\/p>\n<p>Enviamos polvo de productos qu\u00edmicos de investigaci\u00f3n el mismo d\u00eda laborable si el pago se recibe antes de las 15:00 CEST.<\/p>\n<p>\u00a1No suministramos art\u00edculos a personas menores de 18 a\u00f1os!<\/p>\n<p>La venta de productos qu\u00edmicos de investigaci\u00f3n es s\u00f3lo para fines de investigaci\u00f3n.<\/p>\n<p>&nbsp;<\/p>\n<h3><strong>Env\u00edo discreto de productos qu\u00edmicos de investigaci\u00f3n.<\/strong><\/h3>\n<p>Panacea Chems empaquetar\u00e1 su pedido de forma segura para garantizar un transporte adecuado. Adem\u00e1s, empaquetamos con perfecto sigilo y en el exterior no se mostrar\u00e1 ninguna se\u00f1al de lo que podr\u00eda haber dentro.<\/p>\n<h3><strong>Precauciones<\/strong><\/h3>\n<ul>\n<li>Compre bk-2C-B HCL el equipo de protecci\u00f3n individual adecuado, como gafas y guantes. L\u00edmpielos y cu\u00eddelos adecuadamente. Siga sistemas seguros cuando manipule productos qu\u00edmicos de investigaci\u00f3n y no tome atajos.<\/li>\n<li>Si el producto qu\u00edmico de la investigaci\u00f3n entra en contacto con los ojos, enju\u00e1guelos bien y elimine las lentes de contacto si es necesario.<\/li>\n<li>Trate de usar una mascarilla mientras usa estos qu\u00edmicos para que no entren en su interior mientras respira.<\/li>\n<li>Como indican los m\u00e9todos admitidos, manipule, almacene y elimine de forma segura los materiales peligrosos. Nunca los viertas por alcantarillas o canales.<\/li>\n<li>Almacene los productos qu\u00edmicos de investigaci\u00f3n de manera adecuada, como se indica en sus nombres. Los productos qu\u00edmicos inflamables deben guardarse en cannabis seco y limpio, lejos de la intensidad y la luz solar. Algunos sint\u00e9ticos, como los \u00e1cidos, deben eliminarse independientemente unos de otros.<\/li>\n<li>Panacea Chems ofrecido con fines de investigaci\u00f3n; El consumo humano est\u00e1 totalmente prohibido.<\/li>\n<\/ul>","protected":false},"excerpt":{"rendered":"<p><strong>Nombre IUPAC:<\/strong><\/p>\n<p>Monoclorhidrato de 2-amino-1-(4-bromo-2,5-dimetoxifenil)-etanona<\/p>\n<p><strong>CAS #<\/strong><\/p>\n<p>807631-09-0<\/p>\n<p><strong>Otro nombre:<\/strong><\/p>\n<p>bk-4-bromo-2,5-dimetoxifenetilamina<\/p>\n<p><strong>Apariencia:<\/strong><\/p>\n<p>polvo<\/p>\n<p><strong>Forma:<\/strong><\/p>\n<p>clorhidrato<\/p>\n<p><strong>An\u00e1lisis de RMN:<\/strong><\/p>\n<p>C10H12BrNO3<\/p>","protected":false},"featured_media":8741,"comment_status":"open","ping_status":"closed","template":"","meta":[],"product_brand":[],"product_cat":[94],"product_tag":[],"class_list":{"0":"post-8688","1":"product","2":"type-product","3":"status-publish","4":"has-post-thumbnail","6":"product_cat-phenethylamine-derivatives","8":"first","9":"instock","10":"shipping-taxable","11":"purchasable","12":"product-type-variable"},"jetpack_sharing_enabled":true,"_links":{"self":[{"href":"https:\/\/rezeptfrei-apotheke.net\/es\/wp-json\/wp\/v2\/product\/8688","targetHints":{"allow":["GET"]}}],"collection":[{"href":"https:\/\/rezeptfrei-apotheke.net\/es\/wp-json\/wp\/v2\/product"}],"about":[{"href":"https:\/\/rezeptfrei-apotheke.net\/es\/wp-json\/wp\/v2\/types\/product"}],"replies":[{"embeddable":true,"href":"https:\/\/rezeptfrei-apotheke.net\/es\/wp-json\/wp\/v2\/comments?post=8688"}],"wp:featuredmedia":[{"embeddable":true,"href":"https:\/\/rezeptfrei-apotheke.net\/es\/wp-json\/wp\/v2\/media\/8741"}],"wp:attachment":[{"href":"https:\/\/rezeptfrei-apotheke.net\/es\/wp-json\/wp\/v2\/media?parent=8688"}],"wp:term":[{"taxonomy":"product_brand","embeddable":true,"href":"https:\/\/rezeptfrei-apotheke.net\/es\/wp-json\/wp\/v2\/product_brand?post=8688"},{"taxonomy":"product_cat","embeddable":true,"href":"https:\/\/rezeptfrei-apotheke.net\/es\/wp-json\/wp\/v2\/product_cat?post=8688"},{"taxonomy":"product_tag","embeddable":true,"href":"https:\/\/rezeptfrei-apotheke.net\/es\/wp-json\/wp\/v2\/product_tag?post=8688"}],"curies":[{"name":"wp","href":"https:\/\/api.w.org\/{rel}","templated":true}]}}