{"id":8689,"date":"2023-10-21T10:59:19","date_gmt":"2023-10-21T10:59:19","guid":{"rendered":"https:\/\/rezeptfrei-apotheke.net\/?post_type=product&#038;p=8689"},"modified":"2023-10-31T07:25:48","modified_gmt":"2023-10-31T07:25:48","slug":"%ce%b2h-2c-b-bohb","status":"publish","type":"product","link":"https:\/\/rezeptfrei-apotheke.net\/es\/product\/%ce%b2h-2c-b-bohb\/","title":{"rendered":"\u03b2H-2C-B (BOHB)"},"content":{"rendered":"<h2><strong>\u00bfQu\u00e9 es el \u00e1cido clorh\u00eddrico BK-2C-B?\u00a0<\/strong><\/h2>\n<p>\u03b2k-2C-B es un sustituto de la fenetilamina. En R2 y R5, tiene sustituyentes metoxi y R4 tiene bromo. El grupo amino funcional unido al carbono alfa (\u03b1) tiene un grupo cetona en la posici\u00f3n beta (\u03b2), lo que da origen a su nombre y sugiere que es un equivalente estructural de 2C-B. Con frecuencia se la denomina catinona sustituida debido al grupo funcional cetona.<\/p>\n<p>Varias 2,5-dimetoxifenetilamina tienen la posici\u00f3n cuatro del anillo arom\u00e1tico reemplazada. M\u00e1s espec\u00edficamente, es un an\u00e1logo de catinona de la sustancia qu\u00edmica 2C-B (2,5-dimetoxi-4-bromofenetilamina), que fue creada por primera vez por Alexander Shulgin.<\/p>\n<p>La reacci\u00f3n de Grignard con bromuro de metilmagnesio, la oxidaci\u00f3n, la bromaci\u00f3n, la reacci\u00f3n con hexametilentetramina y la hidr\u00f3lisis \u00e1cida constituyen la v\u00eda sint\u00e9tica. Un ataque nucleof\u00edlico primario al carbono cet\u00f3nico de la mol\u00e9cula inicial da como resultado un alcohol secundario como mecanismo para esta ruta sint\u00e9tica.<\/p>\n<h2><strong>Descargo de responsabilidad<\/strong><\/h2>\n<p>Bajo ninguna circunstancia se debe administrar este producto ni a personas ni a animales. Se vende \u00fanicamente para uso en investigaciones de laboratorio. Sugerimos tratar el material con cuidado. Si sucede algo malo, no seremos responsables de ning\u00fan control de da\u00f1os.<\/p>\n<h2><strong>\u00bfEs legal el BK-2C-B HCL?<\/strong><\/h2>\n<p>Antes de comprar BK-2C-B HCL, le recomendamos que consulte con las autoridades pertinentes en su \u00e1rea de residencia o destino del env\u00edo.<\/p>\n<p>Al emplear regulaciones estrictas en las ventas de este producto, nos aseguramos de que nuestros clientes tomen las medidas de seguridad necesarias para mantenerse en el lado correcto de la ley. Usted, como cliente, debe conocer las leyes de su \u00e1rea porque las regulaciones cambian continuamente. Cualquier problema legal que pueda surgir al comprar BK-2C-B HCL en su pa\u00eds no es nuestra responsabilidad.<\/p>\n<h2><strong>\u00bfD\u00f3nde comprar BK-2C-B HCL?<\/strong><\/h2>\n<p>Chemical Planet es uno de los principales minoristas y distribuidores de BK-2C-B HCL y otros productos qu\u00edmicos. S\u00f3lo nos dignificamos vendiendo productos qu\u00edmicos de alta calidad, incluidos los poco comunes. BK-2C-B HCL est\u00e1 disponible en polvo y se vende \u00fanicamente para uso en investigaci\u00f3n de laboratorio. S\u00f3lo las personas mayores de 18 a\u00f1os pueden comprarnos esta sustancia.<\/p>","protected":false},"excerpt":{"rendered":"<p><strong>Nombre IUPAC: <\/strong>Clorhidrato de 2,5-dimetoxi-beta-hidroxi-4-bromofenetilamina<\/p>\n<p><strong>Forma: <\/strong>polvo<\/p>","protected":false},"featured_media":8742,"comment_status":"open","ping_status":"closed","template":"","meta":[],"product_brand":[],"product_cat":[94],"product_tag":[],"class_list":{"0":"post-8689","1":"product","2":"type-product","3":"status-publish","4":"has-post-thumbnail","6":"product_cat-phenethylamine-derivatives","8":"first","9":"instock","10":"shipping-taxable","11":"purchasable","12":"product-type-variable"},"jetpack_sharing_enabled":true,"_links":{"self":[{"href":"https:\/\/rezeptfrei-apotheke.net\/es\/wp-json\/wp\/v2\/product\/8689","targetHints":{"allow":["GET"]}}],"collection":[{"href":"https:\/\/rezeptfrei-apotheke.net\/es\/wp-json\/wp\/v2\/product"}],"about":[{"href":"https:\/\/rezeptfrei-apotheke.net\/es\/wp-json\/wp\/v2\/types\/product"}],"replies":[{"embeddable":true,"href":"https:\/\/rezeptfrei-apotheke.net\/es\/wp-json\/wp\/v2\/comments?post=8689"}],"wp:featuredmedia":[{"embeddable":true,"href":"https:\/\/rezeptfrei-apotheke.net\/es\/wp-json\/wp\/v2\/media\/8742"}],"wp:attachment":[{"href":"https:\/\/rezeptfrei-apotheke.net\/es\/wp-json\/wp\/v2\/media?parent=8689"}],"wp:term":[{"taxonomy":"product_brand","embeddable":true,"href":"https:\/\/rezeptfrei-apotheke.net\/es\/wp-json\/wp\/v2\/product_brand?post=8689"},{"taxonomy":"product_cat","embeddable":true,"href":"https:\/\/rezeptfrei-apotheke.net\/es\/wp-json\/wp\/v2\/product_cat?post=8689"},{"taxonomy":"product_tag","embeddable":true,"href":"https:\/\/rezeptfrei-apotheke.net\/es\/wp-json\/wp\/v2\/product_tag?post=8689"}],"curies":[{"name":"wp","href":"https:\/\/api.w.org\/{rel}","templated":true}]}}