{"id":8691,"date":"2023-10-21T10:59:19","date_gmt":"2023-10-21T10:59:19","guid":{"rendered":"https:\/\/rezeptfrei-apotheke.net\/?post_type=product&#038;p=8691"},"modified":"2023-10-30T21:43:37","modified_gmt":"2023-10-30T21:43:37","slug":"4f-mph","status":"publish","type":"product","link":"https:\/\/rezeptfrei-apotheke.net\/es\/product\/4f-mph\/","title":{"rendered":"4F-MPH"},"content":{"rendered":"<h2><strong>Informaci\u00f3n general sobre 4F-MPH<\/strong><\/h2>\n<p>Comprar 4F-MPH, tambi\u00e9n conocido como 4-fluorometilfenidato, es una sustancia qu\u00edmica de investigaci\u00f3n sint\u00e9tica que pertenece a la clase de los fenidatos. Es un an\u00e1logo estrechamente relacionado del metilfenidato (Ritalin) y comparte muchas propiedades similares. Estas sustancias suelen desarrollarse para explorar nuevas estructuras qu\u00edmicas.<\/p>\n<p>4F-MPH es un compuesto relativamente nuevo y su historial de investigaci\u00f3n es limitado. Fue sintetizado e informado por primera vez en la literatura cient\u00edfica a principios de la d\u00e9cada de 2000. Como producto qu\u00edmico en investigaci\u00f3n, sus propiedades y efectos a\u00fan se est\u00e1n estudiando, y es posible que se est\u00e9n llevando a cabo investigaciones para comprender su farmacolog\u00eda, sus posibles aplicaciones y sus riesgos.<\/p>\n<p>El 4F-MPH es estructuralmente similar al metilfenidato (Ritalin) pero contiene una sustituci\u00f3n de \u00e1tomo de fl\u00faor.<\/p>\n<p>&nbsp;<\/p>\n<h3><strong>Composici\u00f3n qu\u00edmica de 4F-MPH<\/strong><\/h3>\n<p>El 4F-MPH, tambi\u00e9n conocido como 4-fluorometilfenidato, es una sustancia qu\u00edmica de investigaci\u00f3n que pertenece a las clases de fenetilamina y piperidina. La composici\u00f3n qu\u00edmica del 4F-MPH es la siguiente:<\/p>\n<p>Nombre qu\u00edmico: \u00e9ster met\u00edlico del \u00e1cido 2-(4-fluorofenil)-2-metil-3-(piperidin-2-il)propanoico<\/p>\n<p>F\u00f3rmula molecular: C14H18FNO2<\/p>\n<p>Peso molecular: 251,3 g\/mol<\/p>\n<p>Esta f\u00f3rmula indica que 4F-MPH consta de catorce \u00e1tomos de carbono (C14), dieciocho \u00e1tomos de hidr\u00f3geno (H18), un \u00e1tomo de fl\u00faor (F), un \u00e1tomo de nitr\u00f3geno (N) y dos \u00e1tomos de ox\u00edgeno (O2).<\/p>\n<p>El compuesto consta de un anillo de fenilo sustituido con un \u00e1tomo de fl\u00faor en la posici\u00f3n para (posici\u00f3n 4). Tambi\u00e9n contiene un anillo de piperidina unido al anillo de fenilo mediante un puente de dos carbonos. El anillo de piperidina es una caracter\u00edstica com\u00fan en muchas sustancias qu\u00edmicas de investigaci\u00f3n.<\/p>\n<p>&nbsp;<\/p>\n<h3><strong>Compre 4F-MPH de alta calidad.<\/strong><\/h3>\n<p><strong>Panacea qu\u00edmica\u00a0<\/strong>tiene varios per\u00edodos de participaci\u00f3n prolongados en la industria de planes de investigaci\u00f3n qu\u00edmica, lo que nos compromete a garantizar lo mejor de estos productos qu\u00edmicos de investigaci\u00f3n de exploraci\u00f3n.\u00a0<strong>Compra de 4F-MPH<\/strong>\u00a0Es esencial y tiene la mejor calidad.\u00a0<strong>4F-MPH<\/strong>La compra es m\u00e1s baja que la de varias organizaciones.<\/p>\n<p>Productos qu\u00edmicos de investigaci\u00f3n, incluidos\u00a0<strong>4F-MPH<\/strong>, cumpla con todos los requisitos de seguridad. Los productos qu\u00edmicos de investigaci\u00f3n se distribuyen y manipulan cuidadosamente en un lugar excelente y seco.<\/p>\n<p>Todos los art\u00edculos se exploran de manera confiable en cuanto a calidad, seguridad y pureza. mantener persistentemente\u00a0<strong>4F-MPH<\/strong>\u00a0a temperatura ambiente. Es s\u00f3lo para fines de investigaci\u00f3n.<\/p>\n<p>El precio de nuestros productos qu\u00edmicos es muy razonable y usted puede\u00a0<strong>comprar 4F-MPH\u00a0<\/strong>en l\u00ednea a precios incre\u00edblemente baratos.<\/p>\n<p>&nbsp;<\/p>\n<h3><strong>Polvo 4F-MPH probado en laboratorio con resultados.<\/strong><\/h3>\n<p>Rehace avances hacia el cumplimiento general de sus clientes. Diferentes ex\u00e1menes han demostrado que los clientes solicitan tanta informaci\u00f3n como esperan antes de comprar productos qu\u00edmicos de investigaci\u00f3n sint\u00e9ticos. Adem\u00e1s, publicamos todos los resultados de laboratorio de cada compuesto de prueba en un registro PDF.<\/p>\n<p>Nuestro\u00a0<strong>4F-MPH comprar en l\u00ednea\u00a0<\/strong>cumplen consistentemente con los ingredientes activos y pueden ser vistos por todos.<\/p>\n<p>Distribuimos todas las consecuencias de laboratorio de cada producto qu\u00edmico de investigaci\u00f3n en un documento PDF.<\/p>\n<p>&nbsp;<\/p>\n<h3><strong>Realice su pedido de forma segura desde 4F-MPH.<\/strong><\/h3>\n<p>Los productos qu\u00edmicos de investigaci\u00f3n de dise\u00f1o de Panacea Chems son de excelente calidad y tienen un costo justo. Por lo tanto, cuando solicita sus productos qu\u00edmicos de investigaci\u00f3n en Panacea Chems, le garantizamos que transmitiremos su solicitud a su laboratorio de investigaci\u00f3n de forma r\u00e1pida y segura, ya que la venta de productos qu\u00edmicos de investigaci\u00f3n siempre est\u00e1 disponible en Panacea Chems.<\/p>\n<p>Solicitar compuestos de investigaci\u00f3n sint\u00e9ticos con Bitcoin o transferencia bancaria es sencillo en Panacea Chems.<\/p>\n<p>Enviamos productos qu\u00edmicos de investigaci\u00f3n el mismo d\u00eda laborable si el pago se recibe antes de las 15:00 CEST.<\/p>\n<p>\u00a1No suministramos art\u00edculos a personas menores de 18 a\u00f1os!<\/p>\n<p><strong>4F-MPH a la venta<\/strong>\u00a0es s\u00f3lo para fines de investigaci\u00f3n.<\/p>\n<p>&nbsp;<\/p>\n<h3><strong>Env\u00edo discreto de productos qu\u00edmicos de investigaci\u00f3n.<\/strong><\/h3>\n<p>Panacea Chems empaquetar\u00e1 su pedido de forma segura para garantizar un transporte adecuado. Adem\u00e1s, empaquetamos con perfecto sigilo y en el exterior no se mostrar\u00e1 ninguna se\u00f1al de lo que podr\u00eda haber dentro.<\/p>","protected":false},"excerpt":{"rendered":"<p><strong>Nombre IUPAC: <\/strong>2-(4-fluorofenil)-2-(piperidin-2-il)acetato de metilo<\/p>\n<p><strong>CAS # <\/strong>1354631-33-6<\/p>\n<p><strong>Otro nombre: <\/strong>4-fluorometilfenidato, 4-FMPH<\/p>\n<p><strong>Apariencia: <\/strong>polvo<\/p>\n<p><strong>An\u00e1lisis de RMN: <\/strong>C14H18FNO2<\/p>","protected":false},"featured_media":8744,"comment_status":"open","ping_status":"closed","template":"","meta":[],"product_brand":[],"product_cat":[95],"product_tag":[],"class_list":{"0":"post-8691","1":"product","2":"type-product","3":"status-publish","4":"has-post-thumbnail","6":"product_cat-buy-piperidines-online","8":"first","9":"instock","10":"shipping-taxable","11":"purchasable","12":"product-type-variable"},"jetpack_sharing_enabled":true,"_links":{"self":[{"href":"https:\/\/rezeptfrei-apotheke.net\/es\/wp-json\/wp\/v2\/product\/8691","targetHints":{"allow":["GET"]}}],"collection":[{"href":"https:\/\/rezeptfrei-apotheke.net\/es\/wp-json\/wp\/v2\/product"}],"about":[{"href":"https:\/\/rezeptfrei-apotheke.net\/es\/wp-json\/wp\/v2\/types\/product"}],"replies":[{"embeddable":true,"href":"https:\/\/rezeptfrei-apotheke.net\/es\/wp-json\/wp\/v2\/comments?post=8691"}],"wp:featuredmedia":[{"embeddable":true,"href":"https:\/\/rezeptfrei-apotheke.net\/es\/wp-json\/wp\/v2\/media\/8744"}],"wp:attachment":[{"href":"https:\/\/rezeptfrei-apotheke.net\/es\/wp-json\/wp\/v2\/media?parent=8691"}],"wp:term":[{"taxonomy":"product_brand","embeddable":true,"href":"https:\/\/rezeptfrei-apotheke.net\/es\/wp-json\/wp\/v2\/product_brand?post=8691"},{"taxonomy":"product_cat","embeddable":true,"href":"https:\/\/rezeptfrei-apotheke.net\/es\/wp-json\/wp\/v2\/product_cat?post=8691"},{"taxonomy":"product_tag","embeddable":true,"href":"https:\/\/rezeptfrei-apotheke.net\/es\/wp-json\/wp\/v2\/product_tag?post=8691"}],"curies":[{"name":"wp","href":"https:\/\/api.w.org\/{rel}","templated":true}]}}