{"id":8692,"date":"2023-10-21T10:59:20","date_gmt":"2023-10-21T10:59:20","guid":{"rendered":"https:\/\/rezeptfrei-apotheke.net\/?post_type=product&#038;p=8692"},"modified":"2026-02-16T10:23:58","modified_gmt":"2026-02-16T10:23:58","slug":"hdmp-28","status":"publish","type":"product","link":"https:\/\/rezeptfrei-apotheke.net\/es\/product\/hdmp-28\/","title":{"rendered":"HDMP-28"},"content":{"rendered":"<div class=\"wpb-content-wrapper\"><div class=\"vc_row wpb_row vc_row-fluid\"><div class=\"wpb_column vc_column_container vc_col-sm-12\"><div class=\"vc_column-inner\"><div class=\"wpb_wrapper\">\n\t<div class=\"wpb_text_column wpb_content_element\" >\n\t\t<div class=\"wpb_wrapper\">\n\t\t\t<h2>Comprar HDMP-28<\/h2>\n<p>La 1-(2-hidroxi-2,5-dimetilhexil)-3-(2-metoxi-3-metilpentil)urea, tambi\u00e9n conocida como HDMP-28, es un compuesto sint\u00e9tico que pertenece a la clase de las catinonas. Se sintetiz\u00f3 por primera vez a finales de la d\u00e9cada de 2000 y desde entonces ha ganado popularidad como producto qu\u00edmico de investigaci\u00f3n. HDMP-28 es conocido por sus propiedades estimulantes y se utiliza a menudo en experimentos de laboratorio para estudiar sus efectos sobre el sistema nervioso central.<br \/>\nM\u00e9todo de s\u00edntesis:<br \/>\nLa s\u00edntesis de HDMP-28 implica la reacci\u00f3n de 2,5-dimetil-2-hidroxihexan-1-ol con 3-metil-2-(2-metoxietil)pentan-2-amina en presencia de urea y un catalizador. Luego, el producto resultante se purifica utilizando diversas t\u00e9cnicas, como recristalizaci\u00f3n y cromatograf\u00eda en columna. La pureza del producto final generalmente se determina mediante t\u00e9cnicas anal\u00edticas como la cromatograf\u00eda de gases-espectrometr\u00eda de masas (GC-MS) y la espectroscopia de resonancia magn\u00e9tica nuclear (RMN).<br \/>\nAplicaci\u00f3n de investigaci\u00f3n cient\u00edfica:<br \/>\nHDMP-28 se usa com\u00fanmente en experimentos de laboratorio para estudiar sus efectos sobre el sistema nervioso central. Se sabe que act\u00faa como inhibidor de la recaptaci\u00f3n de dopamina y de norepinefrina, lo que conduce a un aumento de los niveles de estos neurotransmisores en el cerebro. Se cree que este aumento en los niveles de neurotransmisores es responsable de los efectos estimulantes del HDMP-28.<br \/>\nMecanismo de acci\u00f3n:<br \/>\nEl mecanismo de acci\u00f3n de HDMP-28 implica la inhibici\u00f3n de los transportadores de recaptaci\u00f3n de dopamina y noradrenalina. Esto conduce a un aumento de los niveles de estos neurotransmisores en la hendidura sin\u00e1ptica, lo que potencia sus efectos sobre los receptores postsin\u00e1pticos. En \u00faltima instancia, esto conduce a los efectos estimulantes del HDMP-28.<\/p>\n\n\t\t<\/div>\n\t<\/div>\n<\/div><\/div><\/div><\/div>\n<\/div>","protected":false},"excerpt":{"rendered":"<p><strong>Nombre IUPAC: <\/strong>(2R)-2-naftil[(2R)-2-piperidinil]acetato de metilo<\/p>\n<p><strong>CAS # <\/strong>219915-69-2<\/p>\n<p><strong>Apariencia: <\/strong>polvo<\/p>\n<p><strong>An\u00e1lisis de RMN: <\/strong>C18H21NO2<\/p>","protected":false},"featured_media":8745,"comment_status":"open","ping_status":"closed","template":"","meta":[],"product_brand":[],"product_cat":[95],"product_tag":[],"class_list":{"0":"post-8692","1":"product","2":"type-product","3":"status-publish","4":"has-post-thumbnail","6":"product_cat-buy-piperidines-online","8":"first","9":"instock","10":"shipping-taxable","11":"purchasable","12":"product-type-variable"},"jetpack_sharing_enabled":true,"_links":{"self":[{"href":"https:\/\/rezeptfrei-apotheke.net\/es\/wp-json\/wp\/v2\/product\/8692","targetHints":{"allow":["GET"]}}],"collection":[{"href":"https:\/\/rezeptfrei-apotheke.net\/es\/wp-json\/wp\/v2\/product"}],"about":[{"href":"https:\/\/rezeptfrei-apotheke.net\/es\/wp-json\/wp\/v2\/types\/product"}],"replies":[{"embeddable":true,"href":"https:\/\/rezeptfrei-apotheke.net\/es\/wp-json\/wp\/v2\/comments?post=8692"}],"wp:featuredmedia":[{"embeddable":true,"href":"https:\/\/rezeptfrei-apotheke.net\/es\/wp-json\/wp\/v2\/media\/8745"}],"wp:attachment":[{"href":"https:\/\/rezeptfrei-apotheke.net\/es\/wp-json\/wp\/v2\/media?parent=8692"}],"wp:term":[{"taxonomy":"product_brand","embeddable":true,"href":"https:\/\/rezeptfrei-apotheke.net\/es\/wp-json\/wp\/v2\/product_brand?post=8692"},{"taxonomy":"product_cat","embeddable":true,"href":"https:\/\/rezeptfrei-apotheke.net\/es\/wp-json\/wp\/v2\/product_cat?post=8692"},{"taxonomy":"product_tag","embeddable":true,"href":"https:\/\/rezeptfrei-apotheke.net\/es\/wp-json\/wp\/v2\/product_tag?post=8692"}],"curies":[{"name":"wp","href":"https:\/\/api.w.org\/{rel}","templated":true}]}}