{"id":8696,"date":"2023-10-21T10:59:20","date_gmt":"2023-10-21T10:59:20","guid":{"rendered":"https:\/\/rezeptfrei-apotheke.net\/?post_type=product&#038;p=8696"},"modified":"2023-10-30T21:26:49","modified_gmt":"2023-10-30T21:26:49","slug":"3-fpm","status":"publish","type":"product","link":"https:\/\/rezeptfrei-apotheke.net\/es\/product\/3-fpm\/","title":{"rendered":"3 pies por minuto"},"content":{"rendered":"<h2>Comprar <strong>3 pies por minuto <\/strong><strong>Informaci\u00f3n general 3-FPM<\/strong><\/h2>\n<p>La 3-fluorofenmetrazina es una sustancia energizante original de la clase de las fenilmorfolinas. 3-FPM es una subsidiaria de la fenmetrazina, una sustancia energizante previamente conocida y utilizada cl\u00ednicamente como anor\u00e9xico en Europa en la d\u00e9cada de 1950. Ofrece su acci\u00f3n aumentando los niveles de serotonina, dopamina y norepinefrina en el cerebro.<\/p>\n<h3><strong>Composici\u00f3n qu\u00edmica 3-FPM<\/strong><\/h3>\n<p>La f\u00f3rmula de 3-FPM que tenemos a nuestra disposici\u00f3n es C11H14FNO: peso at\u00f3mico 285,42 g. 3-FPM o 3-fluorofenmetrazina se considera 3-FPH y PAL-593; Este producto es un subordinado fluorado de fenmetrazina. 3-FPM (PAL-593) es un simple fluorado de energizante y fenilmorfolina fluorada de fenmetrazina y tres fluorofenmetrazina.<\/p>\n<p>La f\u00f3rmula qu\u00edmica es C11H14FNO. La 3-fluorofenmetrazina es una simple 3F-fenmetrazina y 3-fluorofenmetrazina, otra sustancia de examen de la familia de energizantes 2-3-fluorofenilo, 3-metilmorfolina y 3-fluorofenmetrazina.<\/p>\n<p>3- La fluorofenmetrazina contiene una mol\u00e9cula de fl\u00faor integrada en el esqueleto de la anfetamina.<\/p>\n<h3><strong>Farmacolog\u00eda de 3-FPM<\/strong><\/h3>\n<p>3-FPM (FPM 3) aumenta la actividad cerebral al activar los niveles de serotonina, dopamina y norepinefrina. Los efectos abstractos incorporan una mejor concentraci\u00f3n e inspiraci\u00f3n, acelerando los pensamientos y una mayor felicidad y emoci\u00f3n. La colecci\u00f3n de sinapsis produce efectos de \u00e9xtasis y experiencias estimulantes.<\/p>\n<h3><strong>Compre 3 FPM de alta calidad<\/strong><\/h3>\n<p>TRRCSHOP lleva muchos a\u00f1os involucrado en la compra de productos qu\u00edmicos de investigaci\u00f3n de dise\u00f1o para que podamos garantizar lo mejor para cada producto. Como resultado, los productos qu\u00edmicos de investigaci\u00f3n que vendemos en el sitio web, incluida la 3-fluorofenmetrazina 3-FPM, cumplen con nuestras estrictas pautas y se env\u00edan, guardan y mantienen con mucho cuidado en lugares frescos y secos.<\/p>\n<p>Todos los art\u00edculos tienen un costo justo y comprarlos en TRRCSHOP est\u00e1 libre de da\u00f1os.<\/p>\n<h3><strong>3 FPM probado en laboratorio con el resultado<\/strong><\/h3>\n<p>TRRCSHOP avanza hacia la ampliaci\u00f3n de la satisfacci\u00f3n del consumidor. Las investigaciones muestran que el nuevo cliente tiene muchas consultas sobre productos qu\u00edmicos de investigaci\u00f3n como 3-FPM, 2-FMA o FPM3. Un registro disfruta de muchos beneficios al responder a cada una de sus consultas.<\/p>\n<p>Distribuimos todos los resultados de laboratorio de cada compuesto de exploraci\u00f3n en un registro pdf, que deber\u00eda estar visible sobre este texto.<\/p>\n<p>Nuestro 3-FPM generalmente coincide con los componentes que funcionan y est\u00e1 disponible para todos. Adem\u00e1s, los resultados de laboratorio del equipo de investigaci\u00f3n de productos qu\u00edmicos suelen estar presentes.<\/p>\n<h3><strong>Ordene de forma segura desde 3-FPM.<\/strong><\/h3>\n<p>Los productos qu\u00edmicos de investigaci\u00f3n de dise\u00f1o de TRRCSHOP son de excelente calidad y tienen un costo justo. En el momento en que solicite su 3-FPM en TRRCSHOP, le garantizamos que su solicitud se enviar\u00e1 a su hogar de forma r\u00e1pida y segura.<\/p>\n<p>Solicitar compuestos de investigaci\u00f3n sint\u00e9ticos con Bitcoin o transferencia bancaria es sencillo en TRRCSHOP.<\/p>\n<p>Realizamos env\u00edos a 3 FPM el mismo d\u00eda laborable si el pago se recibe antes de las 2:00 p. m. CEST. No realizamos env\u00edos los s\u00e1bados, domingos ni festivos nacionales\/internacionales.<strong>.<\/strong><\/p>\n<h3><strong>Env\u00edo discreto de productos qu\u00edmicos de investigaci\u00f3n.<\/strong><\/h3>\n<p>Aunque los productos qu\u00edmicos de investigaci\u00f3n de dise\u00f1o est\u00e1n legalmente disponibles en l\u00ednea, en TRRCSHOP nos esforzamos por ofrecerlos de la manera m\u00e1s segura y razonable. Primero, el art\u00edculo se coloca en una bolsa de clic antes de entrar en una bolsa donde se quema dos veces. Empacamos con muy buen sigilo y en el exterior no se mostrar\u00e1 ninguna se\u00f1al de lo que podr\u00eda haber dentro.<\/p>\n<p>Elija una entrega rastreada para rastrear y seguir para que pueda seguir su pedido progresivamente. Por ejemplo, enviamos pedidos superiores a 500 euros con el track gratuito.<\/p>\n<p>\u00a1No suministramos art\u00edculos a personas menores de 18 a\u00f1os!<\/p>\n<h3><strong>Precauciones<\/strong><\/h3>\n<ul>\n<li>RC ofrecidos en <a href=\"https:\/\/rezeptfrei-apotheke.net\/es\/\">rchemshop<\/a> son para fines de investigaci\u00f3n, el consumo humano est\u00e1 totalmente prohibido.<\/li>\n<li>Compra el equipo de protecci\u00f3n individual adecuado como gafas y guantes. L\u00edmpielos y cu\u00eddelos adecuadamente. Siga sistemas seguros cuando manipule productos qu\u00edmicos de investigaci\u00f3n y no tome atajos.<\/li>\n<li>Si el producto qu\u00edmico de la investigaci\u00f3n entra en contacto con los ojos, enju\u00e1guelos bien y elimine las lentes de contacto si es necesario.<\/li>\n<li>Trate de usar una mascarilla mientras usa estos qu\u00edmicos para que no entren en su interior mientras respira.<\/li>\n<li>Como indican los m\u00e9todos admitidos, manipule, almacene y elimine los materiales peligrosos de forma segura. Nunca los viertas por alcantarillas o canales.<\/li>\n<li>Almacene los productos qu\u00edmicos de investigaci\u00f3n de manera adecuada, como se indica en sus nombres. Los productos qu\u00edmicos inflamables deben guardarse en un lugar excelente y seco, alejado de la intensidad y la luz solar. Algunos productos sint\u00e9ticos, como los \u00e1cidos, deben eliminarse independientemente unos de otros.<\/li>\n<\/ul>","protected":false},"excerpt":{"rendered":"<p>Nombre IUPAC: monoclorhidrato de 2-(3-fluorofenil)-3-metilmorfolina<br \/>\nCAS # 1803562-83-5<br \/>\nOtro nombre: 3-fluorofenmetrazina (clorhidrato)<br \/>\nApariencia: polvo<br \/>\nAn\u00e1lisis de RMN: C11H14FNO \u2022 HCl<\/p>","protected":false},"featured_media":8749,"comment_status":"open","ping_status":"closed","template":"","meta":[],"product_brand":[],"product_cat":[95],"product_tag":[],"class_list":{"0":"post-8696","1":"product","2":"type-product","3":"status-publish","4":"has-post-thumbnail","6":"product_cat-buy-piperidines-online","8":"first","9":"instock","10":"shipping-taxable","11":"purchasable","12":"product-type-variable"},"jetpack_sharing_enabled":true,"_links":{"self":[{"href":"https:\/\/rezeptfrei-apotheke.net\/es\/wp-json\/wp\/v2\/product\/8696","targetHints":{"allow":["GET"]}}],"collection":[{"href":"https:\/\/rezeptfrei-apotheke.net\/es\/wp-json\/wp\/v2\/product"}],"about":[{"href":"https:\/\/rezeptfrei-apotheke.net\/es\/wp-json\/wp\/v2\/types\/product"}],"replies":[{"embeddable":true,"href":"https:\/\/rezeptfrei-apotheke.net\/es\/wp-json\/wp\/v2\/comments?post=8696"}],"wp:featuredmedia":[{"embeddable":true,"href":"https:\/\/rezeptfrei-apotheke.net\/es\/wp-json\/wp\/v2\/media\/8749"}],"wp:attachment":[{"href":"https:\/\/rezeptfrei-apotheke.net\/es\/wp-json\/wp\/v2\/media?parent=8696"}],"wp:term":[{"taxonomy":"product_brand","embeddable":true,"href":"https:\/\/rezeptfrei-apotheke.net\/es\/wp-json\/wp\/v2\/product_brand?post=8696"},{"taxonomy":"product_cat","embeddable":true,"href":"https:\/\/rezeptfrei-apotheke.net\/es\/wp-json\/wp\/v2\/product_cat?post=8696"},{"taxonomy":"product_tag","embeddable":true,"href":"https:\/\/rezeptfrei-apotheke.net\/es\/wp-json\/wp\/v2\/product_tag?post=8696"}],"curies":[{"name":"wp","href":"https:\/\/api.w.org\/{rel}","templated":true}]}}