{"id":8697,"date":"2023-10-21T10:59:20","date_gmt":"2023-10-21T10:59:20","guid":{"rendered":"https:\/\/rezeptfrei-apotheke.net\/?post_type=product&#038;p=8697"},"modified":"2023-10-31T08:52:48","modified_gmt":"2023-10-31T08:52:48","slug":"nb-5-meo-mipt-oxalate","status":"publish","type":"product","link":"https:\/\/rezeptfrei-apotheke.net\/es\/product\/nb-5-meo-mipt-oxalate\/","title":{"rendered":"NB-5-MeO-MiPT (oxalato)"},"content":{"rendered":"<h2><strong>Informaci\u00f3n general Triptaminas: NB-5-MeO-MiPT (oxalato)<\/strong><\/h2>\n<p>La triptamina es un metabolito de indolamina del importante amino\u00e1cido tript\u00f3fano. La estructura de la sustancia se caracteriza por un indol: un anillo combinado de benceno y pirrol y un grupo de 2-aminoetilo en el siguiente carbono (tercer \u00e1pice de olor dulce, el primero es el nitr\u00f3geno heteroc\u00edclico). La estructura de triptamina es un elemento com\u00fan de ciertos neuromoduladores amin\u00e9rgicos, incluida la melatonina, la serotonina, la bufotenina y sus derivados alucin\u00f3genos, por ejemplo, la dimetiltriptamina (DMT), la psilocibina, la psilocina y otros. Adem\u00e1s, se ha demostrado que la triptamina activa los receptores relacionados con las aminas comunicados en el cerebro de los mam\u00edferos y controla la acci\u00f3n de los sistemas dopamin\u00e9rgicos, serotonin\u00e9rgicos y glutamat\u00e9rgicos.<\/p>\n<p>El 5-MeO-MiPT es un medicamento alucin\u00f3geno y estimulante utilizado por algunos como ente\u00f3geno. Tiene propiedades subyacentes y farmacodin\u00e1micas como los medicamentos 5-MeO-DiPT, DiPT y MiPT. Sin embargo, normalmente se utiliza como \u201csustituto\u201d del 5-MeO-DiPT debido a su construcci\u00f3n exacta y sus impactos.<\/p>\n<p>&nbsp;<\/p>\n<h3><strong>Composici\u00f3n qu\u00edmica de las triptaminas: NB-5-MeO-MiPT (oxalato)<\/strong><\/h3>\n<p>&nbsp;<\/p>\n<p>El 5-MeO-MiPT pertenece a una clase de mezclas com\u00fanmente conocidas como triptaminas y es el hom\u00f3logo N-metil-N-isopropilo del alucin\u00f3geno 5-MeO-DMT. El nombre completo del compuesto es 5-metoxi-N-metil-N-isopropiltriptamina.<\/p>\n<p>5-MeO-MiPT hace que el reactivo de Ehrlich sea violeta y luego se mezcla hasta oscurecerse en azul. Hace que el reactivo marqu\u00e9s pase de amarillo a oscuro.<\/p>\n<h3><strong>Farmacolog\u00eda de las triptaminas: NB-5-MeO-MiPT (oxalato).<\/strong><\/h3>\n<p>Las afinidades en una placa de 5-HT no est\u00e1n del todo grabadas en piedra por el programa PDSP apoyado por el NIMH. Por ejemplo, las asociaciones en los receptores 5-HT2A y 5-HT2C de humanos y roedores todav\u00eda est\u00e1n en el aire, utilizando radioligandos tanto agonistas como malos.<\/p>\n<p>Como proporci\u00f3n de la valiosa resistencia y viabilidad, los cambios en los niveles de Ca2+ intracelular se estimaron utilizando un lector de placas de im\u00e1genes fluorom\u00e9tricas (FLIPRTETRA, Molecular Devices) en los receptores humanos 5-HT2A, 5-HT2B y 5-HT2C y el 5-HT2A de roedor. y receptores 5-HT2C. Por \u00faltimo, como proporci\u00f3n de la activaci\u00f3n del receptor 5-HT2A in vivo, examinamos la capacidad, en igualdad de condiciones, de activar la HTR del rat\u00f3n.<\/p>\n<p>Especulamos que la energ\u00eda utilizable en el receptor 5-HT2A de roedor podr\u00eda conectarse mejor con la informaci\u00f3n de conducta del tir\u00f3n de la cabeza del rat\u00f3n, ya que las afinidades del ligando en el receptor 5-HT2A de roedor se asocian con el receptor 5-HT2A de rat\u00f3n pero no con el receptor 5-HT2A humano.<\/p>\n<h3><strong>Compre fluorextamina de alta calidad<\/strong><\/h3>\n<p>TRRCSHOP tiene muchos a\u00f1os de experiencia en la industria del dise\u00f1o de productos qu\u00edmicos de investigaci\u00f3n, lo que nos permite garantizar la m\u00e1s alta calidad de estos productos qu\u00edmicos de investigaci\u00f3n. El equipo de investigaci\u00f3n qu\u00edmica vende fluorexetamina y gr\u00e1nulos de 2,5 mg. Los productos qu\u00edmicos de investigaci\u00f3n, incluidas las fluorexetaminas, cumplen todos los requisitos de seguridad. Los productos qu\u00edmicos de investigaci\u00f3n se distribuyen y almacenan cuidadosamente en un lugar fresco y seco.<\/p>\n<p>Todos los productos se inspeccionan peri\u00f3dicamente para comprobar su calidad, pureza y seguridad. Mantenga siempre la fluorextamina a temperatura ambiente y fuera del alcance de los ni\u00f1os y las mascotas. Nuestra fluorextamina no est\u00e1 destinada para uso personal. Es s\u00f3lo para fines de investigaci\u00f3n.<\/p>\n<p>\u00a1No debe mezclarse con alcohol ni productos qu\u00edmicos de investigaci\u00f3n al investigar este producto qu\u00edmico de investigaci\u00f3n!<\/p>\n<p>\u00a1Todos nuestros productos tienen un precio justo!<\/p>\n<h3><strong>Fluorexetamina probada en laboratorio con resultados.<\/strong><\/h3>\n<p>Rehace avances hacia el cumplimiento general de sus clientes. Diferentes ex\u00e1menes han demostrado que los clientes solicitan tanta informaci\u00f3n como esperan antes de comprar productos qu\u00edmicos de investigaci\u00f3n sint\u00e9ticos. Adem\u00e1s, publicamos todos los resultados de laboratorio de cada compuesto de prueba en un registro PDF.<\/p>\n<p>Nuestra Fluorexetamina cumple consistentemente con los ingredientes activos y puede ser vista f\u00e1cilmente por todos.<\/p>\n<p>Distribuimos todas las consecuencias de laboratorio de cada producto qu\u00edmico de investigaci\u00f3n en un documento PDF.<\/p>\n<h3><strong>Ordene de forma segura a Fluorexetamina.<\/strong><\/h3>\n<p>Los productos qu\u00edmicos de investigaci\u00f3n de dise\u00f1o TRRCSHOP son de excelente calidad y tienen un costo justo. Por lo tanto, en el momento en que usted solicite su\u00a0<strong>fluorextamina\u00a0<\/strong>En TRRCSHOP te garantizamos que trasladaremos tu solicitud a tu domicilio de forma r\u00e1pida y segura.<\/p>\n<p>Solicitar compuestos de investigaci\u00f3n sint\u00e9ticos con Bitcoin o transferencia bancaria es sencillo en TRRCSHOP.<\/p>\n<p>Enviamos Fluorexetamina el mismo d\u00eda laborable si el pago se recibe antes de las 2:00 p. m. CEST. Por lo general, no realizamos env\u00edos los s\u00e1bados, domingos ni feriados nacionales\/internacionales.<strong>.<\/strong><\/p>\n<h3><strong>Env\u00edo discreto de productos qu\u00edmicos de investigaci\u00f3n.<\/strong><\/h3>\n<p>Aunque los productos qu\u00edmicos de investigaci\u00f3n de dise\u00f1o son legalmente accesibles en l\u00ednea, en Rcendeavor los entregamos de la forma m\u00e1s segura y razonable. Empacamos con muy buen sigilo y en el exterior no se mostrar\u00e1 ninguna se\u00f1al de lo que podr\u00eda haber dentro.<\/p>\n<p>Enviamos pedidos superiores a 500 euros con track and follow para que puedas seguir tu paquete de forma progresiva. Enviamos pedidos superiores a 500 euros con el track gratuito.<\/p>\n<p>\u00a1No suministramos art\u00edculos a personas menores de 18 a\u00f1os!<\/p>\n<h3><strong>Precauciones<\/strong><\/h3>\n<ul>\n<li>Compra el equipo de protecci\u00f3n individual adecuado como gafas y guantes. L\u00edmpielos y cu\u00eddelos adecuadamente. Siga sistemas seguros cuando manipule productos qu\u00edmicos de investigaci\u00f3n y no tome atajos.<\/li>\n<li>Si el producto qu\u00edmico de la investigaci\u00f3n entra en contacto con los ojos, enju\u00e1guelos bien y elimine las lentes de contacto si es necesario.<\/li>\n<li>Trate de usar una mascarilla mientras usa estos qu\u00edmicos para que no entren en su interior mientras respira.<\/li>\n<li>Como indican los m\u00e9todos admitidos, manipule, almacene y elimine de forma segura los materiales peligrosos. Nunca los viertas por alcantarillas o canales.<\/li>\n<li>Almacene los productos qu\u00edmicos de investigaci\u00f3n de manera adecuada, como se indica en sus nombres. Los productos qu\u00edmicos inflamables deben guardarse en cannabis seco y limpio, lejos de la intensidad y la luz solar. Algunos sint\u00e9ticos, como los \u00e1cidos, deben eliminarse independientemente unos de otros.<\/li>\n<li>TRRCSHOP se ofrece con fines de investigaci\u00f3n; El consumo humano est\u00e1 totalmente prohibido.<\/li>\n<\/ul>","protected":false},"excerpt":{"rendered":"<p>Nombre IUPAC: oxalato de 3-(2-(isopropil(metil)amino)etil)-5-metoxi-1H-indol-1-carboxilato de terc-butilo<br \/>\nApariencia: polvo<br \/>\nForma: oxalato<\/p>","protected":false},"featured_media":8750,"comment_status":"open","ping_status":"closed","template":"","meta":[],"product_brand":[],"product_cat":[96],"product_tag":[],"class_list":{"0":"post-8697","1":"product","2":"type-product","3":"status-publish","4":"has-post-thumbnail","6":"product_cat-buy-tryptamines-online","8":"first","9":"instock","10":"shipping-taxable","11":"purchasable","12":"product-type-variable"},"jetpack_sharing_enabled":true,"_links":{"self":[{"href":"https:\/\/rezeptfrei-apotheke.net\/es\/wp-json\/wp\/v2\/product\/8697","targetHints":{"allow":["GET"]}}],"collection":[{"href":"https:\/\/rezeptfrei-apotheke.net\/es\/wp-json\/wp\/v2\/product"}],"about":[{"href":"https:\/\/rezeptfrei-apotheke.net\/es\/wp-json\/wp\/v2\/types\/product"}],"replies":[{"embeddable":true,"href":"https:\/\/rezeptfrei-apotheke.net\/es\/wp-json\/wp\/v2\/comments?post=8697"}],"wp:featuredmedia":[{"embeddable":true,"href":"https:\/\/rezeptfrei-apotheke.net\/es\/wp-json\/wp\/v2\/media\/8750"}],"wp:attachment":[{"href":"https:\/\/rezeptfrei-apotheke.net\/es\/wp-json\/wp\/v2\/media?parent=8697"}],"wp:term":[{"taxonomy":"product_brand","embeddable":true,"href":"https:\/\/rezeptfrei-apotheke.net\/es\/wp-json\/wp\/v2\/product_brand?post=8697"},{"taxonomy":"product_cat","embeddable":true,"href":"https:\/\/rezeptfrei-apotheke.net\/es\/wp-json\/wp\/v2\/product_cat?post=8697"},{"taxonomy":"product_tag","embeddable":true,"href":"https:\/\/rezeptfrei-apotheke.net\/es\/wp-json\/wp\/v2\/product_tag?post=8697"}],"curies":[{"name":"wp","href":"https:\/\/api.w.org\/{rel}","templated":true}]}}