{"id":8698,"date":"2023-10-21T10:59:20","date_gmt":"2023-10-21T10:59:20","guid":{"rendered":"https:\/\/rezeptfrei-apotheke.net\/?post_type=product&#038;p=8698"},"modified":"2026-02-13T14:25:45","modified_gmt":"2026-02-13T14:25:45","slug":"nb-5-meo-dalt-oxalate","status":"publish","type":"product","link":"https:\/\/rezeptfrei-apotheke.net\/es\/product\/nb-5-meo-dalt-oxalate\/","title":{"rendered":"NB-5-MeO-DALT (oxalato)"},"content":{"rendered":"<h2><strong>\u00bfQu\u00e9 es el 5-MEO-DALT?<\/strong><\/h2>\n<p>El nombre completo de 5-MeO-DALT es N-alil-N-[2-(5-metoxi-1H-indol-3-il)etil]prop-2-en-1-amina. Est\u00e1 relacionado de muchas maneras con los compuestos Compre 5-MeO-DPT y DALT (N, N-Dialiltriptamina). 5-MeO-DALT debe su nombre comercial a los componentes de su estructura qu\u00edmica 5-MethOxy-DiALlyl Triptamina. Tiene un grupo amino que tiene dos grupos alilo unidos, as\u00ed como un anillo indol de triptamina con un grupo 5-metoxi unido. Tiene muchas similitudes estructurales con DALT y 5-MeO-DiPT.<\/p>\n<p>&nbsp;<\/p>\n<p>Fue sintetizado por primera vez por Alexander Shulgin. Envi\u00f3 el primer material sobre la s\u00edntesis de 5-MeO-DALT a un investigador asociado llamado Murple en mayo de 2004, despu\u00e9s de lo cual circul\u00f3 en l\u00ednea.<\/p>\n<p>Despu\u00e9s de ser sintetizado en China por laboratorios comerciales, Buy 5-MeO-DALT estuvo disponible en el mercado a trav\u00e9s de un proveedor de productos qu\u00edmicos en l\u00ednea en junio de 2004.<\/p>","protected":false},"excerpt":{"rendered":"<p>\u00bfQu\u00e9 es el 5-MEO-DALT? El nombre completo de 5-MeO-DALT es N-alil-N-[2-(5-metoxi-1H-indol-3-il)etil]prop-2-en-1-amina. Est\u00e1 relacionado de muchas maneras con la<\/p>","protected":false},"featured_media":8751,"comment_status":"open","ping_status":"closed","template":"","meta":[],"product_brand":[],"product_cat":[96],"product_tag":[],"class_list":{"0":"post-8698","1":"product","2":"type-product","3":"status-publish","4":"has-post-thumbnail","6":"product_cat-buy-tryptamines-online","8":"first","9":"instock","10":"shipping-taxable","11":"purchasable","12":"product-type-variable"},"jetpack_sharing_enabled":true,"_links":{"self":[{"href":"https:\/\/rezeptfrei-apotheke.net\/es\/wp-json\/wp\/v2\/product\/8698","targetHints":{"allow":["GET"]}}],"collection":[{"href":"https:\/\/rezeptfrei-apotheke.net\/es\/wp-json\/wp\/v2\/product"}],"about":[{"href":"https:\/\/rezeptfrei-apotheke.net\/es\/wp-json\/wp\/v2\/types\/product"}],"replies":[{"embeddable":true,"href":"https:\/\/rezeptfrei-apotheke.net\/es\/wp-json\/wp\/v2\/comments?post=8698"}],"wp:featuredmedia":[{"embeddable":true,"href":"https:\/\/rezeptfrei-apotheke.net\/es\/wp-json\/wp\/v2\/media\/8751"}],"wp:attachment":[{"href":"https:\/\/rezeptfrei-apotheke.net\/es\/wp-json\/wp\/v2\/media?parent=8698"}],"wp:term":[{"taxonomy":"product_brand","embeddable":true,"href":"https:\/\/rezeptfrei-apotheke.net\/es\/wp-json\/wp\/v2\/product_brand?post=8698"},{"taxonomy":"product_cat","embeddable":true,"href":"https:\/\/rezeptfrei-apotheke.net\/es\/wp-json\/wp\/v2\/product_cat?post=8698"},{"taxonomy":"product_tag","embeddable":true,"href":"https:\/\/rezeptfrei-apotheke.net\/es\/wp-json\/wp\/v2\/product_tag?post=8698"}],"curies":[{"name":"wp","href":"https:\/\/api.w.org\/{rel}","templated":true}]}}