{"id":8724,"date":"2023-10-21T10:59:44","date_gmt":"2023-10-21T10:59:44","guid":{"rendered":"https:\/\/rezeptfrei-apotheke.net\/?post_type=product&#038;p=8724"},"modified":"2025-09-17T03:38:34","modified_gmt":"2025-09-17T03:38:34","slug":"5-cl-dmt-fumarate","status":"publish","type":"product","link":"https:\/\/rezeptfrei-apotheke.net\/es\/product\/5-cl-dmt-fumarate\/","title":{"rendered":"5-CL-DMT"},"content":{"rendered":"<h2><strong>COMPRAR 5-MEO-DMT<\/strong><\/h2>\n<p>La 5-MeO-DMT, tambi\u00e9n conocida como 5-metoxi-N, N-dimetiltriptamina, es un psicod\u00e9lico natural de la clase de las triptaminas. La 5-MeO-DMT tiene similitudes estructurales con la N, N-dimetiltriptamina (DMT); sin embargo, los estudios han demostrado caracter\u00edsticas qu\u00edmicas que pueden asemejarse a una potencia mayor que la del compuesto m\u00e1s conocido. Se distribuye en una amplia variedad de especies de plantas y en el veneno de algunos pat\u00f3genos psicoactivos como Bufo Alvaris.<\/p>\n<p>El 5-MeO-DMT se puede encontrar en el veneno blanco lechoso del sapo del r\u00edo Colorado. Los chamanes sudamericanos han utilizado veneno de sapo durante miles de a\u00f1os. Hoy en d\u00eda se estudian tanto los extractos del veneno de sapo como su forma sint\u00e9tica en polvo. Su s\u00edntesis y resultados se documentaron por primera vez en el libro TiHKAL de 1997 de Alexander Shulgin (\u201cTryptamines I Have Known and Loved\u201d). Estudios recientes han demostrado que puede proporcionar resultados m\u00edsticos durante la investigaci\u00f3n y su popularidad ha aumentado en los \u00faltimos a\u00f1os.<\/p>\n<p>&nbsp;<\/p>\n<h2><strong>\u00bfC\u00d3MO USAR 5-MEO-DMT?<\/strong><\/h2>\n<p>En Realchems puede comprar 5-MeO-DMT en forma de base libre y clorhidrato de la m\u00e1s alta calidad. Disponemos de 5-MeO-DMT disponible en cantidades de 5gr, 10gr y al por mayor. Aseg\u00farese de almacenar el 5-MeO-DMT en un lugar seco y fresco para maximizar su vida \u00fatil. Al manipular productos qu\u00edmicos de investigaci\u00f3n, aseg\u00farese de tomar siempre las precauciones adecuadas en el laboratorio, como limpiar las superficies y usar guantes, mascarilla y ropa protectora. Recomendamos extrema precauci\u00f3n con el 5-MeO-DMT debido a su alta potencia.<\/p>\n<p>&nbsp;<\/p>\n<h2><strong>DEFINICI\u00d3N 5-MEO-DMT<\/strong><\/h2>\n<p>La definici\u00f3n de 5-MeO-DMT se conoce oficialmente como 5-Metoxi-N,N-dimetiltriptamina. El 5-MeO-DMT es un psicod\u00e9lico natural pero muy potente de la clase de las triptaminas. Incluso se considera el psicod\u00e9lico m\u00e1s potente en la historia de la investigaci\u00f3n qu\u00edmica.<\/p>\n<p>&nbsp;<\/p>\n<h2><strong>INFORMACI\u00d3N B\u00c1SICA DE QU\u00cdMICA 5-MEO-DMT<\/strong><\/h2>\n<p>Las investigaciones indican que el 5-MeO-DMT produce sus resultados uni\u00e9ndose a los receptores de serotonina, aunque se desconoce el mecanismo exacto. La 5-metoxi-N,N-dimetiltriptamina es una triptamina alcaloide indol de anillo sustituido. y comparte un n\u00facleo de un heterociclo de indol bic\u00edclico unido en R3 a un grupo amina terminal mediante una cadena lateral de etilo. Se supone que el 5-MeO-DMT es muy potente. Las investigaciones indican que es probable que esta sustancia produzca resultados importantes y espectaculares en ese laboratorio. Por lo tanto, se recomienda encarecidamente utilizar pr\u00e1cticas de reducci\u00f3n de da\u00f1os al realizar investigaciones sobre esta sustancia.<\/p>\n<p>&nbsp;<\/p>\n<h2><strong>D\u00d3NDE COMPRAR 5-MEO-DMT<\/strong><\/h2>\n<p>5-MeO-DMT se puede comprar aqu\u00ed en el <a href=\"https:\/\/rezeptfrei-apotheke.net\/es\/\">Rchemshop<\/a> sitio web. Vendemos 5-MeO-DMT de primera calidad, normalmente en polvo. Sin embargo, a menudo tenemos otras formas de sustancia disponibles, as\u00ed que no dude en contactarnos para ver si tenemos en stock su forma de sustancia preferida. Debe tener al menos 18 a\u00f1os para comprarnos 5-MeO-DMT.<\/p>","protected":false},"excerpt":{"rendered":"<p><strong>Nombre IUPAC: <\/strong>2-(5-cloro-1H-indol-3-il)-N,N-dimetiletan-1-amina Sin\u00f3nimos: 5-CL-N,N-dimetiltriptamina<\/p>\n<p><strong>Forma: <\/strong>polvo<\/p>\n<p><strong>An\u00e1lisis de RMN: <\/strong>C12H15ClN2<\/p>","protected":false},"featured_media":8771,"comment_status":"open","ping_status":"closed","template":"","meta":[],"product_brand":[],"product_cat":[96],"product_tag":[],"class_list":{"0":"post-8724","1":"product","2":"type-product","3":"status-publish","4":"has-post-thumbnail","6":"product_cat-buy-tryptamines-online","8":"first","9":"instock","10":"shipping-taxable","11":"purchasable","12":"product-type-variable"},"jetpack_sharing_enabled":true,"_links":{"self":[{"href":"https:\/\/rezeptfrei-apotheke.net\/es\/wp-json\/wp\/v2\/product\/8724","targetHints":{"allow":["GET"]}}],"collection":[{"href":"https:\/\/rezeptfrei-apotheke.net\/es\/wp-json\/wp\/v2\/product"}],"about":[{"href":"https:\/\/rezeptfrei-apotheke.net\/es\/wp-json\/wp\/v2\/types\/product"}],"replies":[{"embeddable":true,"href":"https:\/\/rezeptfrei-apotheke.net\/es\/wp-json\/wp\/v2\/comments?post=8724"}],"wp:featuredmedia":[{"embeddable":true,"href":"https:\/\/rezeptfrei-apotheke.net\/es\/wp-json\/wp\/v2\/media\/8771"}],"wp:attachment":[{"href":"https:\/\/rezeptfrei-apotheke.net\/es\/wp-json\/wp\/v2\/media?parent=8724"}],"wp:term":[{"taxonomy":"product_brand","embeddable":true,"href":"https:\/\/rezeptfrei-apotheke.net\/es\/wp-json\/wp\/v2\/product_brand?post=8724"},{"taxonomy":"product_cat","embeddable":true,"href":"https:\/\/rezeptfrei-apotheke.net\/es\/wp-json\/wp\/v2\/product_cat?post=8724"},{"taxonomy":"product_tag","embeddable":true,"href":"https:\/\/rezeptfrei-apotheke.net\/es\/wp-json\/wp\/v2\/product_tag?post=8724"}],"curies":[{"name":"wp","href":"https:\/\/api.w.org\/{rel}","templated":true}]}}