{"id":8725,"date":"2023-10-21T10:59:44","date_gmt":"2023-10-21T10:59:44","guid":{"rendered":"https:\/\/rezeptfrei-apotheke.net\/?post_type=product&#038;p=8725"},"modified":"2023-10-30T20:46:24","modified_gmt":"2023-10-30T20:46:24","slug":"amt-succinate","status":"publish","type":"product","link":"https:\/\/rezeptfrei-apotheke.net\/es\/product\/amt-succinate\/","title":{"rendered":"succinato de AMT"},"content":{"rendered":"<h2><strong>\u00bfQu\u00e9 es el succinato de aMT?<\/strong><\/h2>\n<p>Compre aMT Succinate, que es un compuesto a base de triptamina. Tambi\u00e9n se conoce como succinato de alfa-metiltriptamina, compuesto de \u00e1cido succ\u00ednico con 3-(2-aminopropil)indol, succinato de -metiltriptamina, succinato de alfaMT, succinato de MT, compuesto de \u00e1cido butanodioico con -metil-1H-indol-3-etanamina y \u00e1cido butanodioico. compuesto con -metil-1H-in (1:1).<\/p>\n<p>&nbsp;<\/p>\n<p>La 1-(1H-indol-3-il)propano-2-amina, a menudo conocida como aMT o -Metiltriptamina, es una mol\u00e9cula de alcaloide indol sint\u00e9tico de la clase de las triptaminas. Las triptaminas son un metabolito de indolamina del tript\u00f3fano, un amino\u00e1cido importante. Ciertos neuromoduladores amin\u00e9rgicos comparten la estructura de la triptamina.<\/p>\n<p>&nbsp;<\/p>\n<p>aMT El carbono alfa del succinato de triptamina est\u00e1 sustituido con un grupo metilo. Tiene una relaci\u00f3n qu\u00edmica con la triptamina que es similar a la relaci\u00f3n de la anfetamina con la fenetilamina. El neurotransmisor serotonina est\u00e1 fuertemente relacionado con la aMT (5-hidroxitriptamina). aMT se descubre como un racemato de sus enanti\u00f3meros (R-) y (S-) en forma de base libre.<\/p>\n<p>&nbsp;<\/p>\n<p>Upjohn produjo originalmente aMT Succinate en la d\u00e9cada de 1960. La condensaci\u00f3n con nitroaldol de indol-3-carboxaldeh\u00eddo y nitroetano bajo cat\u00e1lisis con acetato de amonio, as\u00ed como la condensaci\u00f3n de indol-3-acetona e hidroxilamina, seguida de la reducci\u00f3n de la cetoxima resultante con hidruro de litio y aluminio, se puede utilizar para producir aMT. aMT funciona como un inhibidor equilibrado de la recaptaci\u00f3n y como agente liberador de tres monoaminas diferentes.<\/p>\n<p>&nbsp;<\/p>\n<h2><strong>Descargo de responsabilidad<\/strong><\/h2>\n<p>No se debe administrar este producto a humanos ni animales. Est\u00e1 disponible exclusivamente para uso en laboratorio. Tambi\u00e9n recomendamos que el producto sea manipulado con equipos de protecci\u00f3n personal para evitar cualquier peligro que pueda surgir por la manipulaci\u00f3n del qu\u00edmico.<\/p>\n<p>&nbsp;<\/p>\n<h2><strong>\u00bfEs legal el succinato de aMT?<\/strong><\/h2>\n<p>Antes de comprar aMT Succinate, le recomendamos que verifique la legalidad de este qu\u00edmico con las autoridades correspondientes en su \u00e1rea o lugar de env\u00edo.<\/p>\n<p>&nbsp;<\/p>\n<p>Para garantizar la seguridad del cliente, tomamos las medidas adecuadas implementando estrictas medidas de seguridad en la venta de estos productos. No seremos responsables de ning\u00fan problema legal que pueda surgir como resultado de la compra de aMT Succinate en su pa\u00eds.<\/p>\n<p>&nbsp;<\/p>\n<h2><strong>\u00bfD\u00f3nde comprar aMT succinato?<\/strong><\/h2>\n<p>Chemical Planet es un proveedor y distribuidor l\u00edder de aMT Succinate y productos qu\u00edmicos relacionados. aMT Succinate se suministra \u00fanicamente para fines de investigaci\u00f3n de laboratorio y est\u00e1 disponible en forma de polvo. Esta sustancia solo est\u00e1 disponible para adultos mayores de 18 a\u00f1os y no debe usarse en humanos ni animales.<\/p>","protected":false},"excerpt":{"rendered":"<p><strong>Nombre IUPAC:<\/strong><\/p>\n<p><strong>CAS # <\/strong>299-26-3<\/p>\n<p><strong>Otro nombre: <\/strong>alfa-metiltriptamina<\/p>\n<p><strong>An\u00e1lisis de RMN: <\/strong>C11H14N2<\/p>","protected":false},"featured_media":8772,"comment_status":"open","ping_status":"closed","template":"","meta":[],"product_brand":[],"product_cat":[96],"product_tag":[],"class_list":{"0":"post-8725","1":"product","2":"type-product","3":"status-publish","4":"has-post-thumbnail","6":"product_cat-buy-tryptamines-online","8":"first","9":"instock","10":"shipping-taxable","11":"purchasable","12":"product-type-variable"},"jetpack_sharing_enabled":true,"_links":{"self":[{"href":"https:\/\/rezeptfrei-apotheke.net\/es\/wp-json\/wp\/v2\/product\/8725","targetHints":{"allow":["GET"]}}],"collection":[{"href":"https:\/\/rezeptfrei-apotheke.net\/es\/wp-json\/wp\/v2\/product"}],"about":[{"href":"https:\/\/rezeptfrei-apotheke.net\/es\/wp-json\/wp\/v2\/types\/product"}],"replies":[{"embeddable":true,"href":"https:\/\/rezeptfrei-apotheke.net\/es\/wp-json\/wp\/v2\/comments?post=8725"}],"wp:featuredmedia":[{"embeddable":true,"href":"https:\/\/rezeptfrei-apotheke.net\/es\/wp-json\/wp\/v2\/media\/8772"}],"wp:attachment":[{"href":"https:\/\/rezeptfrei-apotheke.net\/es\/wp-json\/wp\/v2\/media?parent=8725"}],"wp:term":[{"taxonomy":"product_brand","embeddable":true,"href":"https:\/\/rezeptfrei-apotheke.net\/es\/wp-json\/wp\/v2\/product_brand?post=8725"},{"taxonomy":"product_cat","embeddable":true,"href":"https:\/\/rezeptfrei-apotheke.net\/es\/wp-json\/wp\/v2\/product_cat?post=8725"},{"taxonomy":"product_tag","embeddable":true,"href":"https:\/\/rezeptfrei-apotheke.net\/es\/wp-json\/wp\/v2\/product_tag?post=8725"}],"curies":[{"name":"wp","href":"https:\/\/api.w.org\/{rel}","templated":true}]}}