{"id":8728,"date":"2023-10-21T10:59:44","date_gmt":"2023-10-21T10:59:44","guid":{"rendered":"https:\/\/rezeptfrei-apotheke.net\/?post_type=product&#038;p=8728"},"modified":"2023-10-30T20:42:46","modified_gmt":"2023-10-30T20:42:46","slug":"5-meo-dmt-freebase","status":"publish","type":"product","link":"https:\/\/rezeptfrei-apotheke.net\/es\/product\/5-meo-dmt-freebase\/","title":{"rendered":"Base libre de 5-MeO-DMT"},"content":{"rendered":"<h2><strong>Informaci\u00f3n general sobre Comprar base libre 5-MeO-DMT<\/strong><\/h2>\n<p>La base libre 5-Meo-DMT es un psicod\u00e9lico qu\u00edmico de investigaci\u00f3n de la clase de las triptaminas, de cuatro a varias veces m\u00e1s impresionante que su primo m\u00e1s conocido, la DMT (N, N-dimetiltriptamina).<\/p>\n<p>Parece encontrarse en una amplia variedad de \u00e1rboles y arbustos, frecuentemente cerca de DMT y bufotenina (5-HO-DMT), as\u00ed como en un tipo de rana. La base libre 5-Meo-DMT tambi\u00e9n se puede producir sint\u00e9ticamente.<\/p>\n<p>En Am\u00e9rica Central y del Sur, la base libre 5-MeO-DMT se obtiene con mayor frecuencia de Anadenanthera peregrine y Virola theiodora, las cuales generalmente se recolectan para hacer rap\u00e9 psicoactivo.<\/p>\n<p>Tambi\u00e9n se encuentra en la suave toxina blanca de la rana del desierto de Sonora, que es local en el suroeste de Estados Unidos y el noroeste de M\u00e9xico. La recolecci\u00f3n de veneno ha ejercido presi\u00f3n sobre la poblaci\u00f3n de habitantes de esta especie naturalmente delicada. Ahora se registra como de riesgo o se detecta localmente en algunos estados de EE. UU. Se recomienda buscar fuentes alternativas de 5-MeO DMT, como versiones sint\u00e9ticas o derivadas de plantas.<\/p>\n<h3><strong>Composici\u00f3n qu\u00edmica de la base libre 5-MeO-DMT<\/strong><\/h3>\n<p>2-(5-metoxi-1H-indol-3-il)-N,N-dimetiletanamina (5-metoxi-N,N-dimetiltriptamina, abreviado a 5-MeO-DMT) es un alcaloide de triptamina, un \u00e9ter de olor dulce. y una amina terciaria con una carga subat\u00f3mica de 218,298 g\/mol y la f\u00f3rmula qu\u00edmica C<sub>13<\/sub>h<sub>18<\/sub>norte<sub>2<\/sub>O. Como base libre, el 5-MeO-DMT es un color blanco fuerte con un punto de licuefacci\u00f3n de 69,5\u00b0C. Su solubilidad en agua es &gt;32,7 \u03bcg\/ml.<\/p>\n<h3><strong>Farmacolog\u00eda 5-MeO-DMT sustancia qu\u00edmica de investigaci\u00f3n<\/strong><\/h3>\n<p>Al igual que las otras triptaminas, el kopen de base libre 5-MeO-DMT tiene una estructura b\u00e1sica similar a la DMT pero tiene un grupo metoxi en la posici\u00f3n R5. Funciona b\u00e1sicamente como agonista del receptor de serotonina (5-HT), con una afici\u00f3n restrictiva espec\u00edfica al subtipo de receptor 5-HT1A. Se vincula con 5-HT2A y sigue a los receptores de aminas, posiblemente mediando efectos alucin\u00f3genos con estos \u00faltimos. Tambi\u00e9n se recuerda que la inhibici\u00f3n de la recaptaci\u00f3n de neurotransmisores como la noradrenalina y la dopamina est\u00e1 relacionada con la capacidad del 5-MeO-DMT.<\/p>\n<h3><strong>Compra de 5-MeO-DMT de alta calidad<\/strong><\/h3>\n<p>TRRCSHOP tiene muchos a\u00f1os de experiencia en la industria del dise\u00f1o de productos qu\u00edmicos de investigaci\u00f3n, lo que nos permite garantizar la m\u00e1s alta calidad de estos productos qu\u00edmicos de investigaci\u00f3n. El equipo de investigaci\u00f3n qu\u00edmica vende monedas de base libre 5-MeO-DMT. Los productos qu\u00edmicos de investigaci\u00f3n, incluidas las bases libres 5-MeO-DMT, cumplen todos los requisitos de seguridad. Los productos qu\u00edmicos de investigaci\u00f3n se distribuyen y almacenan cuidadosamente en un lugar fresco y seco.<\/p>\n<p>Todos los productos se inspeccionan peri\u00f3dicamente para comprobar su calidad, pureza y seguridad. Mantenga siempre la base libre de 5-MeO-DMT a temperatura ambiente y fuera del alcance de los ni\u00f1os y las mascotas. Nuestra base gratuita 5-MeO-DMT no est\u00e1 dise\u00f1ada para uso personal. Es s\u00f3lo para fines de investigaci\u00f3n.<\/p>\n<p>\u00a1No debe mezclarse con alcohol ni productos qu\u00edmicos de investigaci\u00f3n al investigar este producto qu\u00edmico de investigaci\u00f3n!<\/p>\n<p>\u00a1Todos nuestros productos tienen un precio justo!<\/p>\n<h3><strong>Base libre de 5-MeO-DMT probada en laboratorio con resultados.<\/strong><\/h3>\n<p>Rehace avances hacia el cumplimiento general de sus clientes. Diferentes ex\u00e1menes han demostrado que los clientes solicitan tanta informaci\u00f3n como esperan antes de comprar productos qu\u00edmicos de investigaci\u00f3n sint\u00e9ticos. Adem\u00e1s, publicamos todos los resultados de laboratorio de cada compuesto de prueba en un registro PDF.<\/p>\n<p>Nuestra base libre de 5-MeO-DMT cumple constantemente con los ingredientes activos y todos pueden verla f\u00e1cilmente.<\/p>\n<p>Distribuimos todas las consecuencias de laboratorio de cada producto qu\u00edmico de investigaci\u00f3n en un documento PDF.<\/p>\n<h3><strong>Realice su pedido de forma segura desde la base gratuita 5-MeO-DMT.<\/strong><\/h3>\n<p>Los productos qu\u00edmicos de investigaci\u00f3n de dise\u00f1o TRRCSHOP son de excelente calidad y tienen un costo justo. Por lo tanto, cuando solicite su\u00a0<strong>Base libre de 5-MeO-DMT\u00a0<\/strong>En TRRCSHOP te garantizamos que trasladaremos tu solicitud a tu domicilio de forma r\u00e1pida y segura.<\/p>\n<p>Solicitar compuestos de investigaci\u00f3n sint\u00e9ticos con Bitcoin o transferencia bancaria es sencillo en TRRCSHOP.<\/p>\n<p>Enviamos la base gratuita 5-MeO-DMT el mismo d\u00eda laborable si el pago se recibe antes de las 2:00 p. m. CEST. Por lo general, no realizamos env\u00edos los s\u00e1bados, domingos ni feriados nacionales\/internacionales.<strong>.<\/strong><\/p>\n<h3><strong>Env\u00edo discreto de productos qu\u00edmicos de investigaci\u00f3n.<\/strong><\/h3>\n<p>Aunque los productos qu\u00edmicos de investigaci\u00f3n de dise\u00f1o est\u00e1n legalmente disponibles en l\u00ednea, en Rchemshop entregamos de forma m\u00e1s segura y razonable. Adem\u00e1s, empaquetamos con perfecto sigilo y en el exterior no se mostrar\u00e1 ninguna se\u00f1al de lo que podr\u00eda haber dentro.<\/p>\n<p>Enviamos pedidos superiores a 500 euros con track and follow para que puedas seguir tu paquete de forma progresiva. Enviamos pedidos superiores a 500 euros con la ruta accesible.<\/p>\n<p>\u00a1No suministramos art\u00edculos a personas menores de 18 a\u00f1os!<\/p>\n<h3><strong>Precauciones<\/strong><\/h3>\n<ul>\n<li>Compre el producto qu\u00edmico de investigaci\u00f3n 5-MeO-DMT y el equipo de protecci\u00f3n individual adecuado, como gafas y guantes. L\u00edmpielos y cu\u00eddelos adecuadamente. Siga sistemas seguros cuando manipule productos qu\u00edmicos de investigaci\u00f3n y no tome atajos.<\/li>\n<li>Si el producto qu\u00edmico de la investigaci\u00f3n entra en contacto con los ojos, enju\u00e1guelos bien y elimine las lentes de contacto si es necesario.<\/li>\n<li>Trate de usar una mascarilla mientras usa estos qu\u00edmicos para que no entren en su interior mientras respira.<\/li>\n<li>Como indican los m\u00e9todos admitidos, manipule, almacene y elimine de forma segura los materiales peligrosos. Nunca los viertas por alcantarillas o canales.<\/li>\n<li>Almacene los productos qu\u00edmicos de investigaci\u00f3n de manera adecuada, como se indica en sus nombres. Los productos qu\u00edmicos inflamables deben guardarse en cannabis seco y limpio, lejos de la intensidad y la luz solar. Algunos sint\u00e9ticos, como los \u00e1cidos, deben eliminarse independientemente unos de otros.<\/li>\n<li>TRRCSHOP se ofrece con fines de investigaci\u00f3n; El consumo humano est\u00e1 totalmente prohibido.<\/li>\n<\/ul>","protected":false},"excerpt":{"rendered":"<p><strong>Nombre IUPAC: <\/strong>2-(5-metoxi-1H-indol-3-il)-N,N-dimetiletaanamina<\/p>\n<p><strong>CAS # <\/strong>1019-45-0<\/p>\n<p><strong>Otro nombre: <\/strong>5-metoxi-N,N-dimetiltriptamina<\/p>\n<p><strong>Apariencia: <\/strong>polvo<\/p>\n<p><strong>Forma: <\/strong>base libre<\/p>\n<p><strong>An\u00e1lisis de RMN: <\/strong>C13H18N2O<\/p>","protected":false},"featured_media":8775,"comment_status":"open","ping_status":"closed","template":"","meta":[],"product_brand":[],"product_cat":[96],"product_tag":[],"class_list":{"0":"post-8728","1":"product","2":"type-product","3":"status-publish","4":"has-post-thumbnail","6":"product_cat-buy-tryptamines-online","8":"first","9":"instock","10":"shipping-taxable","11":"purchasable","12":"product-type-variable"},"jetpack_sharing_enabled":true,"_links":{"self":[{"href":"https:\/\/rezeptfrei-apotheke.net\/es\/wp-json\/wp\/v2\/product\/8728","targetHints":{"allow":["GET"]}}],"collection":[{"href":"https:\/\/rezeptfrei-apotheke.net\/es\/wp-json\/wp\/v2\/product"}],"about":[{"href":"https:\/\/rezeptfrei-apotheke.net\/es\/wp-json\/wp\/v2\/types\/product"}],"replies":[{"embeddable":true,"href":"https:\/\/rezeptfrei-apotheke.net\/es\/wp-json\/wp\/v2\/comments?post=8728"}],"wp:featuredmedia":[{"embeddable":true,"href":"https:\/\/rezeptfrei-apotheke.net\/es\/wp-json\/wp\/v2\/media\/8775"}],"wp:attachment":[{"href":"https:\/\/rezeptfrei-apotheke.net\/es\/wp-json\/wp\/v2\/media?parent=8728"}],"wp:term":[{"taxonomy":"product_brand","embeddable":true,"href":"https:\/\/rezeptfrei-apotheke.net\/es\/wp-json\/wp\/v2\/product_brand?post=8728"},{"taxonomy":"product_cat","embeddable":true,"href":"https:\/\/rezeptfrei-apotheke.net\/es\/wp-json\/wp\/v2\/product_cat?post=8728"},{"taxonomy":"product_tag","embeddable":true,"href":"https:\/\/rezeptfrei-apotheke.net\/es\/wp-json\/wp\/v2\/product_tag?post=8728"}],"curies":[{"name":"wp","href":"https:\/\/api.w.org\/{rel}","templated":true}]}}