{"id":8729,"date":"2023-10-21T10:59:44","date_gmt":"2023-10-21T10:59:44","guid":{"rendered":"https:\/\/rezeptfrei-apotheke.net\/?post_type=product&#038;p=8729"},"modified":"2023-10-30T20:38:30","modified_gmt":"2023-10-30T20:38:30","slug":"ept","status":"publish","type":"product","link":"https:\/\/rezeptfrei-apotheke.net\/es\/product\/ept\/","title":{"rendered":"EPT"},"content":{"rendered":"<h2 style=\"font-weight: 500;\"><span data-contrast=\"none\">Qu\u00e9<\/span><span data-contrast=\"none\">\u00a0Qu\u00e9 es EPT?\u00a0<\/span><span data-ccp-props=\"{}\">\u00a0<\/span><\/h2>\n<p><span data-contrast=\"none\">EPT es la abreviatura de\u00a0<\/span><span data-contrast=\"auto\">N-Etil-N-<\/span><span data-contrast=\"auto\">propiltriptamina<\/span><span data-contrast=\"auto\">. Pertenece a la clase de sustancias qu\u00edmicas triptamina. EPT es una triptamina relativamente nueva y relativamente oscura. De hecho, se desconoce la fecha de s\u00edntesis original de EPT. Sin embargo, ha estado disponible para la venta en el mercado de investigaci\u00f3n desde 2016. Los resultados de la investigaci\u00f3n de los experimentos de laboratorio de EPT generalmente se describen como menos intensos que los de otras triptaminas, como DMT, DET y DPT. Entonces, si est\u00e1 buscando una alternativa m\u00e1s suave a DMT, DET o DPT, entonces EPT es una opci\u00f3n s\u00f3lida para usted.\u00a0<\/span><span data-ccp-props=\"{}\">\u00a0<\/span><\/p>\n<p style=\"font-weight: 400;\">\n<h2 style=\"font-weight: 500;\"><span data-contrast=\"none\">\u00bfD\u00f3nde comprar EPT?\u00a0<\/span><span data-ccp-props=\"{}\">\u00a0<\/span><\/h2>\n<p><span data-contrast=\"none\">Chemical Planet es uno de los principales proveedores de EPT. Vendemos EPT tanto en el\u00a0<\/span><span data-contrast=\"none\">clorhidrato<\/span><span data-contrast=\"none\">\u00a0y formas de fumarato en polvo. Sin embargo, si prefiere otras formas del producto qu\u00edmico, no dude en contactarnos para ver si lo tenemos disponible.\u00a0<\/span><span data-ccp-props=\"{}\">\u00a0<\/span><\/p>\n<p><span data-contrast=\"none\">Para comprar EPT de Chemical Planet, debe tener permiso legal para hacerlo en su pa\u00eds y tambi\u00e9n debe ser mayor de 18 a\u00f1os. Nuestro EPT solo est\u00e1 destinado a fines de investigaci\u00f3n. No est\u00e1 dise\u00f1ado para uso animal o humano.\u00a0<\/span><span data-ccp-props=\"{}\">\u00a0<\/span><\/p>\n<p><span data-ccp-props=\"{}\">\u00a0<\/span><\/p>\n<h2 style=\"font-weight: 500;\"><span data-contrast=\"none\">Legalidad del EPT<\/span><span data-ccp-props=\"{}\">\u00a0<\/span><\/h2>\n<p><span data-contrast=\"none\">EPT es un medicamento de Clase A en el Reino Unido. En Estados Unidos no est\u00e1 programado. Sin embargo, podr\u00eda considerarse un an\u00e1logo del DMT, que es un medicamento de Lista I.<\/span><\/p>","protected":false},"excerpt":{"rendered":"<p><strong>Nombre IUPAC: <\/strong>3-[2-(Etil(propil)amino)etil]-1H-indol<\/p>\n<p><strong>Otro nombre: <\/strong>N-etil-N-propiltriptamina<\/p>\n<p><strong>Apariencia: <\/strong>polvo<\/p>\n<p><strong>Forma: <\/strong>fumarato<\/p>\n<p><strong>An\u00e1lisis de RMN: <\/strong>N \/ A<\/p>","protected":false},"featured_media":8776,"comment_status":"open","ping_status":"closed","template":"","meta":[],"product_brand":[],"product_cat":[96],"product_tag":[],"class_list":{"0":"post-8729","1":"product","2":"type-product","3":"status-publish","4":"has-post-thumbnail","6":"product_cat-buy-tryptamines-online","8":"first","9":"instock","10":"shipping-taxable","11":"purchasable","12":"product-type-variable"},"jetpack_sharing_enabled":true,"_links":{"self":[{"href":"https:\/\/rezeptfrei-apotheke.net\/es\/wp-json\/wp\/v2\/product\/8729","targetHints":{"allow":["GET"]}}],"collection":[{"href":"https:\/\/rezeptfrei-apotheke.net\/es\/wp-json\/wp\/v2\/product"}],"about":[{"href":"https:\/\/rezeptfrei-apotheke.net\/es\/wp-json\/wp\/v2\/types\/product"}],"replies":[{"embeddable":true,"href":"https:\/\/rezeptfrei-apotheke.net\/es\/wp-json\/wp\/v2\/comments?post=8729"}],"wp:featuredmedia":[{"embeddable":true,"href":"https:\/\/rezeptfrei-apotheke.net\/es\/wp-json\/wp\/v2\/media\/8776"}],"wp:attachment":[{"href":"https:\/\/rezeptfrei-apotheke.net\/es\/wp-json\/wp\/v2\/media?parent=8729"}],"wp:term":[{"taxonomy":"product_brand","embeddable":true,"href":"https:\/\/rezeptfrei-apotheke.net\/es\/wp-json\/wp\/v2\/product_brand?post=8729"},{"taxonomy":"product_cat","embeddable":true,"href":"https:\/\/rezeptfrei-apotheke.net\/es\/wp-json\/wp\/v2\/product_cat?post=8729"},{"taxonomy":"product_tag","embeddable":true,"href":"https:\/\/rezeptfrei-apotheke.net\/es\/wp-json\/wp\/v2\/product_tag?post=8729"}],"curies":[{"name":"wp","href":"https:\/\/api.w.org\/{rel}","templated":true}]}}