{"id":8995,"date":"2023-10-21T11:00:54","date_gmt":"2023-10-21T11:00:54","guid":{"rendered":"https:\/\/rezeptfrei-apotheke.net\/?post_type=product&#038;p=8995"},"modified":"2025-11-01T23:20:28","modified_gmt":"2025-11-01T23:20:28","slug":"buy-4-ho-malt","status":"publish","type":"product","link":"https:\/\/rezeptfrei-apotheke.net\/es\/product\/buy-4-ho-malt\/","title":{"rendered":"4-ACO-MALTA"},"content":{"rendered":"<h2><strong>COMPRAR 4-HO-MALTA<\/strong><\/h2>\n<p>El 4-HO-MALT, tambi\u00e9n conocido como 4-Acetoxi-MALT, es una sustancia relativamente poco com\u00fan y muy rara de la clase de las triptaminas y es similar al 4-acetoxi-DMT y al 5-MeO-MALT. La estructura molecular y los efectos farmacol\u00f3gicos del 4-HO-MALT se parecen un poco a los de la triptamina psilocina, que es la principal sustancia qu\u00edmica psicoactiva de los hongos m\u00e1gicos. Los hongos de psilocibina, m\u00e1s conocidos como hongos m\u00e1gicos, hongos psicod\u00e9licos, setas m\u00e1gicas y hongos, son una familia de hongos psicoactivos que contienen psilocibina, una clase psicod\u00e9lica de triptamina. La psilocina es una sustancia psicod\u00e9lica natural y el principal componente psicoactivo de ciertas especies de hongos. Los hongos psilocibina se encuentran en todos los continentes y se clasifican en m\u00e1s de 200 especies.<\/p>\n<p>&nbsp;<\/p>\n<h2><strong>\u00bfC\u00d3MO UTILIZAR EL POLVO DE MALTA 4-HO?<\/strong><\/h2>\n<p>Compre 4-HO-MALT y una de las mejores triptaminas psicod\u00e9licas online en forma de polvo de la m\u00e1s alta calidad. 4-HO-MALT est\u00e1 disponible en cantidades de 0,25gr, 0,5gr, 1gr y 2gr. Aseg\u00farese de almacenar el polvo 4-HO-MALT en un lugar seco y fresco para una vida \u00fatil m\u00e1xima. Al manipular productos qu\u00edmicos de investigaci\u00f3n, aseg\u00farese de tomar siempre las precauciones adecuadas en el laboratorio, como limpiar las superficies y usar guantes, mascarilla y ropa protectora. Recomendamos encarecidamente utilizar pr\u00e1cticas de reducci\u00f3n de da\u00f1os al utilizar productos qu\u00edmicos de investigaci\u00f3n.<\/p>\n<p>&nbsp;<\/p>\n<h2><strong>DEFINICI\u00d3N 4-HO-MALTA<\/strong><\/h2>\n<p>La definici\u00f3n de 4-HO-MALT se conoce oficialmente como 4-Acetoxy-MALT y es una sustancia relativamente poco com\u00fan y muy rara de la clase de las triptaminas.<\/p>\n<p>&nbsp;<\/p>\n<h2><strong>INFORMACI\u00d3N B\u00c1SICA DE QU\u00cdMICA 4-HO-MALT<\/strong><\/h2>\n<p>4-HO-MALT es similar a 4-acetoxi-DMT y 5-MeO-MALT. La estructura molecular y los resultados farmacol\u00f3gicos del 4-acetoxi-MALT se parecen un poco a los de la triptamina psilocina, que es la principal sustancia qu\u00edmica psicoactiva de los hongos m\u00e1gicos. La psilocibina est\u00e1 qu\u00edmicamente relacionada con el amino\u00e1cido tript\u00f3fano y estructuralmente similar al neurotransmisor serotonina. Las sustancias de la clase de las triptaminas comparten el n\u00facleo de un ciclo de indol bic\u00edclico.<\/p>\n<p>&nbsp;<\/p>\n<h2><strong>D\u00d3NDE COMPRAR 4-HO-MALT<\/strong><\/h2>\n<p>4-HO-MALT se puede comprar aqu\u00ed en el <a href=\"https:\/\/rezeptfrei-apotheke.net\/es\/\">rchemshop<\/a> sitio web. Vendemos 4-HO-MALT de primera calidad, normalmente en polvo. Sin embargo, a menudo tenemos otras formas de sustancia disponibles, as\u00ed que no dude en contactarnos para ver si tenemos en stock su forma de sustancia preferida. Debe tener al menos 18 a\u00f1os para comprarnos 4-HO-MALT.<\/p>","protected":false},"excerpt":{"rendered":"<p><strong>Nombre IUPAC: <\/strong>Acetato de 3-(2-(alil(metil)amino)etil)-1H-indol-4-ilo<\/p>\n<p><strong>Otro nombre: <\/strong>4-acetoxi-MALT<\/p>\n<p><strong>An\u00e1lisis de RMN: <\/strong>C16H20N2O2<\/p>","protected":false},"featured_media":9018,"comment_status":"open","ping_status":"closed","template":"","meta":[],"product_brand":[],"product_cat":[96],"product_tag":[],"class_list":{"0":"post-8995","1":"product","2":"type-product","3":"status-publish","4":"has-post-thumbnail","6":"product_cat-buy-tryptamines-online","8":"first","9":"instock","10":"shipping-taxable","11":"purchasable","12":"product-type-variable"},"jetpack_sharing_enabled":true,"_links":{"self":[{"href":"https:\/\/rezeptfrei-apotheke.net\/es\/wp-json\/wp\/v2\/product\/8995","targetHints":{"allow":["GET"]}}],"collection":[{"href":"https:\/\/rezeptfrei-apotheke.net\/es\/wp-json\/wp\/v2\/product"}],"about":[{"href":"https:\/\/rezeptfrei-apotheke.net\/es\/wp-json\/wp\/v2\/types\/product"}],"replies":[{"embeddable":true,"href":"https:\/\/rezeptfrei-apotheke.net\/es\/wp-json\/wp\/v2\/comments?post=8995"}],"wp:featuredmedia":[{"embeddable":true,"href":"https:\/\/rezeptfrei-apotheke.net\/es\/wp-json\/wp\/v2\/media\/9018"}],"wp:attachment":[{"href":"https:\/\/rezeptfrei-apotheke.net\/es\/wp-json\/wp\/v2\/media?parent=8995"}],"wp:term":[{"taxonomy":"product_brand","embeddable":true,"href":"https:\/\/rezeptfrei-apotheke.net\/es\/wp-json\/wp\/v2\/product_brand?post=8995"},{"taxonomy":"product_cat","embeddable":true,"href":"https:\/\/rezeptfrei-apotheke.net\/es\/wp-json\/wp\/v2\/product_cat?post=8995"},{"taxonomy":"product_tag","embeddable":true,"href":"https:\/\/rezeptfrei-apotheke.net\/es\/wp-json\/wp\/v2\/product_tag?post=8995"}],"curies":[{"name":"wp","href":"https:\/\/api.w.org\/{rel}","templated":true}]}}