{"id":8996,"date":"2023-10-21T11:00:54","date_gmt":"2023-10-21T11:00:54","guid":{"rendered":"https:\/\/rezeptfrei-apotheke.net\/?post_type=product&#038;p=8996"},"modified":"2025-09-17T03:36:44","modified_gmt":"2025-09-17T03:36:44","slug":"buy-5-meo-mipt","status":"publish","type":"product","link":"https:\/\/rezeptfrei-apotheke.net\/es\/product\/buy-5-meo-mipt\/","title":{"rendered":"5-MeO-MiPT"},"content":{"rendered":"<h2><strong>COMPRAR 5-MEO-MIPT<\/strong><\/h2>\n<p>La 5-MeO-MiPT, tambi\u00e9n conocida como 5-metoxi-N-metil-N-isopropiltriptamina y moxi, es un psicod\u00e9lico menos conocido de la clase de las triptaminas. 5-MeO-MiPT est\u00e1 estructuralmente relacionado con otras triptaminas como 5-MeO-DMT y 5-MeO-DiPT. Es poco com\u00fan en comparaci\u00f3n con la dietilamida del \u00e1cido lis\u00e9rgico y la psilocina, pero ya existe desde hace un par de d\u00e9cadas. El 5-MeO-MiPT hace que el reactivo de Ehrlich se vuelva violeta y luego se desvanezca hasta un azul tenue. Hace que el reactivo marqu\u00e9s pase de amarillo a negro. Se cree que los resultados de la investigaci\u00f3n psicoactiva provienen de la actividad de los receptores de serotonina.<\/p>\n<p>La s\u00edntesis de 5-MeO-MiPT fue reportada por primera vez en 1985 por David Repke y Alexander Shulgin y descrita en el libro de Shulgin TiHKAL \u201cTryptamines I Have Known and Loved\u201d.<\/p>\n<p>Los informes de investigaci\u00f3n describen los efectos del 5-MeO-MiPT como altamente estimulantes y ligeramente entactog\u00e9nicos, sin los resultados psicod\u00e9licos t\u00edpicos. Se sabe muy poco sobre el 5-MeO-MiPT y tiene un historial limitado en el mercado de productos qu\u00edmicos de investigaci\u00f3n. Recomendamos encarecidamente utilizar pr\u00e1cticas de reducci\u00f3n de da\u00f1os al investigar esta sustancia.<\/p>\n<p>&nbsp;<\/p>\n<h2><strong>\u00bfC\u00d3MO UTILIZAR EL POLVO Y LOS PELLETS 5-MEO-MIPT?<\/strong><\/h2>\n<p>En Realchems puede comprar 5-MeO-MIPT en l\u00ednea en forma de polvo y gr\u00e1nulos de la m\u00e1s alta calidad. Compre 5-MeO-MIPT en polvo en cantidades de 0,25 g, 0,5 g, 1 g y 2 g o compre gr\u00e1nulos de 5-MeO-MIPT en cantidades que oscilan entre 1 y 25. Aseg\u00farese de almacenar el polvo o los gr\u00e1nulos de 5-MeO-MIPT en un lugar seco y fresco para obtener la m\u00e1xima vida \u00fatil. Al manipular productos qu\u00edmicos de investigaci\u00f3n, aseg\u00farese de tomar siempre las precauciones adecuadas en el laboratorio, como limpiar las superficies y usar guantes, mascarilla y ropa protectora.<\/p>\n<p>&nbsp;<\/p>\n<h2><strong>DEFINICI\u00d3N 5-MEO-MIPT<\/strong><\/h2>\n<p>La definici\u00f3n de 5-MeO-MIPT se conoce oficialmente como 5-metoxi-N-metil-N-isopropiltriptamina y com\u00fanmente se conoce como moxi. Es una triptamina menos conocida estructuralmente relacionada con 5-MeO-DMT y 5-MeO-DiPT.<\/p>\n<p>&nbsp;<\/p>\n<h2><strong>INFORMACI\u00d3N ANTECEDENTE DE QU\u00cdMICA 5-MEO-MIPT<\/strong><\/h2>\n<p>El 5-MeO-MiPT es estructuralmente similar a la sustancia m\u00e1s popular 5-MeO-DiPT, tambi\u00e9n conocida como foxy metoxi, por lo que el 5-MeO-MiPT recibe el sobrenombre de &quot;moxi&quot;. El 5-MeO-MiPT fue sintetizado por primera vez en 1985 por David Repke y Alexander Shulgin. Algunos investigadores informan los resultados t\u00edpicos del 5-MeO-DiPT sin ninguno de los efectos no deseados y mucho m\u00e1s psicod\u00e9licos en comparaci\u00f3n con el 5-MeO-DMT.<\/p>\n<p>Los investigadores creen que el 5-MeO-MiPT act\u00faa principalmente debido al agonismo del receptor 5-HT2A. Se une con mayor fuerza a los receptores 5-HT1A; tambi\u00e9n muestra una afinidad de uni\u00f3n bastante fuerte por SERT y NET, actuando como un inhibidor de la recaptaci\u00f3n de serotonina-norepinefrina moderadamente potente. Se sabe muy poco sobre el 5-MeO-MiPT y tiene una breve trayectoria en el mercado de productos qu\u00edmicos de investigaci\u00f3n. Recomendamos encarecidamente utilizar pr\u00e1cticas de reducci\u00f3n de da\u00f1os al estudiar esta sustancia.<\/p>\n<p>&nbsp;<\/p>\n<h2><strong>D\u00d3NDE COMPRAR 5-MEO-MIPT<\/strong><\/h2>\n<p>5-MeO-MIPT se puede comprar aqu\u00ed en el <a href=\"https:\/\/rezeptfrei-apotheke.net\/es\/\">Rchemshop<\/a> sitio web. Vendemos 5-MeO-MIPT de primera calidad, generalmente en polvo y gr\u00e1nulos. Sin embargo, a menudo tenemos otras formas de sustancia disponibles, as\u00ed que no dude en contactarnos para ver si tenemos en stock su forma de sustancia preferida. Debe tener al menos 18 a\u00f1os para comprarnos 5-MeO-MIPT.<\/p>","protected":false},"excerpt":{"rendered":"<p><strong>Nombre IUPAC: <\/strong>N-[2-(5-Metoxi-1H-indol-3-il)etil]-N-metilpropan-2-amina<\/p>\n<p><strong>CAS # <\/strong>96096-55-8<\/p>\n<p><strong>Apariencia: <\/strong>polvo<\/p>\n<p><strong>Forma: <\/strong>HCl<\/p>\n<p><strong>An\u00e1lisis de RMN: <\/strong>C15H22N2O<\/p>","protected":false},"featured_media":9019,"comment_status":"open","ping_status":"closed","template":"","meta":[],"product_brand":[],"product_cat":[96],"product_tag":[],"class_list":{"0":"post-8996","1":"product","2":"type-product","3":"status-publish","4":"has-post-thumbnail","6":"product_cat-buy-tryptamines-online","8":"first","9":"instock","10":"shipping-taxable","11":"purchasable","12":"product-type-variable"},"jetpack_sharing_enabled":true,"_links":{"self":[{"href":"https:\/\/rezeptfrei-apotheke.net\/es\/wp-json\/wp\/v2\/product\/8996","targetHints":{"allow":["GET"]}}],"collection":[{"href":"https:\/\/rezeptfrei-apotheke.net\/es\/wp-json\/wp\/v2\/product"}],"about":[{"href":"https:\/\/rezeptfrei-apotheke.net\/es\/wp-json\/wp\/v2\/types\/product"}],"replies":[{"embeddable":true,"href":"https:\/\/rezeptfrei-apotheke.net\/es\/wp-json\/wp\/v2\/comments?post=8996"}],"wp:featuredmedia":[{"embeddable":true,"href":"https:\/\/rezeptfrei-apotheke.net\/es\/wp-json\/wp\/v2\/media\/9019"}],"wp:attachment":[{"href":"https:\/\/rezeptfrei-apotheke.net\/es\/wp-json\/wp\/v2\/media?parent=8996"}],"wp:term":[{"taxonomy":"product_brand","embeddable":true,"href":"https:\/\/rezeptfrei-apotheke.net\/es\/wp-json\/wp\/v2\/product_brand?post=8996"},{"taxonomy":"product_cat","embeddable":true,"href":"https:\/\/rezeptfrei-apotheke.net\/es\/wp-json\/wp\/v2\/product_cat?post=8996"},{"taxonomy":"product_tag","embeddable":true,"href":"https:\/\/rezeptfrei-apotheke.net\/es\/wp-json\/wp\/v2\/product_tag?post=8996"}],"curies":[{"name":"wp","href":"https:\/\/api.w.org\/{rel}","templated":true}]}}