{"id":9007,"date":"2023-10-21T11:00:55","date_gmt":"2023-10-21T11:00:55","guid":{"rendered":"https:\/\/rezeptfrei-apotheke.net\/?post_type=product&#038;p=9007"},"modified":"2026-02-15T15:21:11","modified_gmt":"2026-02-15T15:21:11","slug":"buy-4-aco-mipt-online","status":"publish","type":"product","link":"https:\/\/rezeptfrei-apotheke.net\/es\/product\/buy-4-aco-mipt-online\/","title":{"rendered":"4-ACO-MIPT"},"content":{"rendered":"<div class=\"wpb-content-wrapper\"><div class=\"vc_row wpb_row vc_row-fluid\"><div class=\"wpb_column vc_column_container vc_col-sm-12\"><div class=\"vc_column-inner\"><div class=\"wpb_wrapper\">\n\t<div class=\"wpb_text_column wpb_content_element\" >\n\t\t<div class=\"wpb_wrapper\">\n\t\t\t<h2>Buy 4-ACO-MIPT Online<\/h2>\n<p>4-AcO-MiPT, o 4-Acetoxi-MiPT, tambi\u00e9n conocida como mipracetina, es una triptamina psicod\u00e9lica. En RealChems puede comprar 4-AcO-MiPT en forma de polvo de la m\u00e1s alta calidad, disponible en cantidades de 0,25 gramos, 0,5 gramos, 1 gramo y 2 gramos.<\/p>\n<p>Debido a que el compuesto es relativamente nuevo y poco estudiado, no hay muchos datos farmacol\u00f3gicos disponibles. Sin embargo, la mayor\u00eda de los compuestos de 4-AcO, y las triptaminas en general, suelen ser seguros a menos que se utilicen en exceso o produzcan efectos secundarios obvios, como una carga corporal pesada.<\/p>\n<h2><strong>C\u00d3MO UTILIZAR EL POLVO 4-ACO-MIPT\u00a0<\/strong><\/h2>\n<p>Realchems tiene 4-AcO-MiPT a la venta en forma de polvo de la m\u00e1s alta calidad. Puede comprar 4-AcO-MiPT en polvo en cantidades de 0,25 gramos, 0,5 gramos, 1 gramo o 2 gramos. Aseg\u00farese de almacenar el 4-AcO-MiPT en un lugar seco y fresco para obtener la m\u00e1xima vida \u00fatil. Al manipular productos qu\u00edmicos de investigaci\u00f3n, aseg\u00farese de tomar siempre las precauciones adecuadas en el laboratorio, como limpiar las superficies y usar guantes, mascarilla y ropa protectora.<\/p>\n<p>Para la mayor\u00eda, el 4-AcO-MiPT en forma de polvo es la mejor manera de experimentar con esta sustancia. El polvo se puede utilizar de forma experimental solo, pero tambi\u00e9n se puede diluir en l\u00edquido y mezclar con un frasco cuentagotas. Generalmente, obtiene un mejor trato cuando compra 4-AcO-MiPT en polvo que si comprara otras formas porque no est\u00e1 pagando el costo de preparar el producto.<\/p>\n<h2><strong>DEFINICI\u00d3N 4-ACO-MIPT<\/strong><\/h2>\n<p>La definici\u00f3n de f\u00e1rmaco 4-AcO-MiPT se conoce oficialmente como 4-Acetoxy-MiPT, tambi\u00e9n conocida como mipracetina, es un compuesto psicod\u00e9lico que se compara m\u00e1s com\u00fanmente con la psilocina o 4-AcO MiPT.<\/p>\n<h2><strong>INFORMACI\u00d3N ANTECEDENTE DE QU\u00cdMICA 4-ACO-MIPT<\/strong><\/h2>\n<p>Debido a las similitudes compartidas entre 4-AcO-MiPT y 4-HO-MiPT, los investigadores han especulado si 4-Acetoxy-MiPT no se transforma f\u00e1cilmente en 4-HO-MiPT. Esto es similar a la conversi\u00f3n de psilocibina, que se convierte f\u00e1cilmente en psilocina.<\/p>\n<p>Debido a esto, los efectos tanto del 4-AcO-MiPT como del 4-HO-MiPT son extremadamente similares, aunque se podr\u00eda esperar que la cantidad requerida de 4-AcO-MiPT para la investigaci\u00f3n fuera algo mayor. Si, de hecho, la sustancia se convierte f\u00e1cilmente en 4-HO-MiPT, es probable que parte se pierda en el proceso de conversi\u00f3n y, por lo tanto, se necesitar\u00e1 una dosis m\u00e1s alta.<\/p>\n<h2><strong>D\u00d3NDE COMPRAR 4-ACO-MIPT<\/strong><\/h2>\n<p>4-AcO-MiPT se puede comprar aqu\u00ed en el <a href=\"https:\/\/rezeptfrei-apotheke.net\/es\/\">Rchemshop<\/a> Vendemos 4-AcO-MiPT de primera calidad, normalmente en polvo. Sin embargo, a menudo tenemos otras formas de sustancia disponibles, as\u00ed que no dude en contactarnos para ver si tenemos en stock su forma de sustancia preferida. Debe tener al menos 18 a\u00f1os para comprarnos 4-AcO-MiPT.<\/p>\n\n\t\t<\/div>\n\t<\/div>\n<\/div><\/div><\/div><\/div>\n<\/div>","protected":false},"excerpt":{"rendered":"<p><strong>Nombre IUPAC: <\/strong>Acetato de [3-[2-[isopropil(metil)amino]etil]-1H-indol-4-il]<\/p>\n<p><strong>Otro nombre: <\/strong>4-Acetoxi-N-isopropil-N-metiltriptamina<\/p>\n<p><strong>Apariencia: <\/strong>polvo<\/p>\n<p><strong>Forma: <\/strong>fumarato<\/p>\n<p><strong>An\u00e1lisis de RMN: <\/strong>N \/ A<\/p>","protected":false},"featured_media":9027,"comment_status":"open","ping_status":"closed","template":"","meta":[],"product_brand":[],"product_cat":[96],"product_tag":[],"class_list":{"0":"post-9007","1":"product","2":"type-product","3":"status-publish","4":"has-post-thumbnail","6":"product_cat-buy-tryptamines-online","8":"first","9":"instock","10":"shipping-taxable","11":"purchasable","12":"product-type-variable"},"jetpack_sharing_enabled":true,"_links":{"self":[{"href":"https:\/\/rezeptfrei-apotheke.net\/es\/wp-json\/wp\/v2\/product\/9007","targetHints":{"allow":["GET"]}}],"collection":[{"href":"https:\/\/rezeptfrei-apotheke.net\/es\/wp-json\/wp\/v2\/product"}],"about":[{"href":"https:\/\/rezeptfrei-apotheke.net\/es\/wp-json\/wp\/v2\/types\/product"}],"replies":[{"embeddable":true,"href":"https:\/\/rezeptfrei-apotheke.net\/es\/wp-json\/wp\/v2\/comments?post=9007"}],"wp:featuredmedia":[{"embeddable":true,"href":"https:\/\/rezeptfrei-apotheke.net\/es\/wp-json\/wp\/v2\/media\/9027"}],"wp:attachment":[{"href":"https:\/\/rezeptfrei-apotheke.net\/es\/wp-json\/wp\/v2\/media?parent=9007"}],"wp:term":[{"taxonomy":"product_brand","embeddable":true,"href":"https:\/\/rezeptfrei-apotheke.net\/es\/wp-json\/wp\/v2\/product_brand?post=9007"},{"taxonomy":"product_cat","embeddable":true,"href":"https:\/\/rezeptfrei-apotheke.net\/es\/wp-json\/wp\/v2\/product_cat?post=9007"},{"taxonomy":"product_tag","embeddable":true,"href":"https:\/\/rezeptfrei-apotheke.net\/es\/wp-json\/wp\/v2\/product_tag?post=9007"}],"curies":[{"name":"wp","href":"https:\/\/api.w.org\/{rel}","templated":true}]}}