{"id":9009,"date":"2023-10-21T11:00:55","date_gmt":"2023-10-21T11:00:55","guid":{"rendered":"https:\/\/rezeptfrei-apotheke.net\/?post_type=product&#038;p=9009"},"modified":"2025-11-26T22:10:12","modified_gmt":"2025-11-26T22:10:12","slug":"buy-3-fma-online","status":"publish","type":"product","link":"https:\/\/rezeptfrei-apotheke.net\/es\/product\/buy-3-fma-online\/","title":{"rendered":"3-FMA"},"content":{"rendered":"<div class=\"wpb-content-wrapper\"><div class=\"vc_row wpb_row vc_row-fluid\"><div class=\"wpb_column vc_column_container vc_col-sm-12\"><div class=\"vc_column-inner\"><div class=\"wpb_wrapper\">\n\t<div class=\"wpb_text_column wpb_content_element\" >\n\t\t<div class=\"wpb_wrapper\">\n\t\t\t<h2>Buy 3-FMA Online<\/h2>\n<p>3-FMA es un nuevo compuesto de anfetamina sint\u00e9tica que produce resultados de investigaci\u00f3n entact\u00f3genos y estimulantes. Tras la introducci\u00f3n del 3-FEA, el 3-FMA ingres\u00f3 posteriormente al mercado de productos qu\u00edmicos de investigaci\u00f3n como un compuesto estructuralmente relacionado con una serie de anfetaminas fluoradas sustituidas, que originalmente inclu\u00eda compuestos como; 2-FMA, 3-FA, 4-FMA, 4-FA.<\/p>\n<h2><strong>\u00bfC\u00d3MO UTILIZAR EL POLVO 3-FMA?<\/strong><\/h2>\n<p>Compre qu\u00edmico de investigaci\u00f3n 3-FMA en l\u00ednea en forma de polvo de la m\u00e1s alta calidad. Compre 3-FMA en cantidades de 0,5gr, 1gr, 2gr, 5gr o 10g. Aseg\u00farese de almacenar el polvo de 3-FMA en un lugar seco y fresco para maximizar su vida \u00fatil. Almacene en un lugar seco y fresco para una m\u00e1xima vida \u00fatil. Al manipular productos qu\u00edmicos de investigaci\u00f3n, aseg\u00farese de tomar siempre las precauciones adecuadas en el laboratorio, como limpiar las superficies y usar guantes, mascarilla y ropa protectora.<\/p>\n<h2><strong>DEFINICI\u00d3N 3-FMA<\/strong><\/h2>\n<p>La definici\u00f3n de 3-FMA se conoce oficialmente como 3-fluorometanfetamina y es un compuesto de anfetamina sint\u00e9tico. La 3-FMA est\u00e1 relacionada estructuralmente con una serie de anfetaminas que originalmente inclu\u00edan compuestos como 2-FMA, 3-FA, 4-FMA, 4-FA.<\/p>\n<h2><strong>INFORMACI\u00d3N B\u00c1SICA DE QU\u00cdMICA 3-FEA<\/strong><\/h2>\n<p>La 3-fluorometanfetamina es una mol\u00e9cula de la clase de las anfetaminas. Las mol\u00e9culas de la clase de las anfetaminas contienen un grupo metilo unido a la amina terminal RN del n\u00facleo de la anfetamina, una sustituci\u00f3n que comparte con la metanfetamina. 3-FMA es la metanfetamina an\u00e1loga fluorada de 3 posiciones. Actualmente se especula que hay m\u00e1s resultados de investigaci\u00f3n sobre estimulantes entact\u00f3genos. Adem\u00e1s, 3-FMA es estructuralmente similar a 2-FMA y 4-FMA. La 3-FMA no se ha estudiado al mismo nivel que las anfetaminas tradicionales, por lo que se recomienda encarecidamente utilizar medidas de seguridad para reducir los da\u00f1os si se utiliza esta sustancia.<\/p>\n<h2><strong>D\u00d3NDE COMPRAR 3-FMA<\/strong><\/h2>\n<p>3-FMA se puede comprar aqu\u00ed en el <a href=\"https:\/\/rezeptfrei-apotheke.net\/es\/\">Rchemshop<\/a> sitio web. Vendemos 3-FMA de primera calidad, normalmente en polvo. Sin embargo, a menudo tenemos otras formas de sustancia disponibles, as\u00ed que no dude en contactarnos para ver si tenemos en stock su forma de sustancia preferida. Debe tener al menos 18 a\u00f1os para comprarnos 3-FMA.<\/p>\n\n\t\t<\/div>\n\t<\/div>\n<\/div><\/div><\/div><\/div>\n<\/div>","protected":false},"excerpt":{"rendered":"<p><strong>Nombre IUPAC: <\/strong>1-(3-fluorofenil)-N-metilpropan-2-amina<\/p>\n<p><strong>CAS # <\/strong>13415-59-3<\/p>\n<p><strong>Forma: <\/strong>polvo<\/p>","protected":false},"featured_media":9029,"comment_status":"open","ping_status":"closed","template":"","meta":[],"product_brand":[],"product_cat":[93],"product_tag":[],"class_list":{"0":"post-9009","1":"product","2":"type-product","3":"status-publish","4":"has-post-thumbnail","6":"product_cat-order-pills-online","8":"first","9":"instock","10":"shipping-taxable","11":"purchasable","12":"product-type-variable"},"jetpack_sharing_enabled":true,"_links":{"self":[{"href":"https:\/\/rezeptfrei-apotheke.net\/es\/wp-json\/wp\/v2\/product\/9009","targetHints":{"allow":["GET"]}}],"collection":[{"href":"https:\/\/rezeptfrei-apotheke.net\/es\/wp-json\/wp\/v2\/product"}],"about":[{"href":"https:\/\/rezeptfrei-apotheke.net\/es\/wp-json\/wp\/v2\/types\/product"}],"replies":[{"embeddable":true,"href":"https:\/\/rezeptfrei-apotheke.net\/es\/wp-json\/wp\/v2\/comments?post=9009"}],"wp:featuredmedia":[{"embeddable":true,"href":"https:\/\/rezeptfrei-apotheke.net\/es\/wp-json\/wp\/v2\/media\/9029"}],"wp:attachment":[{"href":"https:\/\/rezeptfrei-apotheke.net\/es\/wp-json\/wp\/v2\/media?parent=9009"}],"wp:term":[{"taxonomy":"product_brand","embeddable":true,"href":"https:\/\/rezeptfrei-apotheke.net\/es\/wp-json\/wp\/v2\/product_brand?post=9009"},{"taxonomy":"product_cat","embeddable":true,"href":"https:\/\/rezeptfrei-apotheke.net\/es\/wp-json\/wp\/v2\/product_cat?post=9009"},{"taxonomy":"product_tag","embeddable":true,"href":"https:\/\/rezeptfrei-apotheke.net\/es\/wp-json\/wp\/v2\/product_tag?post=9009"}],"curies":[{"name":"wp","href":"https:\/\/api.w.org\/{rel}","templated":true}]}}