{"id":7383,"date":"2022-02-27T16:39:11","date_gmt":"2022-02-27T16:39:11","guid":{"rendered":"https:\/\/rezeptfrei-apotheke.net\/?page_id=7383"},"modified":"2026-02-16T10:46:28","modified_gmt":"2026-02-16T10:46:28","slug":"terms-and-conditions","status":"publish","type":"page","link":"https:\/\/rezeptfrei-apotheke.net\/fr\/terms-and-conditions\/","title":{"rendered":"Modalit\u00e9s et conditions"},"content":{"rendered":"<h2>G\u00e9n\u00e9ral<\/h2>\n<ol>\n<li>En utilisant le site web, les produits et les services offerts par Rxchemlab.com (\"<a href=\"http:\/\/rxchemlab.com\/\" target=\"_blank\" rel=\"noopener\">Rc chem shop<\/a>\"), ou lorsque vous communiquez avec l'entreprise pour vous renseigner ou discuter d'une commande, vous acceptez ces conditions dans leur int\u00e9gralit\u00e9. L'entreprise se r\u00e9serve le droit de modifier ces conditions de temps \u00e0 autre sans pr\u00e9avis.<\/li>\n<li>Tous les produits sont vendus \u00e0 des fins de recherche uniquement. Ils ne sont absolument pas destin\u00e9s \u00e0 la consommation humaine ou \u00e0 toute forme de recherche ou d'exp\u00e9rimentation in vivo.<\/li>\n<li>Vous acceptez de ne pas tenir l'entreprise pour responsable de tout pr\u00e9judice r\u00e9sultant d'une mauvaise utilisation des produits vendus. Il est de votre responsabilit\u00e9 de v\u00e9rifier que le contenu de votre commande est l\u00e9gal pour l'importation, la possession et l'utilisation pour l'usage pr\u00e9vu dans votre pays ou r\u00e9gion. L'entreprise n'accepte aucune responsabilit\u00e9 pour toute commande ou action prise en relation avec l'achat ou l'importation de celle-ci. Les produits vendus par l'entreprise ne sont pas destin\u00e9s \u00e0 l'achat, \u00e0 la possession ou \u00e0 l'utilisation par des personnes \u00e2g\u00e9es de moins de 18 ans, et vous acceptez de ne pas \u00eatre en dessous de cette limite d'\u00e2ge, et de ne pas commander au nom de, ou pour fournir \u00e0 des personnes qui le sont. En commandant, vous confirmez que vous \u00eates un institut de recherche de bonne foi, un chercheur scientifique ou un \u00e9tudiant en chimie. Tous les compos\u00e9s sont fournis strictement pour un usage de recherche en laboratoire, principalement pour des tests de r\u00e9actifs et des r\u00e9f\u00e9rences GC\/MS, dans des installations bien \u00e9quip\u00e9es, avec tous les \u00e9quipements et proc\u00e9dures de s\u00e9curit\u00e9 n\u00e9cessaires en place.<\/li>\n<li>Vous acceptez \u00e9galement de proc\u00e9der \u00e0 une \u00e9valuation des risques li\u00e9s aux compos\u00e9s et \u00e0 la mani\u00e8re dont ils sont destin\u00e9s \u00e0 \u00eatre utilis\u00e9s, et de ne pas entreprendre ou permettre d'entreprendre des actions qui pourraient causer des dommages ou un risque accru ou un pr\u00e9judice de quelque nature que ce soit \u00e0 des personnes ou \u00e0 des biens. Vous acceptez de mettre en \u0153uvre des proc\u00e9dures strictes couvrant \u00e0 la fois la manipulation et l'utilisation des substances au sein de votre organisation ou de votre \u00e9tablissement, afin d'\u00e9viter toute utilisation inappropri\u00e9e ou tout dommage. En outre, vous obtiendrez toutes les informations n\u00e9cessaires en mati\u00e8re de s\u00e9curit\u00e9 avant de passer commande et vous \u00e9tiqu\u00e8terez tous les mat\u00e9riaux comme il se doit.<\/li>\n<li>L'entreprise se r\u00e9serve le droit de refuser de servir toute personne soup\u00e7onn\u00e9e d'utiliser ses produits \u00e0 mauvais escient. Dans ce cas, un remboursement int\u00e9gral sera effectu\u00e9 si une commande a \u00e9t\u00e9 pay\u00e9e mais n'a pas \u00e9t\u00e9 envoy\u00e9e. Dans ce cas, les utilisateurs seront bannis du site.<\/li>\n<li>Clause de non-responsabilit\u00e9 concernant les brevets - Tous les produits sont propos\u00e9s sous r\u00e9serve des restrictions li\u00e9es aux brevets dans votre territoire. La soci\u00e9t\u00e9 ne garantit pas que l'utilisation ou la vente des produits livr\u00e9s n'enfreindra pas les revendications d'un brevet europ\u00e9en ou d'un autre brevet couvrant le produit lui-m\u00eame ou son utilisation en combinaison avec d'autres produits ou dans le cadre d'un processus.<\/li>\n<li>L'entreprise n'assume aucune responsabilit\u00e9 pour les colis une fois qu'ils sont entr\u00e9s dans le syst\u00e8me postal. Les commandes envoy\u00e9es par les services susmentionn\u00e9s seront remplac\u00e9es et r\u00e9exp\u00e9di\u00e9es gratuitement en cas de disparition, sur confirmation du bureau de poste. Les commandes saisies par les douanes ne seront pas remplac\u00e9es, quelle que soit la mani\u00e8re dont elles ont \u00e9t\u00e9 envoy\u00e9es - il incombe au client de s'assurer qu'il dispose de l'autorit\u00e9 l\u00e9gale et des licences n\u00e9cessaires pour importer et poss\u00e9der les produits qu'il ach\u00e8te dans son pays, et de traiter avec ses agents des douanes en cas de saisie irr\u00e9guli\u00e8re.<\/li>\n<li>Rxchemlab.com n'envoie aucun produit aux Etats-Unis ou en Russie. Toute commande pass\u00e9e depuis ces r\u00e9gions sera annul\u00e9e.<\/li>\n<li>Si tout ou partie de ces conditions sont jug\u00e9es impr\u00e9visibles par un tribunal, vous confirmez votre acceptation sans r\u00e9serve que les autres conditions ou parties de conditions resteront valables et en vigueur.<\/li>\n<\/ol>\n<h2>Livraisons et exp\u00e9ditions<\/h2>\n<ol>\n<li><strong>Codes de suivi<\/strong>\n<ol>\n<li>Les codes de suivi ne sont pas fournis au moment de la commande. Ils vous seront envoy\u00e9s par courrier \u00e9lectronique d\u00e8s que votre colis aura \u00e9t\u00e9 pris en charge par notre service de messagerie. Veuillez patienter jusqu'\u00e0 ce que vous receviez le code de suivi. <a href=\"mailto:support@rxchemlab.com\">nous envoyer un courriel<\/a>.<\/li>\n<\/ol>\n<\/li>\n<li><strong>Livraison assur\u00e9e<\/strong>\n<ol>\n<li>Cela vous donne droit \u00e0 une seule r\u00e9exp\u00e9dition.<\/li>\n<li>Vous devez attendre 60 jours pour que votre colis arrive, avant de r\u00e9clamer votre r\u00e9exp\u00e9dition.<\/li>\n<li>Votre r\u00e9clamation doit \u00eatre introduite au plus tard 90 jours apr\u00e8s la date de votre commande. Attendez donc 60 jours, puis faites votre r\u00e9clamation dans les 30 jours suivants.<\/li>\n<li>Toute r\u00e9clamation nous parvenant entre 60 et 90 jours apr\u00e8s la date de votre commande sera rejet\u00e9e.<\/li>\n<li>Si vous avez choisi la livraison suivie et assur\u00e9e et que votre livraison n'arrive pas parce qu'elle n'est pas l\u00e9gale dans votre pays, nous ne la r\u00e9exp\u00e9dierons pas. Assurez-vous de la l\u00e9galit\u00e9 du produit avant de passer commande !<\/li>\n<li>Votre commande assur\u00e9e ne sera pas r\u00e9exp\u00e9di\u00e9e si l'adresse fournie n'est pas correcte.<\/li>\n<li>Tout colis refus\u00e9\/rejet\u00e9 lors de la tentative de livraison ne pourra faire l'objet d'une r\u00e9clamation.<\/li>\n<li>Votre commande assur\u00e9e ne sera pas r\u00e9exp\u00e9di\u00e9e si plusieurs tentatives de livraison ont lieu et que vous n'\u00eates pas l\u00e0 pour r\u00e9ceptionner le colis, ou si le colis doit \u00eatre r\u00e9cup\u00e9r\u00e9 par vous, mais que vous n'essayez pas de le r\u00e9cup\u00e9rer au bureau de poste ou \u00e0 la soci\u00e9t\u00e9 de livraison.<\/li>\n<li>Nous n'indiquons pas d'adresse de retour sur les colis, de sorte qu'en cas de non-respect des points 2.6 ou 2.7, votre colis sera d\u00e9finitivement perdu.<\/li>\n<\/ol>\n<\/li>\n<li><strong>Questions relatives \u00e0 l'exp\u00e9dition et \u00e0 la livraison<\/strong>\n<ol>\n<li>Toutes les questions doivent \u00eatre adress\u00e9es \u00e0 nos op\u00e9rateurs Whatsapp.<\/li>\n<\/ol>\n<\/li>\n<\/ol>\n<p>&nbsp;<\/p>\n<p><strong>Derni\u00e8re mise \u00e0 jour : 18<\/strong><strong><sup>th<\/sup><\/strong><strong> Nov 2021<\/strong><\/p>\n<p>&nbsp;<\/p>","protected":false},"excerpt":{"rendered":"<p>General By using the website, products, and services offered by Rxchemlab.com (&#8220;Rc chem shop&#8220;), or when communicating with the company<\/p>","protected":false},"author":334,"featured_media":0,"parent":0,"menu_order":0,"comment_status":"closed","ping_status":"closed","template":"","meta":{"footnotes":""},"class_list":["post-7383","page","type-page","status-publish","hentry"],"jetpack_sharing_enabled":true,"_links":{"self":[{"href":"https:\/\/rezeptfrei-apotheke.net\/fr\/wp-json\/wp\/v2\/pages\/7383","targetHints":{"allow":["GET"]}}],"collection":[{"href":"https:\/\/rezeptfrei-apotheke.net\/fr\/wp-json\/wp\/v2\/pages"}],"about":[{"href":"https:\/\/rezeptfrei-apotheke.net\/fr\/wp-json\/wp\/v2\/types\/page"}],"author":[{"embeddable":true,"href":"https:\/\/rezeptfrei-apotheke.net\/fr\/wp-json\/wp\/v2\/users\/334"}],"replies":[{"embeddable":true,"href":"https:\/\/rezeptfrei-apotheke.net\/fr\/wp-json\/wp\/v2\/comments?post=7383"}],"version-history":[{"count":3,"href":"https:\/\/rezeptfrei-apotheke.net\/fr\/wp-json\/wp\/v2\/pages\/7383\/revisions"}],"predecessor-version":[{"id":7626,"href":"https:\/\/rezeptfrei-apotheke.net\/fr\/wp-json\/wp\/v2\/pages\/7383\/revisions\/7626"}],"wp:attachment":[{"href":"https:\/\/rezeptfrei-apotheke.net\/fr\/wp-json\/wp\/v2\/media?parent=7383"}],"curies":[{"name":"wp","href":"https:\/\/api.w.org\/{rel}","templated":true}]}}