{"id":8307,"date":"2023-10-21T10:56:58","date_gmt":"2023-10-21T10:56:58","guid":{"rendered":"https:\/\/rezeptfrei-apotheke.net\/?post_type=product&#038;p=8307"},"modified":"2023-10-21T10:58:37","modified_gmt":"2023-10-21T10:58:37","slug":"o-pce","status":"publish","type":"product","link":"https:\/\/rezeptfrei-apotheke.net\/fr\/product\/o-pce\/","title":{"rendered":"O-PCE"},"content":{"rendered":"<p>panaceachems.com propose des produits qui ne sont pas destin\u00e9s \u00e0 la consommation humaine. Si vous consommez (involontairement) ce produit, cela peut avoir de graves cons\u00e9quences m\u00e9dicales.<\/p>","protected":false},"excerpt":{"rendered":"<p><strong>Nom IUPAC\u00a0: <\/strong>2-(\u00e9thylamino)-2-ph\u00e9nyl-cyclohexanone, monochlorhydrate<\/p>\n<p><strong>CAS# <\/strong>4551-92-2<\/p>\n<p><strong>Autre nom: <\/strong>\u00c9ticyclidone \/ O-PCE \/ \u200b2-Oxo-PCE<\/p>\n<p><strong>Apparence : <\/strong>cristal<\/p>\n<p><strong>Analyse RMN\u00a0: <\/strong>C14H19NO \u2022 HCl<\/p>","protected":false},"featured_media":8360,"comment_status":"open","ping_status":"closed","template":"","meta":[],"product_brand":[],"product_cat":[90],"product_tag":[],"class_list":{"0":"post-8307","1":"product","2":"type-product","3":"status-publish","4":"has-post-thumbnail","6":"product_cat-buy-dissociatives","8":"first","9":"instock","10":"shipping-taxable","11":"purchasable","12":"product-type-variable"},"jetpack_sharing_enabled":true,"_links":{"self":[{"href":"https:\/\/rezeptfrei-apotheke.net\/fr\/wp-json\/wp\/v2\/product\/8307","targetHints":{"allow":["GET"]}}],"collection":[{"href":"https:\/\/rezeptfrei-apotheke.net\/fr\/wp-json\/wp\/v2\/product"}],"about":[{"href":"https:\/\/rezeptfrei-apotheke.net\/fr\/wp-json\/wp\/v2\/types\/product"}],"replies":[{"embeddable":true,"href":"https:\/\/rezeptfrei-apotheke.net\/fr\/wp-json\/wp\/v2\/comments?post=8307"}],"wp:featuredmedia":[{"embeddable":true,"href":"https:\/\/rezeptfrei-apotheke.net\/fr\/wp-json\/wp\/v2\/media\/8360"}],"wp:attachment":[{"href":"https:\/\/rezeptfrei-apotheke.net\/fr\/wp-json\/wp\/v2\/media?parent=8307"}],"wp:term":[{"taxonomy":"product_brand","embeddable":true,"href":"https:\/\/rezeptfrei-apotheke.net\/fr\/wp-json\/wp\/v2\/product_brand?post=8307"},{"taxonomy":"product_cat","embeddable":true,"href":"https:\/\/rezeptfrei-apotheke.net\/fr\/wp-json\/wp\/v2\/product_cat?post=8307"},{"taxonomy":"product_tag","embeddable":true,"href":"https:\/\/rezeptfrei-apotheke.net\/fr\/wp-json\/wp\/v2\/product_tag?post=8307"}],"curies":[{"name":"wp","href":"https:\/\/api.w.org\/{rel}","templated":true}]}}