{"id":8309,"date":"2023-10-21T10:56:58","date_gmt":"2023-10-21T10:56:58","guid":{"rendered":"https:\/\/rezeptfrei-apotheke.net\/?post_type=product&#038;p=8309"},"modified":"2023-10-21T10:58:37","modified_gmt":"2023-10-21T10:58:37","slug":"2-fdck","status":"publish","type":"product","link":"https:\/\/rezeptfrei-apotheke.net\/fr\/product\/2-fdck\/","title":{"rendered":"2-FDCK"},"content":{"rendered":"<h2>Informations g\u00e9n\u00e9rales sur 2 fdck<\/h2>\n<p>La 2-Fluorodeschloroketamine, \u00e9galement connue sous le nom de 2-FDCK et 2\u2032-Fl-2-Oxo-PCM, Fluoroketamine, est un produit chimique de recherche synth\u00e9tique. Elle a \u00e9t\u00e9 d\u00e9crite pour la premi\u00e8re fois dans un document de recherche en 2013 dans le cadre d'un effort visant \u00e0 synth\u00e9tiser et \u00e0 \u00e9valuer de nouveaux produits chimiques de recherche bas\u00e9s sur la k\u00e9tamine et ses analogues. La k\u00e9tamine a \u00e9t\u00e9 introduite en 1964 et son utilisation clinique a \u00e9t\u00e9 approuv\u00e9e en 1970, devenant ainsi l'un des produits chimiques de recherche g\u00e9n\u00e9rale les plus importants et les plus \u00e9tudi\u00e9s.<\/p>\n<p>La structure g\u00e9n\u00e9rale de la k\u00e9tamine et de ses analogues contient une unit\u00e9 cyclohexylamine avec un groupe aryle li\u00e9 au m\u00eame carbone que l'amine. Dans le cas du 2-FDCK, le substituant aryle est un groupe o-fluoroph\u00e9nyle et le groupe amine est m\u00e9thyl\u00e9. En outre, le cycle cyclohexyle du 2-FDCK comporte un groupe c\u00e9tone adjacent \u00e0 la position amine.<\/p>\n<p>La structure chimique de la 2-FDCK ne diff\u00e8re de celle de la k\u00e9tamine que par la pr\u00e9sence d'un atome de fluor attach\u00e9 au groupe ph\u00e9nyle. Cette l\u00e9g\u00e8re modification peut influencer de mani\u00e8re significative les propri\u00e9t\u00e9s et les effets du compos\u00e9.<\/p>\n<p>&nbsp;<\/p>\n<h3>Composition chimique des 2 fdck<\/h3>\n<p>La 2-Fluorodeschloroc\u00e9tamine (2-FDCK) est un produit chimique destin\u00e9 \u00e0 la recherche, dont la composition chimique est la suivante :<\/p>\n<p>Nom chimique : 2-Fluorodeschloroc\u00e9tamine (2-FDCK)<\/p>\n<p>Formule chimique : C13H16FNO<\/p>\n<p>Poids mol\u00e9culaire : 221,28 g\/mol<\/p>\n<p>Certainement ! La formule chimique C13H16FNO repr\u00e9sente la composition mol\u00e9culaire d'un compos\u00e9. D\u00e9composons-la pour comprendre les diff\u00e9rents composants :<\/p>\n<p>C : Repr\u00e9sente le carbone. Le carbone est un \u00e9l\u00e9ment fondamental des compos\u00e9s organiques et constitue l'\u00e9pine dorsale de nombreuses mol\u00e9cules.<\/p>\n<p>H : Repr\u00e9sente l'hydrog\u00e8ne. L'hydrog\u00e8ne est l'\u00e9l\u00e9ment le plus abondant dans l'univers et on le trouve couramment dans les compos\u00e9s organiques et dans de nombreuses autres substances.<\/p>\n<p>F : Repr\u00e9sente le fluor. Le fluor est un \u00e9l\u00e9ment halog\u00e8ne connu pour son \u00e9lectron\u00e9gativit\u00e9 \u00e9lev\u00e9e, qui tend \u00e0 attirer les \u00e9lectrons dans les liaisons chimiques.<\/p>\n<p>N : Repr\u00e9sente l'azote. L'azote est un autre \u00e9l\u00e9ment essentiel des compos\u00e9s organiques et joue un r\u00f4le crucial dans de nombreux processus biologiques.<\/p>\n<p>O : Repr\u00e9sente l'oxyg\u00e8ne. L'oxyg\u00e8ne est essentiel \u00e0 la vie et intervient dans diverses r\u00e9actions chimiques, notamment la respiration et la combustion.<\/p>\n<p>&nbsp;<\/p>\n<p>En r\u00e9sum\u00e9, C13H16FNO d\u00e9crit un arrangement mol\u00e9culaire sp\u00e9cifique qui contient treize atomes de carbone, seize atomes d'hydrog\u00e8ne, un atome de fluor, un atome d'azote et un atome d'oxyg\u00e8ne.<\/p>\n<p>&nbsp;<\/p>\n<h3>Acheter 2 fdck hcl de haute qualit\u00e9.<\/h3>\n<p>Panacea Chems est impliqu\u00e9 depuis de nombreuses ann\u00e9es dans l'industrie des produits chimiques de recherche, ce qui nous permet de garantir le meilleur de ces produits chimiques de recherche d'exploration. L'achat de 2 fdck hcl est essentiel et de qualit\u00e9 sup\u00e9rieure. Le prix d'achat de 2 fdck hcl est inf\u00e9rieur \u00e0 celui de diverses organisations.<\/p>\n<p>Les produits chimiques de recherche, y compris le 2 fdck hcl, r\u00e9pondent \u00e0 toutes les exigences de s\u00e9curit\u00e9. Les produits chimiques de recherche sont soigneusement distribu\u00e9s et manipul\u00e9s dans un endroit superbe et sec.<\/p>\n<p>Tous les produits sont r\u00e9guli\u00e8rement inspect\u00e9s pour v\u00e9rifier leur qualit\u00e9, leur puret\u00e9 et leur s\u00e9curit\u00e9. C&#039;est uniquement \u00e0 des fins de recherche.<\/p>\n<p>Nos produits ont un prix raisonnable, et vous pouvez acheter 2 fdck hcl en ligne \u00e0 des prix tr\u00e8s bas.<\/p>\n<p>&nbsp;<\/p>\n<h3>Test\u00e9 en laboratoire sur 2 fdck avec r\u00e9sultats.<\/h3>\n<p>Refait des progr\u00e8s vers l\u2019\u00e9panouissement g\u00e9n\u00e9ral de ses clients. Diff\u00e9rents examens ont montr\u00e9 que les clients demandent autant de donn\u00e9es que pr\u00e9vu avant d&#039;acheter des produits chimiques de recherche synth\u00e9tiques. De plus, nous publions toutes les cons\u00e9quences de laboratoire de chaque compos\u00e9 d&#039;examen sur un enregistrement PDF.<\/p>\n<p>Nos 2 fdck buys online r\u00e9pondent syst\u00e9matiquement aux ingr\u00e9dients actifs et peuvent \u00eatre vus par tout le monde.<\/p>\n<p>Nous distribuons toutes les cons\u00e9quences de laboratoire de chaque produit chimique de recherche sur un document PDF.<\/p>\n<p>&nbsp;<\/p>\n<h3>Commander en toute s\u00e9curit\u00e9 \u00e0 partir de 2 fdck crystal.<\/h3>\n<p>Les produits chimiques de recherche de TRRC SHOP sont d'excellente qualit\u00e9 et ont un co\u00fbt raisonnable. Par cons\u00e9quent, lorsque vous demandez vos produits chimiques de recherche \u00e0 TRRC SHOP, nous vous garantissons que nous acheminerons votre demande \u00e0 votre domicile rapidement et en toute s\u00e9curit\u00e9, car les produits chimiques de recherche en vente sont toujours disponibles \u00e0 TRRC SHOP.<\/p>\n<p>Demander des compos\u00e9s de recherche synth\u00e9tiques avec Bitcoin ou par virement bancaire est simple chez TRRC SHOP.<\/p>\n<p>Nous exp\u00e9dions les produits chimiques de recherche le m\u00eame jour ouvrable si le paiement est re\u00e7u avant 15h00 CEST.<\/p>\n<p>Nous ne fournissons pas d&#039;articles aux personnes de moins de 18\u00a0ans\u00a0!<\/p>\n<p>2 fdck crystals for sale is just for research purposes only.<\/p>\n<p>&nbsp;<\/p>\n<h3>Exp\u00e9dition discr\u00e8te de produits chimiques de recherche.<\/h3>\n<p>TRRC SHOP emballera votre commande en toute s\u00e9curit\u00e9 pour garantir un transport correct. De plus, nous emballons avec une discr\u00e9tion parfaite, et aucun signe de ce qui pourrait se trouver \u00e0 l&#039;int\u00e9rieur ne sera affich\u00e9 \u00e0 l&#039;ext\u00e9rieur.<\/p>","protected":false},"excerpt":{"rendered":"<p><strong>Nom IUPAC\u00a0: <\/strong>(R\/S)-2-(2-fluoroph\u00e9nyl)-2-(m\u00e9thylamino)cyclohexanone<\/p>\n<p><strong>CAS# <\/strong>111982-50-4<\/p>\n<p><strong>Autre nom: <\/strong>2-F-2\u2032-Oxo-PCM<\/p>\n<p><strong>Apparence : <\/strong>cristaux<\/p>\n<p><strong>Formulaire: <\/strong>nul<\/p>\n<p><strong>Analyse RMN\u00a0: <\/strong>C13H16FNO<\/p>","protected":false},"featured_media":8364,"comment_status":"open","ping_status":"closed","template":"","meta":[],"product_brand":[],"product_cat":[90],"product_tag":[],"class_list":{"0":"post-8309","1":"product","2":"type-product","3":"status-publish","4":"has-post-thumbnail","6":"product_cat-buy-dissociatives","8":"first","9":"instock","10":"shipping-taxable","11":"purchasable","12":"product-type-variable"},"jetpack_sharing_enabled":true,"_links":{"self":[{"href":"https:\/\/rezeptfrei-apotheke.net\/fr\/wp-json\/wp\/v2\/product\/8309","targetHints":{"allow":["GET"]}}],"collection":[{"href":"https:\/\/rezeptfrei-apotheke.net\/fr\/wp-json\/wp\/v2\/product"}],"about":[{"href":"https:\/\/rezeptfrei-apotheke.net\/fr\/wp-json\/wp\/v2\/types\/product"}],"replies":[{"embeddable":true,"href":"https:\/\/rezeptfrei-apotheke.net\/fr\/wp-json\/wp\/v2\/comments?post=8309"}],"wp:featuredmedia":[{"embeddable":true,"href":"https:\/\/rezeptfrei-apotheke.net\/fr\/wp-json\/wp\/v2\/media\/8364"}],"wp:attachment":[{"href":"https:\/\/rezeptfrei-apotheke.net\/fr\/wp-json\/wp\/v2\/media?parent=8309"}],"wp:term":[{"taxonomy":"product_brand","embeddable":true,"href":"https:\/\/rezeptfrei-apotheke.net\/fr\/wp-json\/wp\/v2\/product_brand?post=8309"},{"taxonomy":"product_cat","embeddable":true,"href":"https:\/\/rezeptfrei-apotheke.net\/fr\/wp-json\/wp\/v2\/product_cat?post=8309"},{"taxonomy":"product_tag","embeddable":true,"href":"https:\/\/rezeptfrei-apotheke.net\/fr\/wp-json\/wp\/v2\/product_tag?post=8309"}],"curies":[{"name":"wp","href":"https:\/\/api.w.org\/{rel}","templated":true}]}}