{"id":8378,"date":"2023-10-21T10:57:48","date_gmt":"2023-10-21T10:57:48","guid":{"rendered":"https:\/\/rezeptfrei-apotheke.net\/?post_type=product&#038;p=8378"},"modified":"2023-10-21T10:58:55","modified_gmt":"2023-10-21T10:58:55","slug":"o-dsmt-hcl","status":"publish","type":"product","link":"https:\/\/rezeptfrei-apotheke.net\/fr\/product\/o-dsmt-hcl\/","title":{"rendered":"O-DSMT HCL"},"content":{"rendered":"<h2><strong>Informations g\u00e9n\u00e9rales sur O-DSMT HCL<\/strong><\/h2>\n<p>Le chlorhydrate d\u2019O-Desm\u00e9thyltramadol (O-DSMT HCl) est un produit chimique de recherche structurellement li\u00e9 au tramadol. Il est commun\u00e9ment connu sous d\u2019autres noms, tels que desm\u00e9tramadol ou O-dsmt. L&#039;O-DSMT est un m\u00e9tabolite du tramadol.<\/p>\n<p><strong>Poudre O-DSMT\u00a0<\/strong>a \u00e9t\u00e9 \u00e9tudi\u00e9 pour ses propri\u00e9t\u00e9s sp\u00e9cifiques et il a \u00e9t\u00e9 d\u00e9montr\u00e9 qu&#039;il a des effets similaires \u00e0 ceux du tramadol. Il agit fondamentalement comme un agoniste des r\u00e9cepteurs mu-opio\u00efdes, se liant et activant les r\u00e9cepteurs mu-opio\u00efdes.<\/p>\n<p>En tant que produit chimique de recherche<strong>, O-DSMT HCl<\/strong>\u00a0peuvent \u00eatre acquis aupr\u00e8s de vendeurs ou de fournisseurs sp\u00e9cialis\u00e9s qui s&#039;adressent \u00e0 la communaut\u00e9 des chercheurs. Les chercheurs pourraient l\u2019utiliser pour \u00e9tudier ses propri\u00e9t\u00e9s pharmacologiques, analyser ses effets ou explorer ses applications potentielles dans divers domaines.<\/p>\n<p>Il est n\u00e9cessaire de noter que les propri\u00e9t\u00e9s et m\u00e9canismes pharmacologiques particuliers de l\u2019O-DSMT sont encore \u00e0 l\u2019\u00e9tude et que des recherches suppl\u00e9mentaires sont n\u00e9cessaires pour bien comprendre ses actions et ses effets potentiels. De plus, la pharmacocin\u00e9tique, le m\u00e9tabolisme et le profil d&#039;innocuit\u00e9 de l&#039;O-DSMT peuvent varier d&#039;une recherche \u00e0 l&#039;autre.<\/p>\n<h3><strong>Composition chimique de l&#039;O-DSMT HCL<\/strong><\/h3>\n<p>La composition chimique du chlorhydrate de O-Desm\u00e9thyltramadol (O-DSMT HCl) est la suivante\u00a0:<\/p>\n<p>&nbsp;<\/p>\n<ol>\n<li>O-Desm\u00e9thyltramadol (O-DSMT) : Le principal composant actif du O-DSMT HCl est l&#039;O-Desm\u00e9thyltramadol, le principal m\u00e9tabolite du tramadol. L&#039;O-DSMT est structurellement li\u00e9 au tramadol mais ne poss\u00e8de pas le groupe N-m\u00e9thyle du compos\u00e9 parent.<\/li>\n<\/ol>\n<p>&nbsp;<\/p>\n<ol start=\"2\">\n<li>Chlorhydrate (HCl) : L\u2019O-DSMT est couramment administr\u00e9 sous forme de chlorhydrate, connu sous le nom d\u2019O-DSMT HCl. L&#039;ajout de chlorhydrate \u00e0 l&#039;O-DSMT am\u00e9liore sa stabilit\u00e9 et sa solubilit\u00e9, ce qui le rend adapt\u00e9 \u00e0 la recherche.<\/li>\n<\/ol>\n<p>&nbsp;<\/p>\n<p>La structure chimique de l&#039;O-Desm\u00e9thyltramadol (O-DSMT) est similaire \u00e0 celle du tramadol mais ne poss\u00e8de pas le groupe N-m\u00e9thyle. Il peut \u00eatre repr\u00e9sent\u00e9 comme suit\u00a0:<\/p>\n<p>&nbsp;<\/p>\n<p>O-Desm\u00e9thyltramadol (O-DSMT)\u00a0:<\/p>\n<p><strong>Formule chimique<\/strong>:C15H23NO2<\/p>\n<p>Cette formule indique que O-DSMT HCL est constitu\u00e9 de quinze atomes de carbone (C15), vingt-trois atomes d&#039;hydrog\u00e8ne (H23), un atome d&#039;azote (N) et deux atomes d&#039;oxyg\u00e8ne (O2).<\/p>\n<p>Poids mol\u00e9culaire\u00a0: environ 249,35 g\/mol<\/p>\n<p>Poids mol\u00e9culaire\u00a0:\u00a0varie (le poids du fragment HCl est ajout\u00e9 au poids de l&#039;O-DSMT pour former du O-DSMT HCl)<\/p>\n<p>&nbsp;<\/p>\n<p>&nbsp;<\/p>\n<h3><strong>Achetez du O-DSMT HCL de haute qualit\u00e9.<\/strong><\/h3>\n<p><strong>Produits chimiques panac\u00e9e\u00a0<\/strong>poss\u00e8de de nombreuses ann\u00e9es d&#039;exp\u00e9rience dans l&#039;industrie de la conception de produits chimiques de recherche, ce qui nous permet de garantir le meilleur de ces produits chimiques de recherche.\u00a0<strong>Achat d\u2019O-DSMT HCL<\/strong>\u00a0est simple et de qualit\u00e9 sup\u00e9rieure. Les d\u00e9penses d\u2019O-DSMT HCL sont inf\u00e9rieures \u00e0 celles d\u2019autres organisations. Les produits chimiques de recherche, y compris l&#039;O-DSMT HCL, r\u00e9pondent \u00e0 toutes les exigences de s\u00e9curit\u00e9. Les substances synth\u00e9tiques de recherche sont soigneusement distribu\u00e9es et stock\u00e9es dans un endroit frais et sec.<\/p>\n<p>.<\/p>\n<p>Tous les produits chimiques sont syst\u00e9matiquement \u00e9valu\u00e9s pour leur qualit\u00e9, leur s\u00e9curit\u00e9 et leur puret\u00e9. Conservez O-DSMT HCL \u00e0 temp\u00e9rature ambiante. C&#039;est pour ainsi dire \u00e0 des fins de recherche.<\/p>\n<p>Nos articles ont un prix raisonnable et vous pouvez acheter la substance de recherche O-DSMT HCL en ligne \u00e0 des tarifs exceptionnellement modestes.<strong>.<\/strong><\/p>\n<p>&nbsp;<\/p>\n<h3><strong>O-DSMT HCL test\u00e9 en laboratoire avec r\u00e9sultats.<\/strong><\/h3>\n<p>Refait des progr\u00e8s vers l\u2019\u00e9panouissement g\u00e9n\u00e9ral de ses clients. Diff\u00e9rents examens ont montr\u00e9 que les clients demandent autant de donn\u00e9es que pr\u00e9vu avant d&#039;acheter des produits chimiques de recherche synth\u00e9tiques. De plus, nous publions toutes les cons\u00e9quences de laboratoire de chaque compos\u00e9 d&#039;examen sur un enregistrement PDF.<\/p>\n<p>Notre\u00a0<strong>O-DSMT HCL\u00a0<\/strong>r\u00e9pond syst\u00e9matiquement aux principes actifs et peut \u00eatre vu par tout le monde.<\/p>\n<p>Nous distribuons toutes les cons\u00e9quences de laboratoire de chaque produit chimique de recherche sur un document PDF.<\/p>\n<p>&nbsp;<\/p>\n<h3><strong>Commandez en toute s\u00e9curit\u00e9 aupr\u00e8s de la poudre O-DSMT.<\/strong><\/h3>\n<p>Les produits chimiques de recherche Panacea Chems sont d\u2019excellente qualit\u00e9 et ont un co\u00fbt raisonnable. Par cons\u00e9quent, lorsque vous demandez vos produits chimiques de recherche chez Panacea Chems, nous garantissons que nous transmettrons votre demande \u00e0 votre laboratoire de recherche rapidement et en toute s\u00e9curit\u00e9, car la vente de produits chimiques de recherche est toujours disponible chez Panacea Chems.<\/p>\n<p>Demander des compos\u00e9s de recherche synth\u00e9tiques avec Bitcoin ou par virement bancaire est simple chez Panacea Chems.<\/p>\n<p>Nous exp\u00e9dions les produits chimiques de recherche le m\u00eame jour ouvrable si le paiement est re\u00e7u avant 15h00 CEST.<\/p>\n<p>Nous ne fournissons pas d&#039;articles aux personnes de moins de 18\u00a0ans\u00a0!<\/p>\n<p><strong>O-DSMT \u00e0 vendre<\/strong>\u00a0est uniquement \u00e0 des fins de recherche.<\/p>\n<p>&nbsp;<\/p>\n<h3><strong>Exp\u00e9dition discr\u00e8te de produits chimiques de recherche.<\/strong><\/h3>\n<p>Panacea Chems emballera votre commande en toute s\u00e9curit\u00e9 pour garantir un transport correct. De plus, nous emballons avec une discr\u00e9tion parfaite et aucun signe de ce qui pourrait se trouver \u00e0 l\u2019int\u00e9rieur ne sera visible \u00e0 l\u2019ext\u00e9rieur.<\/p>","protected":false},"excerpt":{"rendered":"<p><strong>Nom IUPAC\u00a0: <\/strong>3-(2-((dim\u00e9thylamino)m\u00e9thyl)-1-hydroxycyclohexyl)ph\u00e9nol<\/p>\n<p><strong>CAS# <\/strong>80456-81-1<\/p>\n<p><strong>Autre nom: <\/strong>O-Desm\u00e9thyltramadol<\/p>\n<p><strong>Apparence : <\/strong>poudre<\/p>\n<p><strong>Analyse RMN\u00a0: <\/strong>C15H23NO2<\/p>","protected":false},"featured_media":8427,"comment_status":"open","ping_status":"closed","template":"","meta":[],"product_brand":[],"product_cat":[92],"product_tag":[],"class_list":{"0":"post-8378","1":"product","2":"type-product","3":"status-publish","4":"has-post-thumbnail","6":"product_cat-others","8":"first","9":"instock","10":"shipping-taxable","11":"purchasable","12":"product-type-variable"},"jetpack_sharing_enabled":true,"_links":{"self":[{"href":"https:\/\/rezeptfrei-apotheke.net\/fr\/wp-json\/wp\/v2\/product\/8378","targetHints":{"allow":["GET"]}}],"collection":[{"href":"https:\/\/rezeptfrei-apotheke.net\/fr\/wp-json\/wp\/v2\/product"}],"about":[{"href":"https:\/\/rezeptfrei-apotheke.net\/fr\/wp-json\/wp\/v2\/types\/product"}],"replies":[{"embeddable":true,"href":"https:\/\/rezeptfrei-apotheke.net\/fr\/wp-json\/wp\/v2\/comments?post=8378"}],"wp:featuredmedia":[{"embeddable":true,"href":"https:\/\/rezeptfrei-apotheke.net\/fr\/wp-json\/wp\/v2\/media\/8427"}],"wp:attachment":[{"href":"https:\/\/rezeptfrei-apotheke.net\/fr\/wp-json\/wp\/v2\/media?parent=8378"}],"wp:term":[{"taxonomy":"product_brand","embeddable":true,"href":"https:\/\/rezeptfrei-apotheke.net\/fr\/wp-json\/wp\/v2\/product_brand?post=8378"},{"taxonomy":"product_cat","embeddable":true,"href":"https:\/\/rezeptfrei-apotheke.net\/fr\/wp-json\/wp\/v2\/product_cat?post=8378"},{"taxonomy":"product_tag","embeddable":true,"href":"https:\/\/rezeptfrei-apotheke.net\/fr\/wp-json\/wp\/v2\/product_tag?post=8378"}],"curies":[{"name":"wp","href":"https:\/\/api.w.org\/{rel}","templated":true}]}}