{"id":8379,"date":"2023-10-21T10:57:48","date_gmt":"2023-10-21T10:57:48","guid":{"rendered":"https:\/\/rezeptfrei-apotheke.net\/?post_type=product&#038;p=8379"},"modified":"2023-10-21T10:58:55","modified_gmt":"2023-10-21T10:58:55","slug":"bromonordiazepam-pellets-25mg","status":"publish","type":"product","link":"https:\/\/rezeptfrei-apotheke.net\/fr\/product\/bromonordiazepam-pellets-25mg\/","title":{"rendered":"bromonordiaz\u00e9pam en pastilles 2,5mg"},"content":{"rendered":"<h2>panaceachems.com propose des produits qui ne sont pas destin\u00e9s \u00e0 la consommation humaine.<br \/>\n<strong>Informations g\u00e9n\u00e9rales sur les pastilles de bromonordiaz\u00e9pam<\/strong><\/h2>\n<p>Le bromonordiaz\u00e9pam a \u00e9t\u00e9 cr\u00e9\u00e9 et d\u00e9velopp\u00e9 en 1983 pour diverses circonstances neurologiques, notamment les troubles du sommeil et la tension. Puis, finalement, il s&#039;est av\u00e9r\u00e9 qu&#039;en cas de gonflement persistant du cerveau apr\u00e8s une neurochirurgie, le bromonordiaz\u00e9pam pouvait \u00e9galement \u00eatre<\/p>\n<p>utile.<\/p>\n<p>Le bromonordiaz\u00e9pam est un d\u00e9riv\u00e9 de la thi\u00e9nodiaz\u00e9pine qui est un analogue des benzodiaz\u00e9pines.<\/p>\n<p>Le bromonordiaz\u00e9pam garantit que tout le corps se d\u00e9tend et diminue les tensions. De nombreux clients ne donnent pas d&#039;enqu\u00eates mais deviennent extr\u00eamement l\u00e9thargiques \u00e0 cause du bromonordiaz\u00e9pam.<\/p>\n<p>La recherche a montr\u00e9 que le bromonordiaz\u00e9pam a une demi-existence d\u2019environ 3,5 heures et a un impact plusieurs fois plus important que le diaz\u00e9pam.<\/p>\n<h3><strong>Composition chimique<\/strong><\/h3>\n<p>Le bromonordiaz\u00e9pam (9 m\u00e9thyl 6 h thi\u00e9no 3,2 f 1.2.4) est un d\u00e9riv\u00e9 structurel dans lequel le cycle benz\u00e8ne est supplant\u00e9 par un cycle thioph\u00e8ne, le regroupant comme une diaz\u00e9pine 4,3 \u00e0 1,4.<\/p>\n<p>Avec le compos\u00e9 Formule mol\u00e9culaire\u00a0: C17H15ClN4S4-(2 Chloroph\u00e9nyl-2-\u00e9thyl-9-m\u00e9thyl-6H-thi\u00e9no[3,2-f][1,2,4]triazolo[4,3-a][1,4] diaz\u00e9pine.<\/p>\n<h3><strong>Pharmacologie pastilles de bromonordiaz\u00e9pam<\/strong><\/h3>\n<p>Le bromaz\u00e9pam est une benzodiaz\u00e9pine \u00ab classique \u00bb ; les autres benzodiaz\u00e9pines traditionnelles comprennent : le diaz\u00e9pam, le clonaz\u00e9pam, l&#039;oxaz\u00e9pam, le loraz\u00e9pam, le nitraz\u00e9pam, le fluraz\u00e9pam et le cloraz\u00e9pate. Sa construction subatomique est constitu\u00e9e d&#039;une diaz\u00e9pine associ\u00e9e \u00e0 un cycle benz\u00e9nique et \u00e0 un cycle pyridine, le cycle benz\u00e9nique ayant un iota d&#039;azote solitaire qui remplace l&#039;une des mol\u00e9cules de carbone dans la structure cyclique.<\/p>\n<p>Le thioph\u00e8ne est un cycle \u00e0 cinq cha\u00eenons odorants (triazolo 4,3 \u00e0 1,4) avec une particule de soufre contenant un cycle thioph\u00e8ne fusionn\u00e9 \u00e0 un cycle diaz\u00e9pine, un cycle \u00e0 sept cha\u00eenons avec les deux parties azot\u00e9es en R 1 et R 4 . Cela structure le (\u00e9thyl 9 m\u00e9thyl 6h) du bromonordiaz\u00e9pam.<\/p>\n<p>Une cha\u00eene \u00e9thyle est li\u00e9e \u00e0 cette construction bicyclique en R 7. Par la suite, le canal des particules de chlore li\u00e9 au r\u00e9cepteur GABA s&#039;ouvre. Dans le bromonordiaz\u00e9pam, le cycle benz\u00e8ne est supplant\u00e9 par un cycle thioph\u00e8ne associ\u00e9 \u00e0 R1 et R2 de ce cycle diaz\u00e9pine.<\/p>\n<p>Le bromonordiaz\u00e9pam a donc sa place aupr\u00e8s des thi\u00e9notriazolobenzodiaz\u00e9pines, un stimulant.<\/p>\n<h3><strong>Achetez des granul\u00e9s de bromonordiaz\u00e9pam de haute qualit\u00e9.<\/strong><\/h3>\n<p>TRRCSHOP poss\u00e8de de nombreuses ann\u00e9es d&#039;exp\u00e9rience dans l&#039;industrie de la conception de produits chimiques de recherche, nous permettant de garantir la plus haute qualit\u00e9 de ces produits chimiques de recherche. L\u2019\u00e9quipe de recherche chimique vend des pastilles de bromonordiaz\u00e9pam et des pastilles de 2,5 mg. Les produits chimiques de recherche, y compris les pastilles de bromonordiaz\u00e9pam, r\u00e9pondent \u00e0 toutes les exigences de s\u00e9curit\u00e9. Les produits chimiques de recherche sont soigneusement distribu\u00e9s et stock\u00e9s dans un endroit frais et sec.<\/p>\n<p>Tous les produits sont r\u00e9guli\u00e8rement inspect\u00e9s pour v\u00e9rifier leur qualit\u00e9, leur puret\u00e9 et leur s\u00e9curit\u00e9. Conservez toujours les pastilles de bromonordiaz\u00e9pam \u00e0 temp\u00e9rature ambiante et hors de port\u00e9e des enfants et des animaux domestiques. Nos pastilles de bromonordiaz\u00e9pam ne sont pas destin\u00e9es \u00e0 un usage personnel. C&#039;est uniquement \u00e0 des fins de recherche.<\/p>\n<p>Il ne doit pas \u00eatre m\u00e9lang\u00e9 avec de l&#039;alcool ou des produits chimiques de recherche lors de la recherche sur ce produit chimique de recherche\u00a0!<\/p>\n<p>Tous nos produits ont un prix juste !<\/p>\n<h3><strong>Pastilles de bromonordiaz\u00e9pam test\u00e9es en laboratoire avec r\u00e9sultats.<\/strong><\/h3>\n<p>Refait des progr\u00e8s vers l\u2019\u00e9panouissement g\u00e9n\u00e9ral de ses clients. Diff\u00e9rents examens ont montr\u00e9 que les clients demandent autant de donn\u00e9es que pr\u00e9vu avant d&#039;acheter des produits chimiques de recherche synth\u00e9tiques. De plus, nous publions toutes les cons\u00e9quences de laboratoire de chaque compos\u00e9 d&#039;examen sur un enregistrement PDF.<\/p>\n<p>Nos pellets de bromonordiaz\u00e9pam r\u00e9pondent syst\u00e9matiquement aux ingr\u00e9dients actifs et peuvent \u00eatre facilement vus par tout le monde.<\/p>\n<p>Nous distribuons toutes les cons\u00e9quences de laboratoire de chaque produit chimique de recherche sur un document PDF.<\/p>\n<h3><strong>Commandez en toute s\u00e9curit\u00e9 aupr\u00e8s de Bromonordiaz\u00e9pam Pellets.<\/strong><\/h3>\n<p>Les produits chimiques de recherche TRRCSHOP Designer sont d\u2019excellente qualit\u00e9 et ont un co\u00fbt raisonnable. Par cons\u00e9quent, au moment o\u00f9 vous demandez votre\u00a0<strong>Pastilles de bromonordiaz\u00e9pam\u00a0<\/strong>chez TRRCSHOP, nous garantissons que nous transmettrons votre demande \u00e0 votre domicile rapidement et en toute s\u00e9curit\u00e9.<\/p>\n<p>Demander des compos\u00e9s de recherche synth\u00e9tiques avec Bitcoin ou par virement bancaire est simple au TRRCSHOP.<\/p>\n<p>Nous exp\u00e9dions les pellets de bromonordiaz\u00e9pam le m\u00eame jour ouvrable si le paiement est re\u00e7u avant 14h00 CEST. Nous n&#039;exp\u00e9dions g\u00e9n\u00e9ralement pas le samedi, le dimanche ou les jours f\u00e9ri\u00e9s nationaux\/internationaux.<strong>.<\/strong><\/p>\n<h3><strong>Exp\u00e9dition discr\u00e8te de produits chimiques de recherche.<\/strong><\/h3>\n<p>M\u00eame si les produits chimiques de recherche de synth\u00e8se sont l\u00e9galement accessibles en ligne, chez TRRCSHOP, nous livrons de mani\u00e8re plus s\u00e9curis\u00e9e et raisonnable. De plus, nous emballons avec une discr\u00e9tion parfaite et aucun signe de ce qui pourrait se trouver \u00e0 l\u2019int\u00e9rieur ne sera visible \u00e0 l\u2019ext\u00e9rieur.<\/p>\n<p>Nous envoyons les commandes sup\u00e9rieures \u00e0 500 euros avec track and follow pour que vous puissiez suivre votre colis progressivement. De plus, nous exp\u00e9dions les commandes de plus de 500 euros avec la voie accessible.<\/p>\n<p>Nous ne fournissons pas d&#039;articles aux personnes de moins de 18\u00a0ans\u00a0!<\/p>\n<h3><strong>Pr\u00e9cautions<\/strong><\/h3>\n<ul>\n<li>Achetez les \u00e9quipements de protection individuelle appropri\u00e9s comme des lunettes et des gants. Nettoyez-les et entretenez-les de mani\u00e8re appropri\u00e9e. Suivez des syst\u00e8mes s\u00fbrs lorsque vous manipulez des produits chimiques de recherche et ne prenez pas de raccourcis.<\/li>\n<li>Si le produit chimique de recherche entre en contact avec les yeux, rincez bien et \u00e9liminez les lentilles de contact si cela est fondamental.<\/li>\n<li>Essayez d&#039;utiliser un masque lorsque vous utilisez ces produits chimiques afin qu&#039;ils ne p\u00e9n\u00e8trent pas en vous lorsque vous respirez.<\/li>\n<li>Comme l\u2019indiquent les m\u00e9thodes prises en charge, manipulez, stockez et \u00e9liminez en toute s\u00e9curit\u00e9 les mati\u00e8res dangereuses. Ne les d\u00e9versez jamais dans les \u00e9gouts ou les canaux.<\/li>\n<li>Conservez les produits chimiques de recherche de mani\u00e8re appropri\u00e9e, comme indiqu\u00e9 sur leur nom. Les produits chimiques inflammables doivent \u00eatre rang\u00e9s dans du cannabis sec et de qualit\u00e9, \u00e0 l\u2019abri de l\u2019intensit\u00e9 et de la lumi\u00e8re du jour. Certains produits synth\u00e9tiques, comme les acides, doivent \u00eatre rang\u00e9s ind\u00e9pendamment les uns des autres.<\/li>\n<li>TRRCSHOP offert \u00e0 des fins de recherche\u00a0; la consommation humaine est fortement interdite.<\/li>\n<\/ul>","protected":false},"excerpt":{"rendered":"<p><strong>Nom IUPAC\u00a0: <\/strong>7-bromo-5-ph\u00e9nyl-1,3-dihydro-1,4-benzodiaz\u00e9pine-2-one<\/p>\n<p><strong>CAS# <\/strong>2894-61-3<\/p>\n<p><strong>Formulaire: <\/strong>poudre<\/p>\n<p><strong>Analyse RMN\u00a0: <\/strong>C15H11BrN2O<\/p>","protected":false},"featured_media":8429,"comment_status":"open","ping_status":"closed","template":"","meta":[],"product_brand":[],"product_cat":[93],"product_tag":[],"class_list":{"0":"post-8379","1":"product","2":"type-product","3":"status-publish","4":"has-post-thumbnail","6":"product_cat-order-pills-online","8":"first","9":"instock","10":"shipping-taxable","11":"purchasable","12":"product-type-variable"},"jetpack_sharing_enabled":true,"_links":{"self":[{"href":"https:\/\/rezeptfrei-apotheke.net\/fr\/wp-json\/wp\/v2\/product\/8379","targetHints":{"allow":["GET"]}}],"collection":[{"href":"https:\/\/rezeptfrei-apotheke.net\/fr\/wp-json\/wp\/v2\/product"}],"about":[{"href":"https:\/\/rezeptfrei-apotheke.net\/fr\/wp-json\/wp\/v2\/types\/product"}],"replies":[{"embeddable":true,"href":"https:\/\/rezeptfrei-apotheke.net\/fr\/wp-json\/wp\/v2\/comments?post=8379"}],"wp:featuredmedia":[{"embeddable":true,"href":"https:\/\/rezeptfrei-apotheke.net\/fr\/wp-json\/wp\/v2\/media\/8429"}],"wp:attachment":[{"href":"https:\/\/rezeptfrei-apotheke.net\/fr\/wp-json\/wp\/v2\/media?parent=8379"}],"wp:term":[{"taxonomy":"product_brand","embeddable":true,"href":"https:\/\/rezeptfrei-apotheke.net\/fr\/wp-json\/wp\/v2\/product_brand?post=8379"},{"taxonomy":"product_cat","embeddable":true,"href":"https:\/\/rezeptfrei-apotheke.net\/fr\/wp-json\/wp\/v2\/product_cat?post=8379"},{"taxonomy":"product_tag","embeddable":true,"href":"https:\/\/rezeptfrei-apotheke.net\/fr\/wp-json\/wp\/v2\/product_tag?post=8379"}],"curies":[{"name":"wp","href":"https:\/\/api.w.org\/{rel}","templated":true}]}}