{"id":8381,"date":"2023-10-21T10:57:49","date_gmt":"2023-10-21T10:57:49","guid":{"rendered":"https:\/\/rezeptfrei-apotheke.net\/?post_type=product&#038;p=8381"},"modified":"2023-10-21T10:58:55","modified_gmt":"2023-10-21T10:58:55","slug":"flubrotizolam-05mg-bars","status":"publish","type":"product","link":"https:\/\/rezeptfrei-apotheke.net\/fr\/product\/flubrotizolam-05mg-bars\/","title":{"rendered":"FLUBROTIZOLAM 0,5MG barres"},"content":{"rendered":"<h2><strong>Informations g\u00e9n\u00e9rales sur le flubrotizolam<\/strong><\/h2>\n<p>Le flubrotizolam est un produit chimique de recherche introduit au d\u00e9but des ann\u00e9es 2010.<\/p>\n<p>Le flubrotizolam est un puissant d\u00e9riv\u00e9 de benzodiaz\u00e9pine et un produit chimique de recherche qui appartient \u00e0 la classe des thi\u00e9notriazolodiaz\u00e9pines.<\/p>\n<p>Il s\u2019agit d\u2019un d\u00e9riv\u00e9 du flubromazolam, une benzodiaz\u00e9pine, qui aurait des effets chimiques importants.<\/p>\n<p>Le flubrotizolam porte le nom chimique 8-Bromo-6-(2-fluoroph\u00e9nyl)-1-m\u00e9thyl-4H-[1,2,4]triazolo[4,3-a][1,4]benzodiaz\u00e9pine. Il partage un squelette structurel similaire avec d&#039;autres benzodiaz\u00e9pines, constitu\u00e9 d&#039;un cycle benz\u00e8ne fusionn\u00e9 avec un cycle diaz\u00e9pine.<\/p>\n<p>En raison de la puissance \u00e9lev\u00e9e du flubrotizolam, l\u2019utilisation requise pour obtenir des effets significatifs serait de l\u2019ordre du microgramme. Le microgramme \u00e9quivaut \u00e0 un milli\u00e8me de milligramme (mg) et repr\u00e9sente une quantit\u00e9 extr\u00eamement petite d\u2019une substance. La puissance d\u2019un produit chimique de recherche fait r\u00e9f\u00e9rence \u00e0 la quantit\u00e9 de substance n\u00e9cessaire pour produire un effet sp\u00e9cifique. Dans le cas du flubrotizolam, en raison de sa puissance \u00e9lev\u00e9e, m\u00eame de tr\u00e8s petites quantit\u00e9s peuvent avoir des effets significatifs dans l\u2019exp\u00e9rience.<\/p>\n<h3>\u00a0<strong>Composition chimique du flubrotizolam<\/strong><\/h3>\n<p>La composition chimique du flubrotizolam est la suivante :<\/p>\n<p>Nom chimique\u00a0: 8-bromo-6-(2-fluoroph\u00e9nyl)-1-m\u00e9thyl-4H-[1, 2, 4]triazolo[4,3-a][1,4]benzodiaz\u00e9pine<\/p>\n<p>Formule mol\u00e9culaire\u00a0: C15H10BrFN4S<\/p>\n<p>La formule mol\u00e9culaire C15H10BrFN4S repr\u00e9sente un compos\u00e9 chimique compos\u00e9 de quinze atomes de carbone (C15), dix atomes d&#039;hydrog\u00e8ne (H10), un atome de brome (Br), un atome de fluor (F), quatre atomes d&#039;azote (N4) et un atome de soufre ( S).<\/p>\n<p>Poids mol\u00e9culaire : 371,2 g\/mol<\/p>\n<p>Le flubrotizolam appartient \u00e0 la classe des benzodiaz\u00e9pines de produits chimiques de recherche et sa structure chimique est d\u00e9riv\u00e9e du noyau benzodiaz\u00e9pine. Il comporte un syst\u00e8me cyclique triazolobenzodiaz\u00e9pine fusionn\u00e9, ce qui lui conf\u00e8re ses propri\u00e9t\u00e9s uniques.<\/p>\n<p>Le noyau benzodiaz\u00e9pine, qui comprend un cycle diaz\u00e9pine fusionn\u00e9 avec un cycle triazole.<\/p>\n<h3><strong>Achetez du flubrotizolam de haute qualit\u00e9.<\/strong><\/h3>\n<p><strong>BOUTIQUE TRRC\u00a0<\/strong>a de nombreuses et longues p\u00e9riodes d&#039;implication dans l&#039;industrie des produits chimiques de recherche, ce qui nous permet de garantir le meilleur de ces produits chimiques de recherche.\u00a0<strong>Flubrotizolam acheter<\/strong>\u00a0est simple et de qualit\u00e9 sup\u00e9rieure. Le co\u00fbt du Flubrotizolam est inf\u00e9rieur \u00e0 celui des autres organisations.<\/p>\n<p>Les produits chimiques de recherche, y compris le flubrotizolam, r\u00e9pondent \u00e0 toutes les exigences de s\u00e9curit\u00e9. Les produits chimiques de recherche sont soigneusement distribu\u00e9s et rang\u00e9s dans un endroit sec et de qualit\u00e9.<\/p>\n<p>Tous les articles sont constamment \u00e9tudi\u00e9s pour en v\u00e9rifier la qualit\u00e9, la s\u00e9curit\u00e9 et la puret\u00e9.<\/p>\n<p>Notre flubrotizolam est uniquement destin\u00e9 \u00e0 la recherche. C&#039;est pour ainsi dire \u00e0 des fins de recherche.<\/p>\n<p>Nos articles ont un prix raisonnable et vous pouvez acheter le compos\u00e9 de recherche flubrotizolam en ligne \u00e0 des tarifs exceptionnellement modestes.<\/p>\n<h3><strong>Flubrotizolam test\u00e9 en laboratoire avec r\u00e9sultats.<\/strong><\/h3>\n<p>Refait des progr\u00e8s vers l\u2019\u00e9panouissement g\u00e9n\u00e9ral de ses clients. Diff\u00e9rents examens ont montr\u00e9 que les clients demandent autant de donn\u00e9es que pr\u00e9vu avant d&#039;acheter des produits chimiques de recherche synth\u00e9tiques. De plus, nous publions toutes les cons\u00e9quences de laboratoire de chaque compos\u00e9 d&#039;examen sur un enregistrement PDF.<\/p>\n<p>Notre\u00a0<strong>granul\u00e9s de flubrotizolam\u00a0<\/strong>r\u00e9pondent syst\u00e9matiquement aux ingr\u00e9dients actifs et peuvent \u00eatre vus par tout le monde.<\/p>\n<p>Nous distribuons toutes les cons\u00e9quences de laboratoire de chaque produit chimique de recherche sur un document PDF.<\/p>\n<h3><strong>Commandez en toute s\u00e9curit\u00e9 aupr\u00e8s du flubrotizolam.<\/strong><\/h3>\n<p>Les produits chimiques de recherche de conception TRRC SHOP sont d\u2019excellente qualit\u00e9 et ont un co\u00fbt raisonnable. Par cons\u00e9quent, lorsque vous demandez vos produits chimiques de recherche chez TRRC SHOP, nous garantissons que nous transmettrons votre demande \u00e0 votre laboratoire de recherche rapidement et en toute s\u00e9curit\u00e9, car la vente de produits chimiques de recherche est toujours disponible chez TRRC SHOP.<\/p>\n<p>Demander des compos\u00e9s de recherche synth\u00e9tiques avec Bitcoin ou par virement bancaire est simple chez TRRC SHOP.<\/p>\n<p>Nous exp\u00e9dions les produits chimiques de recherche le m\u00eame jour ouvrable si le paiement est re\u00e7u avant 15h00 CEST.<\/p>\n<p>Nous ne fournissons pas d&#039;articles aux personnes de moins de 18\u00a0ans\u00a0!<\/p>\n<p><strong>Granul\u00e9s de flubrotizolam \u00e0 vendre<\/strong>\u00a0sont uniquement \u00e0 des fins de recherche.<\/p>\n<h3><strong>Exp\u00e9dition discr\u00e8te de produits chimiques de recherche.<\/strong><\/h3>\n<p>TRRC SHOP emballera votre commande en toute s\u00e9curit\u00e9 pour garantir un transport correct. De plus, nous emballons avec une discr\u00e9tion parfaite, et aucun signe de ce qui pourrait se trouver \u00e0 l&#039;int\u00e9rieur ne sera affich\u00e9 \u00e0 l&#039;ext\u00e9rieur.<\/p>","protected":false},"excerpt":{"rendered":"<p><strong>Nom IUPAC\u00a0: <\/strong>4-bromo-7-(2-fluoroph\u00e9nyl)-13-m\u00e9thyl-3-thia-1,8,11,12-t\u00e9trazatricyclo[8.3.0.02,6]trid\u00e9ca-2(6),4,7,10,12 -penta\u00e8ne<\/p>\n<p><strong>CAS# <\/strong>57801-95-3<\/p>\n<p><strong>Autre nom: <\/strong>Fanax<\/p>\n<p><strong>Analyse RMN\u00a0: <\/strong>C15H10BrFN4S<\/p>","protected":false},"featured_media":8432,"comment_status":"open","ping_status":"closed","template":"","meta":[],"product_brand":[],"product_cat":[93],"product_tag":[],"class_list":{"0":"post-8381","1":"product","2":"type-product","3":"status-publish","4":"has-post-thumbnail","6":"product_cat-order-pills-online","8":"first","9":"instock","10":"shipping-taxable","11":"purchasable","12":"product-type-variable"},"jetpack_sharing_enabled":true,"_links":{"self":[{"href":"https:\/\/rezeptfrei-apotheke.net\/fr\/wp-json\/wp\/v2\/product\/8381","targetHints":{"allow":["GET"]}}],"collection":[{"href":"https:\/\/rezeptfrei-apotheke.net\/fr\/wp-json\/wp\/v2\/product"}],"about":[{"href":"https:\/\/rezeptfrei-apotheke.net\/fr\/wp-json\/wp\/v2\/types\/product"}],"replies":[{"embeddable":true,"href":"https:\/\/rezeptfrei-apotheke.net\/fr\/wp-json\/wp\/v2\/comments?post=8381"}],"wp:featuredmedia":[{"embeddable":true,"href":"https:\/\/rezeptfrei-apotheke.net\/fr\/wp-json\/wp\/v2\/media\/8432"}],"wp:attachment":[{"href":"https:\/\/rezeptfrei-apotheke.net\/fr\/wp-json\/wp\/v2\/media?parent=8381"}],"wp:term":[{"taxonomy":"product_brand","embeddable":true,"href":"https:\/\/rezeptfrei-apotheke.net\/fr\/wp-json\/wp\/v2\/product_brand?post=8381"},{"taxonomy":"product_cat","embeddable":true,"href":"https:\/\/rezeptfrei-apotheke.net\/fr\/wp-json\/wp\/v2\/product_cat?post=8381"},{"taxonomy":"product_tag","embeddable":true,"href":"https:\/\/rezeptfrei-apotheke.net\/fr\/wp-json\/wp\/v2\/product_tag?post=8381"}],"curies":[{"name":"wp","href":"https:\/\/api.w.org\/{rel}","templated":true}]}}