{"id":8634,"date":"2023-10-21T10:58:57","date_gmt":"2023-10-21T10:58:57","guid":{"rendered":"https:\/\/rezeptfrei-apotheke.net\/?post_type=product&#038;p=8634"},"modified":"2023-10-31T09:00:43","modified_gmt":"2023-10-31T09:00:43","slug":"2-methyl-ap-237-20mg-pellets","status":"publish","type":"product","link":"https:\/\/rezeptfrei-apotheke.net\/fr\/product\/2-methyl-ap-237-20mg-pellets\/","title":{"rendered":"2-M\u00c9THYL-AP-237 granul\u00e9s de 20 mg"},"content":{"rendered":"<p><strong>Mentions de danger<\/strong><\/p>\n<ul>\n<li>Les pastilles de 2-METHYL-AP-237 20 mg sont un produit chimique de recherche, ce qui signifie qu&#039;il s&#039;agit d&#039;une substance inconnue. Il peut donc y avoir des cons\u00e9quences inconnues lors de la recherche, alors prenez toujours les mesures appropri\u00e9es lorsque vous effectuez une recherche.<\/li>\n<li>Les produits chimiques de recherche peuvent provoquer une irritation respiratoire.<\/li>\n<li>Les produits chimiques de recherche peuvent provoquer une irritation des yeux.<\/li>\n<li>Les produits chimiques de recherche ne sont pas destin\u00e9s \u00e0 la consommation humaine, animale ou autre.<\/li>\n<li>Les produits chimiques de recherche ne doivent pas \u00eatre d\u00e9vers\u00e9s dans les \u00e9gouts ni \u00e9limin\u00e9s de mani\u00e8re inappropri\u00e9e.<\/li>\n<\/ul>","protected":false},"excerpt":{"rendered":"<p>Nom IUPAC\u00a0:<br \/>\nForme : pellets<br \/>\nAnalyse RMN\u00a0: N\/A<\/p>","protected":false},"featured_media":8652,"comment_status":"open","ping_status":"closed","template":"","meta":[],"product_brand":[],"product_cat":[93],"product_tag":[],"class_list":{"0":"post-8634","1":"product","2":"type-product","3":"status-publish","4":"has-post-thumbnail","6":"product_cat-order-pills-online","8":"first","9":"instock","10":"shipping-taxable","11":"purchasable","12":"product-type-variable"},"jetpack_sharing_enabled":true,"_links":{"self":[{"href":"https:\/\/rezeptfrei-apotheke.net\/fr\/wp-json\/wp\/v2\/product\/8634","targetHints":{"allow":["GET"]}}],"collection":[{"href":"https:\/\/rezeptfrei-apotheke.net\/fr\/wp-json\/wp\/v2\/product"}],"about":[{"href":"https:\/\/rezeptfrei-apotheke.net\/fr\/wp-json\/wp\/v2\/types\/product"}],"replies":[{"embeddable":true,"href":"https:\/\/rezeptfrei-apotheke.net\/fr\/wp-json\/wp\/v2\/comments?post=8634"}],"wp:featuredmedia":[{"embeddable":true,"href":"https:\/\/rezeptfrei-apotheke.net\/fr\/wp-json\/wp\/v2\/media\/8652"}],"wp:attachment":[{"href":"https:\/\/rezeptfrei-apotheke.net\/fr\/wp-json\/wp\/v2\/media?parent=8634"}],"wp:term":[{"taxonomy":"product_brand","embeddable":true,"href":"https:\/\/rezeptfrei-apotheke.net\/fr\/wp-json\/wp\/v2\/product_brand?post=8634"},{"taxonomy":"product_cat","embeddable":true,"href":"https:\/\/rezeptfrei-apotheke.net\/fr\/wp-json\/wp\/v2\/product_cat?post=8634"},{"taxonomy":"product_tag","embeddable":true,"href":"https:\/\/rezeptfrei-apotheke.net\/fr\/wp-json\/wp\/v2\/product_tag?post=8634"}],"curies":[{"name":"wp","href":"https:\/\/api.w.org\/{rel}","templated":true}]}}