{"id":8636,"date":"2023-10-21T10:58:57","date_gmt":"2023-10-21T10:58:57","guid":{"rendered":"https:\/\/rezeptfrei-apotheke.net\/?post_type=product&#038;p=8636"},"modified":"2026-02-16T10:06:18","modified_gmt":"2026-02-16T10:06:18","slug":"2-fdck-pellets-50mg","status":"publish","type":"product","link":"https:\/\/rezeptfrei-apotheke.net\/fr\/product\/2-fdck-pellets-50mg\/","title":{"rendered":"Pastilles de 2-FDCK 50 mg"},"content":{"rendered":"<div class=\"wpb-content-wrapper\"><div class=\"vc_row wpb_row vc_row-fluid\"><div class=\"wpb_column vc_column_container vc_col-sm-12\"><div class=\"vc_column-inner\"><div class=\"wpb_wrapper\">\n\t<div class=\"wpb_text_column wpb_content_element\" >\n\t\t<div class=\"wpb_wrapper\">\n\t\t\t<h2>Informations sur la 2F-k\u00e9tamine<\/h2>\n<p><a href=\"https:\/\/en.wikipedia.org\/wiki\/2-Fluorodeschloroketamine\" target=\"_blank\" rel=\"noopener\">2F-K\u00e9tamine<\/a>, \u00e9galement connu sous le nom de 2-fdck, est similaire \u00e0 la k\u00e9tamine utilis\u00e9e dans le monde m\u00e9dical. C&#039;est une substance dissociative moins connue appartenant \u00e0 la classe des arylcyclohexylamines.<\/p>\n<p>Actuellement, la 2F-K\u00e9tamine est disponible sous forme de poudre.<\/p>\n<p>Selon les rapports des laboratoires, il existe de nombreuses similitudes entre la k\u00e9tamine et la 2F-K\u00e9tamine (2-FDCK). Chimiquement, leurs structures sont presque les m\u00eames. La diff\u00e9rence r\u00e9side dans la composition, o\u00f9 le composant chlor\u00e9 est remplac\u00e9 par un composant fluor\u00e9.<\/p>\n<h2>K\u00e9tamine, la chimie<\/h2>\n<p>La 2-FDCK est une arylcyclohexylamine (ACH) portant le nom chimique 2-(2-chloroph\u00e9nyl)-2-(m\u00e9thylamino)cyclohexanone. C&#039;est une poudre cristalline blanche soluble dans l&#039;eau et les solvants organiques tels que l&#039;\u00e9thanol et l&#039;ac\u00e9tone.<\/p>\n<p><strong>Nom UICPA\u00a0:<\/strong>\u00a02-(2-fluoroph\u00e9nyl)-2-m\u00e9thylamino-cyclohexanone<br \/>\n<strong>Disponible en :<\/strong>\u00a0poudre, cristaux<br \/>\n<strong>La puret\u00e9 :<\/strong>\u00a098%+<br \/>\n<strong>Couleur:<\/strong>\u00a0blanc<br \/>\n<strong>Nom syst\u00e9matique\u00a0:<\/strong>\u00a0(R\/S)-2-(2-fluoroph\u00e9nyl)-2-(m\u00e9thylamino)cyclohexanone<br \/>\n<strong>Formule :<\/strong>\u00a0C13H16FNO<br \/>\n<strong>Classe chimique\u00a0:<\/strong>\u00a0Arylcyclohexylamine<\/p>\n<h2>Comment la k\u00e9tamine est-elle utilis\u00e9e ?<\/h2>\n<p>Si vous effectuez des recherches avec ce produit, assurez-vous de prendre les pr\u00e9cautions de laboratoire n\u00e9cessaires, telles que le nettoyage des surfaces et le port de gants, d&#039;un masque et de v\u00eatements de protection.<\/p>\n<h3>Quelle est la meilleure fa\u00e7on de conserver le 2-FDCK\u00a0?<\/h3>\n<p>Pour stocker correctement vos produits chimiques de recherche et garantir la meilleure dur\u00e9e de conservation, il est fortement recommand\u00e9 de les conserver dans un environnement sec et frais.<\/p>\n<p>Gardez le 2-FDCK \u00e0 l\u2019\u00e9cart des flammes nues et de la chaleur autant que possible. Les produits chimiques de recherche peuvent \u00eatre stock\u00e9s pendant au moins 1 \u00e0 2 ans.<\/p>\n\n\t\t<\/div>\n\t<\/div>\n<\/div><\/div><\/div><\/div>\n<\/div>","protected":false},"excerpt":{"rendered":"<p><strong>Analyse RMN\u00a0: <\/strong>N \/ A<\/p>","protected":false},"featured_media":8656,"comment_status":"open","ping_status":"closed","template":"","meta":[],"product_brand":[],"product_cat":[93],"product_tag":[],"class_list":{"0":"post-8636","1":"product","2":"type-product","3":"status-publish","4":"has-post-thumbnail","6":"product_cat-order-pills-online","8":"first","9":"instock","10":"shipping-taxable","11":"purchasable","12":"product-type-variable"},"jetpack_sharing_enabled":true,"_links":{"self":[{"href":"https:\/\/rezeptfrei-apotheke.net\/fr\/wp-json\/wp\/v2\/product\/8636","targetHints":{"allow":["GET"]}}],"collection":[{"href":"https:\/\/rezeptfrei-apotheke.net\/fr\/wp-json\/wp\/v2\/product"}],"about":[{"href":"https:\/\/rezeptfrei-apotheke.net\/fr\/wp-json\/wp\/v2\/types\/product"}],"replies":[{"embeddable":true,"href":"https:\/\/rezeptfrei-apotheke.net\/fr\/wp-json\/wp\/v2\/comments?post=8636"}],"wp:featuredmedia":[{"embeddable":true,"href":"https:\/\/rezeptfrei-apotheke.net\/fr\/wp-json\/wp\/v2\/media\/8656"}],"wp:attachment":[{"href":"https:\/\/rezeptfrei-apotheke.net\/fr\/wp-json\/wp\/v2\/media?parent=8636"}],"wp:term":[{"taxonomy":"product_brand","embeddable":true,"href":"https:\/\/rezeptfrei-apotheke.net\/fr\/wp-json\/wp\/v2\/product_brand?post=8636"},{"taxonomy":"product_cat","embeddable":true,"href":"https:\/\/rezeptfrei-apotheke.net\/fr\/wp-json\/wp\/v2\/product_cat?post=8636"},{"taxonomy":"product_tag","embeddable":true,"href":"https:\/\/rezeptfrei-apotheke.net\/fr\/wp-json\/wp\/v2\/product_tag?post=8636"}],"curies":[{"name":"wp","href":"https:\/\/api.w.org\/{rel}","templated":true}]}}