{"id":8640,"date":"2023-10-21T10:58:57","date_gmt":"2023-10-21T10:58:57","guid":{"rendered":"https:\/\/rezeptfrei-apotheke.net\/?post_type=product&#038;p=8640"},"modified":"2023-10-31T08:56:23","modified_gmt":"2023-10-31T08:56:23","slug":"3d-mxe-pellets-40mg","status":"publish","type":"product","link":"https:\/\/rezeptfrei-apotheke.net\/fr\/product\/3d-mxe-pellets-40mg\/","title":{"rendered":"Pastilles 3D-MXE 40 mg"},"content":{"rendered":"<p>Nom du produit\u00a0:\u00a0granul\u00e9s DMXE 40\u00a0mg<\/p>\n<p>Autre(s) nom(s)\u00a0: D\u00e9soxym\u00e9thox\u00e9tamine, 3D-MXE, m\u00e9th\u00e9tamine, chlorhydrate de 3-Me-2\u2032-oxo-PCE<\/p>\n<p>CAS\u00a0: N\/A<\/p>\n<p>Ingr\u00e9dient(s) actif(s) : DMXE HCl (40 mg)<\/p>\n<p>Autre(s) ingr\u00e9dient(s)\u00a0: MCC, dioxyde de silicium collo\u00efdal, glycolate d&#039;amidon sodique, fumarate de st\u00e9aryle sodique, E172<\/p>\n<p>Aspect : pastille ronde noire de 8 mm<\/p>\n<p><b><u>Info:<br \/>\n<\/u><\/b><\/p>\n<p>Le DMXE est une substance dissociative de la classe des arylcyclohexylamines qui produit des effets dissociatifs, anesth\u00e9siques, stimulants et hallucinog\u00e8nes lorsqu&#039;elle est administr\u00e9e.<\/p>\n<p>On pensait qu&#039;il avait \u00e9t\u00e9 synth\u00e9tis\u00e9 pour la premi\u00e8re fois par un laboratoire aux Pays-Bas en 2020 et marqu\u00e9 comme l&#039;analogue parfait du MXE\u00a0!<\/p>\n<p>On sait peu de choses sur le DMXE en raison de sa relative nouveaut\u00e9. Nous fournirons donc des informations sur la classe chimique \u00e0 laquelle il appartient : les arylcyclohexylamines.<\/p>","protected":false},"excerpt":{"rendered":"<p><strong>Formulaire: <\/strong>pellets<\/p>\n<p><strong>Analyse RMN\u00a0: <\/strong>N \/ A<\/p>","protected":false},"featured_media":8664,"comment_status":"open","ping_status":"closed","template":"","meta":[],"product_brand":[],"product_cat":[93],"product_tag":[],"class_list":{"0":"post-8640","1":"product","2":"type-product","3":"status-publish","4":"has-post-thumbnail","6":"product_cat-order-pills-online","8":"first","9":"instock","10":"shipping-taxable","11":"purchasable","12":"product-type-variable"},"jetpack_sharing_enabled":true,"_links":{"self":[{"href":"https:\/\/rezeptfrei-apotheke.net\/fr\/wp-json\/wp\/v2\/product\/8640","targetHints":{"allow":["GET"]}}],"collection":[{"href":"https:\/\/rezeptfrei-apotheke.net\/fr\/wp-json\/wp\/v2\/product"}],"about":[{"href":"https:\/\/rezeptfrei-apotheke.net\/fr\/wp-json\/wp\/v2\/types\/product"}],"replies":[{"embeddable":true,"href":"https:\/\/rezeptfrei-apotheke.net\/fr\/wp-json\/wp\/v2\/comments?post=8640"}],"wp:featuredmedia":[{"embeddable":true,"href":"https:\/\/rezeptfrei-apotheke.net\/fr\/wp-json\/wp\/v2\/media\/8664"}],"wp:attachment":[{"href":"https:\/\/rezeptfrei-apotheke.net\/fr\/wp-json\/wp\/v2\/media?parent=8640"}],"wp:term":[{"taxonomy":"product_brand","embeddable":true,"href":"https:\/\/rezeptfrei-apotheke.net\/fr\/wp-json\/wp\/v2\/product_brand?post=8640"},{"taxonomy":"product_cat","embeddable":true,"href":"https:\/\/rezeptfrei-apotheke.net\/fr\/wp-json\/wp\/v2\/product_cat?post=8640"},{"taxonomy":"product_tag","embeddable":true,"href":"https:\/\/rezeptfrei-apotheke.net\/fr\/wp-json\/wp\/v2\/product_tag?post=8640"}],"curies":[{"name":"wp","href":"https:\/\/api.w.org\/{rel}","templated":true}]}}