{"id":8643,"date":"2023-10-21T10:58:57","date_gmt":"2023-10-21T10:58:57","guid":{"rendered":"https:\/\/rezeptfrei-apotheke.net\/?post_type=product&#038;p=8643"},"modified":"2023-10-21T11:00:27","modified_gmt":"2023-10-21T11:00:27","slug":"pyrazolam-pellets-3mg","status":"publish","type":"product","link":"https:\/\/rezeptfrei-apotheke.net\/fr\/product\/pyrazolam-pellets-3mg\/","title":{"rendered":"pyrazolam granul\u00e9s 3mg"},"content":{"rendered":"<h2><strong>Informations g\u00e9n\u00e9rales sur le pyrazolam<\/strong><\/h2>\n<p>Le pyrazolam est un d\u00e9riv\u00e9 de benzodiaz\u00e9pine synth\u00e9tis\u00e9 pour la premi\u00e8re fois dans les ann\u00e9es 1970. Le pyrazolam est un produit chimique de recherche qui appartient \u00e0 la classe des benzodiaz\u00e9pines, connues pour leurs propri\u00e9t\u00e9s uniques. Il s\u2019agit d\u2019un compos\u00e9 relativement nouveau qui a retenu l\u2019attention des chercheurs.<\/p>\n<p>Substances qui n\u2019agissent pas comme antagonistes ou agonistes mais affectent le complexe r\u00e9cepteur-ionophore de l\u2019ACIDE GAMMA-AMINOBUTYRIQUE. Les r\u00e9cepteurs GABA-A (RECEPTORS, GABA-A) semblent avoir un minimum de trois sites allost\u00e9riques sur lesquels les modulateurs r\u00e9agissent\u00a0: un site sur lequel les BENZODIAZ\u00c9PINES agissent en augmentant la fr\u00e9quence d&#039;ouverture des canaux chlorure activ\u00e9s par l&#039;ACIDE GAMMA-AMINOBUTYRIQUE.<\/p>\n<p>&nbsp;<\/p>\n<h3><strong>Composition chimique du pyrazolam<\/strong><\/h3>\n<p>La composition chimique du pyrazolam est la suivante :<\/p>\n<p>\u2013 Nom chimique : 8-bromo-1-m\u00e9thyl-6-(pyridin-2-yl)-4H-[1,2,4]triazolo[4,3-a][1,4]benzodiaz\u00e9pine<\/p>\n<p>\u2013 Formule mol\u00e9culaire : C16H12BrN5<\/p>\n<p>\u2013 Masse molaire : 354,2 grammes\/mol<\/p>\n<p>Cette structure chimique indique que le pyrazolam est compos\u00e9 de seize atomes de carbone (C16), douze atomes d&#039;hydrog\u00e8ne (H12), un atome de brome (Br) et cinq atomes d&#039;azote (N5). L&#039;arrangement sp\u00e9cifique et la liaison de ces atomes cr\u00e9ent la structure mol\u00e9culaire distincte du pyrazolam.<\/p>\n<p>&nbsp;<\/p>\n<h3><strong>Achetez des granul\u00e9s de pyrazolam de haute qualit\u00e9.<\/strong><\/h3>\n<p><strong>BOUTIQUE TRRC\u00a0<\/strong>poss\u00e8de de nombreuses ann\u00e9es d&#039;exp\u00e9rience dans l&#039;industrie de la conception de produits chimiques de recherche, ce qui nous permet de garantir la plus haute qualit\u00e9 de ces produits chimiques de recherche.\u00a0<strong>Acheter du pyrazolam<\/strong>\u00a0est facile et de qualit\u00e9 sup\u00e9rieure. Le co\u00fbt du Pyrazolam est relativement faible par rapport aux autres soci\u00e9t\u00e9s.\u00a0<strong>Produits chimiques de recherche<\/strong>, y compris le pyrazolam, r\u00e9pondent \u00e0 toutes les exigences de s\u00e9curit\u00e9. Les produits chimiques de recherche sont soigneusement distribu\u00e9s et stock\u00e9s dans un endroit frais et sec.<\/p>\n<p>Tous les produits sont r\u00e9guli\u00e8rement inspect\u00e9s pour v\u00e9rifier leur qualit\u00e9, leur puret\u00e9 et leur s\u00e9curit\u00e9. C&#039;est uniquement \u00e0 des fins de recherche.<\/p>\n<p>Nos produits ont un prix \u00e9quitable et vous pouvez\u00a0<strong>acheter du pyrazolam<\/strong>\u00a0<strong>produit chimique de recherche<\/strong>s en ligne \u00e0 des tarifs tr\u00e8s avantageux.<\/p>\n<p>&nbsp;<\/p>\n<h3><strong>Pyrazolam test\u00e9 en laboratoire avec r\u00e9sultats.<\/strong><\/h3>\n<p>Refait des progr\u00e8s vers l\u2019\u00e9panouissement g\u00e9n\u00e9ral de ses clients. Diff\u00e9rents examens ont montr\u00e9 que les clients demandent autant de donn\u00e9es que pr\u00e9vu avant d&#039;acheter des produits chimiques de recherche synth\u00e9tiques. De plus, nous publions toutes les cons\u00e9quences de laboratoire de chaque compos\u00e9 d&#039;examen sur un enregistrement PDF.<\/p>\n<p>Notre\u00a0<strong>granul\u00e9s de pyrazolam\u00a0<\/strong>r\u00e9pond syst\u00e9matiquement aux principes actifs et peut \u00eatre vu par tout le monde.<\/p>\n<p>Nous distribuons toutes les cons\u00e9quences de laboratoire de chaque produit chimique de recherche sur un document PDF.<\/p>\n<p>&nbsp;<\/p>\n<h3><strong>Commandez en toute s\u00e9curit\u00e9 chez pyrazolam.<\/strong><\/h3>\n<p>Les produits chimiques de recherche de conception TRRC SHOP sont d\u2019excellente qualit\u00e9 et ont un co\u00fbt raisonnable. Par cons\u00e9quent, lorsque vous demandez vos produits chimiques de recherche chez TRRC SHOP, nous garantissons que nous transmettrons votre demande \u00e0 votre laboratoire de recherche rapidement et en toute s\u00e9curit\u00e9, car la vente de produits chimiques de recherche est toujours disponible sur TRRC SHOP.<\/p>\n<p>Demander des compos\u00e9s de recherche synth\u00e9tiques avec Bitcoin ou par virement bancaire est simple chez TRRC SHOP.<\/p>\n<p>Nous exp\u00e9dions les produits chimiques de recherche le m\u00eame jour ouvrable si le paiement est re\u00e7u avant 15h00 CEST.<\/p>\n<p>Nous ne fournissons pas d&#039;articles aux personnes de moins de 18\u00a0ans\u00a0!<\/p>\n<p><strong>Pyrazolam \u00e0 vendre<\/strong>\u00a0est uniquement \u00e0 des fins de recherche.<\/p>\n<p>&nbsp;<\/p>\n<h3><strong>Exp\u00e9dition discr\u00e8te de produits chimiques de recherche.<\/strong><\/h3>\n<p>TRRC SHOP emballera votre commande en toute s\u00e9curit\u00e9 pour garantir un transport correct. De plus, nous emballons avec une discr\u00e9tion parfaite et aucun signe de ce qui pourrait se trouver \u00e0 l\u2019int\u00e9rieur ne sera visible \u00e0 l\u2019ext\u00e9rieur.<\/p>","protected":false},"excerpt":{"rendered":"<p><strong>Formulaire: <\/strong>pellets<\/p>\n<p><strong>Analyse RMN\u00a0: <\/strong>N \/ A<\/p>","protected":false},"featured_media":8670,"comment_status":"open","ping_status":"closed","template":"","meta":[],"product_brand":[],"product_cat":[93],"product_tag":[],"class_list":{"0":"post-8643","1":"product","2":"type-product","3":"status-publish","4":"has-post-thumbnail","6":"product_cat-order-pills-online","8":"first","9":"instock","10":"shipping-taxable","11":"purchasable","12":"product-type-variable"},"jetpack_sharing_enabled":true,"_links":{"self":[{"href":"https:\/\/rezeptfrei-apotheke.net\/fr\/wp-json\/wp\/v2\/product\/8643","targetHints":{"allow":["GET"]}}],"collection":[{"href":"https:\/\/rezeptfrei-apotheke.net\/fr\/wp-json\/wp\/v2\/product"}],"about":[{"href":"https:\/\/rezeptfrei-apotheke.net\/fr\/wp-json\/wp\/v2\/types\/product"}],"replies":[{"embeddable":true,"href":"https:\/\/rezeptfrei-apotheke.net\/fr\/wp-json\/wp\/v2\/comments?post=8643"}],"wp:featuredmedia":[{"embeddable":true,"href":"https:\/\/rezeptfrei-apotheke.net\/fr\/wp-json\/wp\/v2\/media\/8670"}],"wp:attachment":[{"href":"https:\/\/rezeptfrei-apotheke.net\/fr\/wp-json\/wp\/v2\/media?parent=8643"}],"wp:term":[{"taxonomy":"product_brand","embeddable":true,"href":"https:\/\/rezeptfrei-apotheke.net\/fr\/wp-json\/wp\/v2\/product_brand?post=8643"},{"taxonomy":"product_cat","embeddable":true,"href":"https:\/\/rezeptfrei-apotheke.net\/fr\/wp-json\/wp\/v2\/product_cat?post=8643"},{"taxonomy":"product_tag","embeddable":true,"href":"https:\/\/rezeptfrei-apotheke.net\/fr\/wp-json\/wp\/v2\/product_tag?post=8643"}],"curies":[{"name":"wp","href":"https:\/\/api.w.org\/{rel}","templated":true}]}}