{"id":8649,"date":"2023-10-21T10:58:58","date_gmt":"2023-10-21T10:58:58","guid":{"rendered":"https:\/\/rezeptfrei-apotheke.net\/?post_type=product&#038;p=8649"},"modified":"2023-10-31T08:46:11","modified_gmt":"2023-10-31T08:46:11","slug":"2-fea-pellets-60mg","status":"publish","type":"product","link":"https:\/\/rezeptfrei-apotheke.net\/fr\/product\/2-fea-pellets-60mg\/","title":{"rendered":"Granul\u00e9s de 2-FEA 60 mg"},"content":{"rendered":"<h2><strong>ACHETER 2-FEA\/3-FEA<\/strong><\/h2>\n<p>3Phoria est un produit chimique de recherche compos\u00e9 d&#039;un m\u00e9lange minutieux de 2-FEA et de 3-FEA. Selon les rapports scientifiques, le 2\/3-FEA produit les effets stimulants classiques suivants\u00a0:<\/p>\n<p>Le 2-FEA est un stimulant de la classe des amph\u00e9tamines et \u00e9troitement li\u00e9 au 2-FMA, \u00e9galement connu sous le nom de 2-Fluor\u00e9thamph\u00e9tamine. Les r\u00e9sultats des recherches scientifiques sur le 2-FEA sont diff\u00e9rentes stimulations et euphories. En th\u00e9orie, le 2-FEA augmente efficacement les niveaux de monoamine, de neurotransmetteurs, de dopamine, de noradr\u00e9naline et de s\u00e9rotonine.<\/p>\n<p>La 3-FEA AKA 3-fluorom\u00e9thamph\u00e9tamine est un compos\u00e9 fluor\u00e9 de la famille des amph\u00e9tamines. Des rapports de recherche ont caract\u00e9ris\u00e9 le 3-FEA comme un lib\u00e9rateur de triple monoamine \u00e0 dominante s\u00e9rotonine mod\u00e9r\u00e9ment puissant qui produit un m\u00e9lange de r\u00e9sultats entactog\u00e8nes et l\u00e9g\u00e8rement stimulants sur les sujets test\u00e9s.<\/p>\n<p>&nbsp;<\/p>\n<h2><strong>COMMENT UTILISER LES PELLETS 2-FEA\/3-FEA (3PHORIA)\u00a0?<\/strong><\/h2>\n<p>Pastilles 2\/3-FEA press\u00e9es en 160 mg de pastilles de haute qualit\u00e9 pour tous vos besoins de recherche. Conservez les granul\u00e9s dans un endroit sec et frais pour une dur\u00e9e de conservation maximale. Le rapport de chaque granul\u00e9 est de 40 mg de 2-FEA pour 120 mg de 3-FEA. Conserver dans un endroit sec et frais pour une dur\u00e9e de conservation maximale. Lorsque vous manipulez des produits chimiques de recherche, assurez-vous de toujours prendre les pr\u00e9cautions appropri\u00e9es dans le laboratoire, comme essuyer les surfaces et porter des gants, un masque et des v\u00eatements de protection.<\/p>\n<p>&nbsp;<\/p>\n<h2><strong>D\u00c9FINITION 2-FEA\/3-FEA (3PHORIE)<\/strong><\/h2>\n<p>La d\u00e9finition de 2-FEA\/3FEA (3phoria) est officiellement connue sous le nom de 2-Fluoro\u00e9thamph\u00e9tamine et 3-Fluoro\u00e9thamph\u00e9tamine, deux amph\u00e9tamines synth\u00e9tiques fortes. La 2-fluoro\u00e9thamph\u00e9tamine et la 3-fluoro\u00e9thamph\u00e9tamine sont structurellement li\u00e9es \u00e0 une s\u00e9rie d&#039;amph\u00e9tamines fluor\u00e9es substitu\u00e9es qui comprenaient \u00e0 l&#039;origine des compos\u00e9s tels que le 2-FA, le 3-FA, le 4-FA, le 2-FMA et le 4-FMA.<\/p>\n<p>&nbsp;<\/p>\n<h2><strong>INFORMATIONS G\u00c9N\u00c9RALES SUR LA CHIMIE 2-FEA\/3-FEA (3PHORIA)<\/strong><\/h2>\n<p>Le 2-FEA\/3-FEA est une mol\u00e9cule synth\u00e9tique de la classe des amph\u00e9tamines. Les mol\u00e9cules de cette classe contiennent un noyau ph\u00e9n\u00e9thylamine. Ce noyau est constitu\u00e9 d&#039;un cycle ph\u00e9nyle li\u00e9 \u00e0 un groupe amino via une cha\u00eene \u00e9thyle substitu\u00e9e par un groupe m\u00e9thyle (c&#039;est-\u00e0-dire que les amph\u00e9tamines sont des ph\u00e9n\u00e9thylamines alpha-m\u00e9thyl\u00e9es). Le 3-FEA en particulier est l\u2019analogue fluor\u00e9 en position 3 de l\u2019\u00e9thylamph\u00e9tamine, \u00e9galement connu sous le nom d\u2019\u00e9thamph\u00e9tamine. Il pr\u00e9sente des similitudes structurelles avec la fenfluramine 3-FA. Ce compos\u00e9 a un historique de recherche scientifique extr\u00eamement court et est relativement nouveau sur le march\u00e9 des produits chimiques de recherche. Par cons\u00e9quent, il est fortement conseill\u00e9 d\u2019utiliser des pratiques de r\u00e9duction des risques si vous utilisez cette substance.<\/p>\n<p>&nbsp;<\/p>\n<h2><strong>O ACHETER 2-FEA\/3-FEA (3PHORIA)<\/strong><\/h2>\n<p>2-FEA\/3FEA (3phoria) peut \u00eatre achet\u00e9 ici sur le <a href=\"https:\/\/rezeptfrei-apotheke.net\/fr\/\">Rchemsho<\/a>p site Internet. Nous vendons du 2-FEA\/3FEA (3phoria) de qualit\u00e9 sup\u00e9rieure, g\u00e9n\u00e9ralement sous forme de pellets. Cependant, nous avons souvent d&#039;autres formes de substances disponibles, alors n&#039;h\u00e9sitez pas \u00e0 nous contacter pour voir si nous avons en stock votre forme de substance pr\u00e9f\u00e9r\u00e9e. Vous devez avoir au moins 18 ans pour acheter du 2-FEA\/3FEA (3phoria) chez nous.<\/p>","protected":false},"excerpt":{"rendered":"<p><strong>Nom IUPAC\u00a0: <\/strong>N-\u00e9thyl-2-fluoro-\u03b1-m\u00e9thyl-benz\u00e8ne\u00e9thanamine, monochlorhydrate<\/p>\n<p><strong>CAS# <\/strong>3871-89-4<\/p>\n<p><strong>Apparence : <\/strong>pellets<\/p>\n<p><strong>Analyse RMN\u00a0: <\/strong>n \/ A<\/p>","protected":false},"featured_media":8707,"comment_status":"open","ping_status":"closed","template":"","meta":[],"product_brand":[],"product_cat":[93],"product_tag":[],"class_list":{"0":"post-8649","1":"product","2":"type-product","3":"status-publish","4":"has-post-thumbnail","6":"product_cat-order-pills-online","8":"first","9":"instock","10":"shipping-taxable","11":"purchasable","12":"product-type-variable"},"jetpack_sharing_enabled":true,"_links":{"self":[{"href":"https:\/\/rezeptfrei-apotheke.net\/fr\/wp-json\/wp\/v2\/product\/8649","targetHints":{"allow":["GET"]}}],"collection":[{"href":"https:\/\/rezeptfrei-apotheke.net\/fr\/wp-json\/wp\/v2\/product"}],"about":[{"href":"https:\/\/rezeptfrei-apotheke.net\/fr\/wp-json\/wp\/v2\/types\/product"}],"replies":[{"embeddable":true,"href":"https:\/\/rezeptfrei-apotheke.net\/fr\/wp-json\/wp\/v2\/comments?post=8649"}],"wp:featuredmedia":[{"embeddable":true,"href":"https:\/\/rezeptfrei-apotheke.net\/fr\/wp-json\/wp\/v2\/media\/8707"}],"wp:attachment":[{"href":"https:\/\/rezeptfrei-apotheke.net\/fr\/wp-json\/wp\/v2\/media?parent=8649"}],"wp:term":[{"taxonomy":"product_brand","embeddable":true,"href":"https:\/\/rezeptfrei-apotheke.net\/fr\/wp-json\/wp\/v2\/product_brand?post=8649"},{"taxonomy":"product_cat","embeddable":true,"href":"https:\/\/rezeptfrei-apotheke.net\/fr\/wp-json\/wp\/v2\/product_cat?post=8649"},{"taxonomy":"product_tag","embeddable":true,"href":"https:\/\/rezeptfrei-apotheke.net\/fr\/wp-json\/wp\/v2\/product_tag?post=8649"}],"curies":[{"name":"wp","href":"https:\/\/api.w.org\/{rel}","templated":true}]}}