{"id":8675,"date":"2023-10-21T10:59:18","date_gmt":"2023-10-21T10:59:18","guid":{"rendered":"https:\/\/rezeptfrei-apotheke.net\/?post_type=product&#038;p=8675"},"modified":"2023-10-31T08:32:22","modified_gmt":"2023-10-31T08:32:22","slug":"2-fma-pellets-50mg","status":"publish","type":"product","link":"https:\/\/rezeptfrei-apotheke.net\/fr\/product\/2-fma-pellets-50mg\/","title":{"rendered":"Granul\u00e9s de 2-FMA 50 mg"},"content":{"rendered":"<p>La 2-FMA (2-Fluorom\u00e9thamph\u00e9tamine) est un produit chimique stimulant qui fait partie de la classe des amph\u00e9tamines. Le 2-FMA produit ses effets via les r\u00e9cepteurs de la dopamine et de la noradr\u00e9naline dans le cerveau. Ce produit chimique est compar\u00e9 au 2-FA, au 4-MA et au 3-FA, c&#039;est \u00e9galement un analogue structurel de la m\u00e9thamph\u00e9tamine. Depuis la fin des ann\u00e9es 2000, ce produit est disponible sur le march\u00e9 des produits chimiques de recherche et constitue aujourd\u2019hui l\u2019un de nos stimulants les plus populaires. Des rapports anecdotiques ont indiqu\u00e9 que les participants pr\u00e9sentaient des effets d&#039;augmentation de la libido, d&#039;euphorie physique, de distorsion du temps et d&#039;am\u00e9lioration de la concentration.<\/p>\n<p>*Avertissement : Nos produits ne sont PAS con\u00e7us pour la consommation humaine mais UNIQUEMENT \u00e0 des fins de recherche. Des pr\u00e9cautions de s\u00e9curit\u00e9 ad\u00e9quates doivent \u00eatre prises lors de la recherche sur ces produits chimiques.*<\/p>","protected":false},"excerpt":{"rendered":"<p><strong>Nom IUPAC\u00a0:<\/strong><\/p>\n<p><strong>Apparence : <\/strong>pellets<\/p>\n<p><strong>Analyse RMN\u00a0: <\/strong>N \/ A<\/p>","protected":false},"featured_media":8711,"comment_status":"open","ping_status":"closed","template":"","meta":[],"product_brand":[],"product_cat":[93],"product_tag":[],"class_list":{"0":"post-8675","1":"product","2":"type-product","3":"status-publish","4":"has-post-thumbnail","6":"product_cat-order-pills-online","8":"first","9":"instock","10":"shipping-taxable","11":"purchasable","12":"product-type-variable"},"jetpack_sharing_enabled":true,"_links":{"self":[{"href":"https:\/\/rezeptfrei-apotheke.net\/fr\/wp-json\/wp\/v2\/product\/8675","targetHints":{"allow":["GET"]}}],"collection":[{"href":"https:\/\/rezeptfrei-apotheke.net\/fr\/wp-json\/wp\/v2\/product"}],"about":[{"href":"https:\/\/rezeptfrei-apotheke.net\/fr\/wp-json\/wp\/v2\/types\/product"}],"replies":[{"embeddable":true,"href":"https:\/\/rezeptfrei-apotheke.net\/fr\/wp-json\/wp\/v2\/comments?post=8675"}],"wp:featuredmedia":[{"embeddable":true,"href":"https:\/\/rezeptfrei-apotheke.net\/fr\/wp-json\/wp\/v2\/media\/8711"}],"wp:attachment":[{"href":"https:\/\/rezeptfrei-apotheke.net\/fr\/wp-json\/wp\/v2\/media?parent=8675"}],"wp:term":[{"taxonomy":"product_brand","embeddable":true,"href":"https:\/\/rezeptfrei-apotheke.net\/fr\/wp-json\/wp\/v2\/product_brand?post=8675"},{"taxonomy":"product_cat","embeddable":true,"href":"https:\/\/rezeptfrei-apotheke.net\/fr\/wp-json\/wp\/v2\/product_cat?post=8675"},{"taxonomy":"product_tag","embeddable":true,"href":"https:\/\/rezeptfrei-apotheke.net\/fr\/wp-json\/wp\/v2\/product_tag?post=8675"}],"curies":[{"name":"wp","href":"https:\/\/api.w.org\/{rel}","templated":true}]}}