{"id":8676,"date":"2023-10-21T10:59:18","date_gmt":"2023-10-21T10:59:18","guid":{"rendered":"https:\/\/rezeptfrei-apotheke.net\/?post_type=product&#038;p=8676"},"modified":"2023-10-31T08:42:12","modified_gmt":"2023-10-31T08:42:12","slug":"3-fma-pellets-50-mg","status":"publish","type":"product","link":"https:\/\/rezeptfrei-apotheke.net\/fr\/product\/3-fma-pellets-50-mg\/","title":{"rendered":"Granul\u00e9s de 3-FMA 50 mg"},"content":{"rendered":"<h2><strong>Qu&#039;est-ce que\u00a0<\/strong><strong>3-FMA ?<\/strong><\/h2>\n<p>Le 3-FMA est un produit chimique de recherche qui appartient \u00e0 la classe chimique de substitution des amph\u00e9tamines. En termes de structure chimique, le 3-FMA est tr\u00e8s similaire au 2-FMA, au 3-FA, au 4-FMA et au 4-FA. 3-FMA signifie 3-Fluorom\u00e9thamph\u00e9tamine. Ce produit chimique de recherche est tr\u00e8s nouveau et, par cons\u00e9quent, il n\u2019existe pas beaucoup de rapports sur les r\u00e9sultats de l\u2019exp\u00e9rimentation avec ce produit chimique.<\/p>\n<p>De ce fait, vous devez prendre des pr\u00e9cautions si vous envisagez de l\u2019exp\u00e9rimenter. Portez vos lunettes de s\u00e9curit\u00e9 lorsque vous exp\u00e9rimentez le 3-FMA.<\/p>\n<p>&nbsp;<\/p>\n<h2><strong>O\u00f9 acheter du 3-FMA ?<\/strong><\/h2>\n<p>Ici, nous vendons certains des 3-FMA de la meilleure qualit\u00e9 disponibles sur le march\u00e9. Notre 3-FMA se pr\u00e9sente g\u00e9n\u00e9ralement sous forme de poudre. Cependant, nous avons souvent d&#039;autres formulaires disponibles. N&#039;h\u00e9sitez donc pas \u00e0 nous contacter si vous souhaitez acheter du 3-FMA sous une autre forme.<\/p>\n<p>Vous devez avoir au moins 18 ans et \u00eatre en parfaite conformit\u00e9 avec les lois de votre pays pour acheter du 3-FMA chez nous. Nous acceptons toutes les principales cartes de cr\u00e9dit ainsi que Bitcoin pour le paiement. L&#039;exp\u00e9dition le jour m\u00eame est disponible dans de nombreux pays.<\/p>\n<p>&nbsp;<\/p>\n<h2><strong>3-FMA L\u00e9galit\u00e9<\/strong><\/h2>\n<p>Nous vous encourageons fortement \u00e0 consulter les lois en vigueur dans votre pays de r\u00e9sidence ou lieu d&#039;exp\u00e9dition concernant la l\u00e9galit\u00e9 des produits.<\/p>\n<p>Compte tenu de nos contraintes d&#039;exp\u00e9dition actuelles, nous prenons toutes les mesures raisonnables pour r\u00e9duire le danger pour nos consommateurs.<\/p>","protected":false},"excerpt":{"rendered":"<p><strong>Nom IUPAC\u00a0: <\/strong>1-(3-fluoroph\u00e9nyl)-N-m\u00e9thylpropan-2-amine<\/p>\n<p><strong>CAS# <\/strong>1182818-14-9<\/p>\n<p><strong>Autre nom: <\/strong>3-Fluorom\u00e9thamph\u00e9tamine<\/p>\n<p><strong>Formulaire: <\/strong>pellets<\/p>\n<p><strong>Analyse RMN\u00a0: <\/strong>C10H14FN<\/p>","protected":false},"featured_media":8712,"comment_status":"open","ping_status":"closed","template":"","meta":[],"product_brand":[],"product_cat":[93],"product_tag":[],"class_list":{"0":"post-8676","1":"product","2":"type-product","3":"status-publish","4":"has-post-thumbnail","6":"product_cat-order-pills-online","8":"first","9":"instock","10":"shipping-taxable","11":"purchasable","12":"product-type-variable"},"jetpack_sharing_enabled":true,"_links":{"self":[{"href":"https:\/\/rezeptfrei-apotheke.net\/fr\/wp-json\/wp\/v2\/product\/8676","targetHints":{"allow":["GET"]}}],"collection":[{"href":"https:\/\/rezeptfrei-apotheke.net\/fr\/wp-json\/wp\/v2\/product"}],"about":[{"href":"https:\/\/rezeptfrei-apotheke.net\/fr\/wp-json\/wp\/v2\/types\/product"}],"replies":[{"embeddable":true,"href":"https:\/\/rezeptfrei-apotheke.net\/fr\/wp-json\/wp\/v2\/comments?post=8676"}],"wp:featuredmedia":[{"embeddable":true,"href":"https:\/\/rezeptfrei-apotheke.net\/fr\/wp-json\/wp\/v2\/media\/8712"}],"wp:attachment":[{"href":"https:\/\/rezeptfrei-apotheke.net\/fr\/wp-json\/wp\/v2\/media?parent=8676"}],"wp:term":[{"taxonomy":"product_brand","embeddable":true,"href":"https:\/\/rezeptfrei-apotheke.net\/fr\/wp-json\/wp\/v2\/product_brand?post=8676"},{"taxonomy":"product_cat","embeddable":true,"href":"https:\/\/rezeptfrei-apotheke.net\/fr\/wp-json\/wp\/v2\/product_cat?post=8676"},{"taxonomy":"product_tag","embeddable":true,"href":"https:\/\/rezeptfrei-apotheke.net\/fr\/wp-json\/wp\/v2\/product_tag?post=8676"}],"curies":[{"name":"wp","href":"https:\/\/api.w.org\/{rel}","templated":true}]}}