{"id":8679,"date":"2023-10-21T10:59:19","date_gmt":"2023-10-21T10:59:19","guid":{"rendered":"https:\/\/rezeptfrei-apotheke.net\/?post_type=product&#038;p=8679"},"modified":"2026-02-16T10:15:07","modified_gmt":"2026-02-16T10:15:07","slug":"2c-c-pellets-30mg","status":"publish","type":"product","link":"https:\/\/rezeptfrei-apotheke.net\/fr\/product\/2c-c-pellets-30mg\/","title":{"rendered":"Pastilles 2C-C 30mg"},"content":{"rendered":"<div class=\"wpb-content-wrapper\"><div class=\"vc_row wpb_row vc_row-fluid\"><div class=\"wpb_column vc_column_container vc_col-sm-12\"><div class=\"vc_column-inner\"><div class=\"wpb_wrapper\">\n\t<div class=\"wpb_text_column wpb_content_element\" >\n\t\t<div class=\"wpb_wrapper\">\n\t\t\t<h2>Acheter des pastilles 2C-C \u2013 30 mg<\/h2>\n<p>Vous recherchez un produit chimique de recherche de haute qualit\u00e9 pour vos \u00e9tudes en laboratoire\u00a0? Ne cherchez pas plus loin que les granul\u00e9s 2C-C \u2013 30 mg, maintenant disponibles sur <a href=\"https:\/\/rezeptfrei-apotheke.net\/fr\/\">Rchemshop<\/a>.<\/p>\n<p>Les pellets 2C-C \u2013 30 mg sont un produit chimique de recherche qui appartient \u00e0 la famille des psych\u00e9d\u00e9liques 2C. Ce compos\u00e9 est connu pour ses effets hallucinog\u00e8nes et est souvent utilis\u00e9 \u00e0 des fins de recherche.<\/p>\n<p>Nous nous engageons \u00e0 fournir \u00e0 nos clients des produits chimiques de recherche de la plus haute qualit\u00e9 disponible, et nos granul\u00e9s 2C-C \u2013 30 mg ne font pas exception. Notre produit est fabriqu\u00e9 dans une installation de pointe et minutieusement test\u00e9 pour sa puret\u00e9 et sa qualit\u00e9, garantissant que vous recevez uniquement le meilleur produit possible pour vos besoins de recherche.<\/p>\n<p>Lorsque vous travaillez avec des granul\u00e9s 2C-C \u2013 30 mg, il est essentiel de suivre les directives et proc\u00e9dures de s\u00e9curit\u00e9 recommand\u00e9es et de manipuler le compos\u00e9 avec soin. Ce produit chimique de recherche n&#039;est pas destin\u00e9 \u00e0 la consommation humaine et ne doit \u00eatre utilis\u00e9 que par des professionnels qualifi\u00e9s dans un laboratoire contr\u00f4l\u00e9.<\/p>\n<p>Si vous recherchez un produit chimique de recherche de haute qualit\u00e9 pour vos \u00e9tudes en laboratoire, ne cherchez pas plus loin que les granul\u00e9s 2C-C \u2013 30 mg de . Commandez maintenant et d\u00e9couvrez les produits chimiques de recherche de la plus haute qualit\u00e9 disponibles sur le march\u00e9 aujourd&#039;hui.<\/p>\n<p><em>Acheter 2C<\/em>&#8211;<em>Granul\u00e9s C<\/em>\u00a0\u2013 30 mg sont un produit chimique de recherche appartenant \u00e0 la famille des psych\u00e9d\u00e9liques 2C. Ce compos\u00e9 est connu pour ses effets hallucinog\u00e8nes<\/p>\n\n\t\t<\/div>\n\t<\/div>\n<\/div><\/div><\/div><\/div>\n<\/div>","protected":false},"excerpt":{"rendered":"<p><strong>Nom IUPAC\u00a0: <\/strong>2,5-Dim\u00e9thoxy-4-chloroph\u00e9n\u00e9thylamine<\/p>\n<p><strong>CAS# <\/strong>88441-15-0<\/p>\n<p><strong>Apparence : <\/strong>rouge<\/p>\n<p><strong>Formulaire: <\/strong>pastille<\/p>\n<p><strong>Analyse RMN\u00a0: <\/strong>n \/ A<\/p>","protected":false},"featured_media":8718,"comment_status":"open","ping_status":"closed","template":"","meta":[],"product_brand":[],"product_cat":[93],"product_tag":[],"class_list":{"0":"post-8679","1":"product","2":"type-product","3":"status-publish","4":"has-post-thumbnail","6":"product_cat-order-pills-online","8":"first","9":"instock","10":"shipping-taxable","11":"purchasable","12":"product-type-variable"},"jetpack_sharing_enabled":true,"_links":{"self":[{"href":"https:\/\/rezeptfrei-apotheke.net\/fr\/wp-json\/wp\/v2\/product\/8679","targetHints":{"allow":["GET"]}}],"collection":[{"href":"https:\/\/rezeptfrei-apotheke.net\/fr\/wp-json\/wp\/v2\/product"}],"about":[{"href":"https:\/\/rezeptfrei-apotheke.net\/fr\/wp-json\/wp\/v2\/types\/product"}],"replies":[{"embeddable":true,"href":"https:\/\/rezeptfrei-apotheke.net\/fr\/wp-json\/wp\/v2\/comments?post=8679"}],"wp:featuredmedia":[{"embeddable":true,"href":"https:\/\/rezeptfrei-apotheke.net\/fr\/wp-json\/wp\/v2\/media\/8718"}],"wp:attachment":[{"href":"https:\/\/rezeptfrei-apotheke.net\/fr\/wp-json\/wp\/v2\/media?parent=8679"}],"wp:term":[{"taxonomy":"product_brand","embeddable":true,"href":"https:\/\/rezeptfrei-apotheke.net\/fr\/wp-json\/wp\/v2\/product_brand?post=8679"},{"taxonomy":"product_cat","embeddable":true,"href":"https:\/\/rezeptfrei-apotheke.net\/fr\/wp-json\/wp\/v2\/product_cat?post=8679"},{"taxonomy":"product_tag","embeddable":true,"href":"https:\/\/rezeptfrei-apotheke.net\/fr\/wp-json\/wp\/v2\/product_tag?post=8679"}],"curies":[{"name":"wp","href":"https:\/\/api.w.org\/{rel}","templated":true}]}}