{"id":8682,"date":"2023-10-21T10:59:19","date_gmt":"2023-10-21T10:59:19","guid":{"rendered":"https:\/\/rezeptfrei-apotheke.net\/?post_type=product&#038;p=8682"},"modified":"2023-10-30T21:47:55","modified_gmt":"2023-10-30T21:47:55","slug":"5-meo-mipt-pellets-15mg","status":"publish","type":"product","link":"https:\/\/rezeptfrei-apotheke.net\/fr\/product\/5-meo-mipt-pellets-15mg\/","title":{"rendered":"Granul\u00e9s de 5-MeO-MiPT 15 mg"},"content":{"rendered":"<h2><span class=\"\">Moxy Commandez des granul\u00e9s de 5-MeO-MiPT 10 mg<\/span><\/h2>\n<p><strong>5-MeO-MiPT<\/strong>\u00a0est une substance vendue uniquement \u00e0 des fins de recherche et n&#039;est donc pas destin\u00e9e \u00e0 la consommation.<\/p>\n<p><strong>Obtenez 5 ampoules (50 pastilles), payez-en 4\u00a0!\u00a0<\/strong><em>(d\u00e9j\u00e0 inclus dans le prix gradu\u00e9.)<\/em><\/p>\n<p>Le 5-MeO-MiPT conserve sa stabilit\u00e9 jusqu&#039;\u00e0 2 ans lorsqu&#039;il est stock\u00e9 dans un environnement appropri\u00e9. 5-MeOMiPT est destin\u00e9 \u00e0 des fins de recherche et non \u00e0 la consommation. Il est donc important que le produit soit tenu hors de port\u00e9e des enfants et des animaux domestiques.<\/p>\n<p>Nous proposons des produits chimiques de recherche de bonne qualit\u00e9 \u00e0 un prix \u00e9quitable. Votre commande sera exp\u00e9di\u00e9e tous les jours sous 24 heures. Par cons\u00e9quent, commandez\u00a0<em>5MeOMiPT<\/em>\u00a0en toute s\u00e9curit\u00e9 et rapidement via professor.nl !<\/p>\n<h3>Propri\u00e9t\u00e9s du 5-MeO-MiPT<\/h3>\n<p><strong>Synonyme:<\/strong>\u00a0Chlorhydrate de 5-m\u00e9thoxy-N-isopropyl-N-m\u00e9thyltryptamine<br \/>\n<strong>Numero CAS:<\/strong>\u00a096096-55-8<br \/>\n<strong>Formule :<\/strong>\u00a0N-[2-(5-m\u00e9thoxy-1H-indol-3-yl)\u00e9thyl]-N-m\u00e9thylpropan-2-amine<br \/>\n<strong>Masse de la taupe\u00a0:<\/strong>\u00a0246 354 g mole<br \/>\n<strong>La puret\u00e9 :<\/strong>\u00a0&gt;97%<\/p>\n<h3>Qu\u2019est-ce que le 5-MeO-MiPT\u00a0?<\/h3>\n<p>Le 5-MeO-MiPT, \u00e9galement connu sous le nom de \u00ab Moxy \u00bb, est un produit chimique de recherche appartenant \u00e0 la famille des tryptamines. Il a \u00e9t\u00e9 synth\u00e9tis\u00e9 et \u00e9tudi\u00e9 pour la premi\u00e8re fois par des scientifiques \u00e0 la fin des ann\u00e9es 1980 dans le cadre de recherches en cours sur la structure et les effets des compos\u00e9s psychoactifs. Les premi\u00e8res recherches sur le 5-MeO-MiPT se sont concentr\u00e9es sur ses effets sur des mod\u00e8les animaux, dans le but de comprendre son profil pharmacologique et ses applications th\u00e9rapeutiques potentielles. En \u00e9tudiant ses interactions avec diff\u00e9rents syst\u00e8mes de neurotransmetteurs, les chercheurs ont cherch\u00e9 \u00e0 d\u00e9couvrir le m\u00e9canisme d&#039;action de ce compos\u00e9 et \u00e0 explorer ses effets potentiels sur le comportement, la perception et la cognition.<\/p>\n<p>Les chercheurs continuent d\u2019\u00e9tudier le 5-MeO-MiPT pour \u00e9largir notre compr\u00e9hension de ses effets sur le cerveau et le comportement. Ils explorent ses applications th\u00e9rapeutiques potentielles, telles que son utilisation dans la recherche en sant\u00e9 mentale et le traitement de divers troubles psychologiques. De plus, des \u00e9tudes sont en cours visant \u00e0 \u00e9lucider le r\u00f4le de cette substance dans les neurosciences, la recherche sur la conscience et l\u2019exploration des \u00e9tats modifi\u00e9s de conscience.<\/p>\n<h3>Comment est n\u00e9 le 5-MeO-MiPT ?<\/h3>\n<p>Le 5-MeO-MiPT est un RC qui entre dans la cat\u00e9gorie des tryptamines. Il a \u00e9t\u00e9 synth\u00e9tis\u00e9 et \u00e9tudi\u00e9 pour la premi\u00e8re fois par des scientifiques \u00e0 la fin des ann\u00e9es 1980 dans le cadre de leurs recherches en cours sur les compos\u00e9s psychoactifs et leurs effets sur le cerveau. L\u2019objectif principal de la recherche sur le 5-MeO-MiPT \u00e9tait de mieux comprendre sa structure chimique, ses propri\u00e9t\u00e9s et ses \u00e9ventuels effets psychoactifs. Les scientifiques \u00e9taient particuli\u00e8rement int\u00e9ress\u00e9s par l\u2019exploration de ses similitudes avec d\u2019autres tryptamines et de son potentiel en tant que compos\u00e9 psych\u00e9d\u00e9lique.<\/p>\n<p>La synth\u00e8se du 5-MeO-MiPT impliquait une s\u00e9rie de proc\u00e9dures de laboratoire soigneusement con\u00e7ues pour garantir la puret\u00e9 et la stabilit\u00e9. Les scientifiques ont men\u00e9 des analyses approfondies de sa structure mol\u00e9culaire et effectu\u00e9 divers tests pour \u00e9valuer sa puissance et ses interactions avec les r\u00e9cepteurs du cerveau. Initialement, la recherche sur le 5-MeO-MiPT s\u2019est concentr\u00e9e sur l\u2019\u00e9tude de ses effets sur des mod\u00e8les animaux. Cela a permis aux chercheurs d\u2019\u00e9tudier le profil pharmacologique et d\u2019explorer des applications th\u00e9rapeutiques potentielles. En \u00e9tudiant les interactions avec diff\u00e9rents syst\u00e8mes de neurotransmetteurs, les scientifiques ont cherch\u00e9 \u00e0 r\u00e9v\u00e9ler le m\u00e9canisme d\u2019action et \u00e0 mieux comprendre son influence sur le comportement, la perception et la cognition.<\/p>\n<p>Les recherches en cours sur le 5-MeO-MiPT visent \u00e0 \u00e9largir notre compr\u00e9hension de ses effets sur le cerveau et le comportement. Les scientifiques continuent d&#039;\u00e9tudier les applications th\u00e9rapeutiques potentielles, telles que l&#039;utilisation dans la recherche sur la sant\u00e9 mentale et le traitement de divers troubles psychologiques. De plus, des \u00e9tudes sont en cours pour explorer son r\u00f4le dans les neurosciences, la recherche sur la conscience et l\u2019exploration des \u00e9tats modifi\u00e9s de conscience.<\/p>\n<h3>Mention de danger<\/h3>\n<p>Le 5-MeO-MiPT peut provoquer une irritation respiratoire.<br \/>\nLe 5-MeO-MiPT peut provoquer une irritation des yeux.<br \/>\nLe rejet de produits chimiques de recherche dans l\u2019environnement est interdit.<\/p>","protected":false},"excerpt":{"rendered":"<p><strong>Nom IUPAC\u00a0:<\/strong><\/p>\n<p><strong>CAS# <\/strong>96096-55-8<\/p>\n<p><strong>Apparence : <\/strong>Vert<\/p>\n<p><strong>Formulaire: <\/strong>pellets<\/p>\n<p><strong>Analyse RMN\u00a0: <\/strong>C15H22N2O<\/p>","protected":false},"featured_media":8721,"comment_status":"open","ping_status":"closed","template":"","meta":[],"product_brand":[],"product_cat":[93],"product_tag":[],"class_list":{"0":"post-8682","1":"product","2":"type-product","3":"status-publish","4":"has-post-thumbnail","6":"product_cat-order-pills-online","8":"first","9":"instock","10":"shipping-taxable","11":"purchasable","12":"product-type-variable"},"jetpack_sharing_enabled":true,"_links":{"self":[{"href":"https:\/\/rezeptfrei-apotheke.net\/fr\/wp-json\/wp\/v2\/product\/8682","targetHints":{"allow":["GET"]}}],"collection":[{"href":"https:\/\/rezeptfrei-apotheke.net\/fr\/wp-json\/wp\/v2\/product"}],"about":[{"href":"https:\/\/rezeptfrei-apotheke.net\/fr\/wp-json\/wp\/v2\/types\/product"}],"replies":[{"embeddable":true,"href":"https:\/\/rezeptfrei-apotheke.net\/fr\/wp-json\/wp\/v2\/comments?post=8682"}],"wp:featuredmedia":[{"embeddable":true,"href":"https:\/\/rezeptfrei-apotheke.net\/fr\/wp-json\/wp\/v2\/media\/8721"}],"wp:attachment":[{"href":"https:\/\/rezeptfrei-apotheke.net\/fr\/wp-json\/wp\/v2\/media?parent=8682"}],"wp:term":[{"taxonomy":"product_brand","embeddable":true,"href":"https:\/\/rezeptfrei-apotheke.net\/fr\/wp-json\/wp\/v2\/product_brand?post=8682"},{"taxonomy":"product_cat","embeddable":true,"href":"https:\/\/rezeptfrei-apotheke.net\/fr\/wp-json\/wp\/v2\/product_cat?post=8682"},{"taxonomy":"product_tag","embeddable":true,"href":"https:\/\/rezeptfrei-apotheke.net\/fr\/wp-json\/wp\/v2\/product_tag?post=8682"}],"curies":[{"name":"wp","href":"https:\/\/api.w.org\/{rel}","templated":true}]}}