{"id":8684,"date":"2023-10-21T10:59:19","date_gmt":"2023-10-21T10:59:19","guid":{"rendered":"https:\/\/rezeptfrei-apotheke.net\/?post_type=product&#038;p=8684"},"modified":"2023-10-30T21:59:22","modified_gmt":"2023-10-30T21:59:22","slug":"2-3-fea-pellets-50mg-125mg","status":"publish","type":"product","link":"https:\/\/rezeptfrei-apotheke.net\/fr\/product\/2-3-fea-pellets-50mg-125mg\/","title":{"rendered":"Pastilles 2\/3-FEA 50 mg\/125 mg"},"content":{"rendered":"<p>Voulez-vous\u00a0<strong>acheter la poudre 3-FEA<\/strong>, 3-Fluoro\u00e9thamph\u00e9tamine ? Alors vous \u00eates au bon endroit ! Tous les produits chimiques de recherche pr\u00e9sents sur notre boutique en ligne sont test\u00e9s en laboratoire et de la plus pure qualit\u00e9. Les commandes sont emball\u00e9es discr\u00e8tement et exp\u00e9di\u00e9es sous 24 heures. De plus, vous pouvez payer en toute s\u00e9curit\u00e9 et rapidement via Bitcoin et crypto.<\/p>\n<h3>O\u00f9 puis-je acheter du 3-FEA\u00a0?<\/h3>\n<p>Sur notre boutique en ligne, vous trouverez tous vos\u00a0<strong>produits chimiques de recherche<\/strong>\u00a0et ici, vous pouvez \u00e9galement commander du 3-FEA de la meilleure qualit\u00e9.<\/p>\n<p>Cette substance est destin\u00e9e uniquement \u00e0 un usage en laboratoire.<\/p>\n<p>Assurez-vous toujours de prendre les pr\u00e9cautions de s\u00e9curit\u00e9 ad\u00e9quates. Par exemple, n&#039;oubliez pas de couvrir la peau expos\u00e9e et de porter des lunettes de s\u00e9curit\u00e9.<\/p>\n<p><em><strong>Veuillez noter:<\/strong>\u00a0Comme d\u2019autres produits chimiques de recherche, le 3-FEA est uniquement destin\u00e9 \u00e0 des fins de recherche et ne doit absolument pas \u00eatre consomm\u00e9 par les humains, les animaux ou d\u2019autres organismes vivants.<\/em><\/p>\n<p>Conserver dans un endroit sec et frais pour une dur\u00e9e de conservation maximale.<\/p>","protected":false},"excerpt":{"rendered":"<p><strong>Nom IUPAC\u00a0: <\/strong>nul<\/p>\n<p><strong>CAS# <\/strong>3871-89-4 \/ 54982-43-3<\/p>\n<p><strong>Autre nom: <\/strong>2-fluoro-\u00e9thylamph\u00e9tamine \/ 3-fluoro\u00e9thylamph\u00e9tamine<\/p>\n<p><strong>Apparence : <\/strong>Granul\u00e9s<\/p>\n<p><strong>Formulaire: <\/strong>pellets<\/p>\n<p><strong>Analyse RMN\u00a0: <\/strong>N \/ A<\/p>","protected":false},"featured_media":8737,"comment_status":"open","ping_status":"closed","template":"","meta":[],"product_brand":[],"product_cat":[93],"product_tag":[],"class_list":{"0":"post-8684","1":"product","2":"type-product","3":"status-publish","4":"has-post-thumbnail","6":"product_cat-order-pills-online","8":"first","9":"instock","10":"shipping-taxable","11":"purchasable","12":"product-type-variable"},"jetpack_sharing_enabled":true,"_links":{"self":[{"href":"https:\/\/rezeptfrei-apotheke.net\/fr\/wp-json\/wp\/v2\/product\/8684","targetHints":{"allow":["GET"]}}],"collection":[{"href":"https:\/\/rezeptfrei-apotheke.net\/fr\/wp-json\/wp\/v2\/product"}],"about":[{"href":"https:\/\/rezeptfrei-apotheke.net\/fr\/wp-json\/wp\/v2\/types\/product"}],"replies":[{"embeddable":true,"href":"https:\/\/rezeptfrei-apotheke.net\/fr\/wp-json\/wp\/v2\/comments?post=8684"}],"wp:featuredmedia":[{"embeddable":true,"href":"https:\/\/rezeptfrei-apotheke.net\/fr\/wp-json\/wp\/v2\/media\/8737"}],"wp:attachment":[{"href":"https:\/\/rezeptfrei-apotheke.net\/fr\/wp-json\/wp\/v2\/media?parent=8684"}],"wp:term":[{"taxonomy":"product_brand","embeddable":true,"href":"https:\/\/rezeptfrei-apotheke.net\/fr\/wp-json\/wp\/v2\/product_brand?post=8684"},{"taxonomy":"product_cat","embeddable":true,"href":"https:\/\/rezeptfrei-apotheke.net\/fr\/wp-json\/wp\/v2\/product_cat?post=8684"},{"taxonomy":"product_tag","embeddable":true,"href":"https:\/\/rezeptfrei-apotheke.net\/fr\/wp-json\/wp\/v2\/product_tag?post=8684"}],"curies":[{"name":"wp","href":"https:\/\/api.w.org\/{rel}","templated":true}]}}