{"id":8685,"date":"2023-10-21T10:59:19","date_gmt":"2023-10-21T10:59:19","guid":{"rendered":"https:\/\/rezeptfrei-apotheke.net\/?post_type=product&#038;p=8685"},"modified":"2023-10-30T21:51:48","modified_gmt":"2023-10-30T21:51:48","slug":"4-ho-mipt-pellets-20mg","status":"publish","type":"product","link":"https:\/\/rezeptfrei-apotheke.net\/fr\/product\/4-ho-mipt-pellets-20mg\/","title":{"rendered":"Granules de 4-HO-MIPT 20 mg"},"content":{"rendered":"<h2><strong>Qu\u2019est-ce que le 4-HO-MiPT\u00a0?<\/strong><\/h2>\n<p>4-HO-MiPT est l&#039;abr\u00e9viation de 4-Hydroxy-N-m\u00e9thyl-N-isopropyltryptamine. Cette substance appartient \u00e0 la classe des produits chimiques tryptamines. Il est tr\u00e8s similaire \u00e0 la psilocine, qui est l\u2019ingr\u00e9dient actif des champignons magiques. Comme la psilocine, le 4-HO-MiPT est connu pour produire des r\u00e9sultats psych\u00e9d\u00e9liques lors d\u2019exp\u00e9riences de recherche en laboratoire.<\/p>\n<p>La 4-HO-MiPT gagne en popularit\u00e9 et devient l\u2019une des tryptamines synth\u00e9tiques les plus couramment utilis\u00e9es par les chercheurs en chimie.<\/p>\n<p>&nbsp;<\/p>\n<h2><strong>O\u00f9 acheter du 4-HO-MiPT\u00a0?<\/strong><\/h2>\n<p>Nous vendons du 4-HO-MiPT de haute qualit\u00e9 ici chez Chemical Planet. Nous proposons ce produit chimique de recherche sous forme de poudre de hcl ou de fumarate, parfait pour les exp\u00e9riences en laboratoire. Cependant, si vous pr\u00e9f\u00e9rez le recevoir sous une forme diff\u00e9rente, vous pouvez nous contacter pour voir quand nous pourrions avoir un autre formulaire disponible.<\/p>\n<p>Vous devez avoir au moins 18 ans pour acheter notre 4-HO-MiPT. De plus, vous devez respecter pleinement les lois de votre pays. Notre 4-HO-MiPT n&#039;est pas destin\u00e9 \u00e0 un usage humain ou animal. C&#039;est uniquement \u00e0 des fins de recherche.<\/p>\n<p>&nbsp;<\/p>\n<h2><strong>L\u00e9galit\u00e9 du 4-HO-MiPT<\/strong><\/h2>\n<p>Le 4-HO-MiPT est ill\u00e9gal au Br\u00e9sil et en Su\u00e8de. Au Royaume-Uni, il est class\u00e9 parmi les m\u00e9dicaments de classe A. Aux \u00c9tats-Unis, ce n\u2019est pas programm\u00e9. Cependant, elle est souvent consid\u00e9r\u00e9e comme un analogue de la psilocine. Ainsi, les personnes qui poss\u00e8dent ou vendent du 4-HO-MiPT pourraient \u00eatre poursuivies en vertu de la loi f\u00e9d\u00e9rale sur les analogues.<\/p>\n<p><strong>Mesures exp\u00e9rimentales<\/strong>: Comme pour la plupart des 4-hydroxy, vous devez vous assurer que votre laboratoire dispose d&#039;\u00e9chelles fonctionnelles en milligrammes ou de la capacit\u00e9 de quantification volum\u00e9trique. C&#039;est particuli\u00e8rement crucial avec le 4-AcO-MiPT puisque les niveaux de r\u00e9activit\u00e9 commencent aussi bas que 5 mg.<\/p>","protected":false},"excerpt":{"rendered":"<p><strong>Nom IUPAC\u00a0: <\/strong>3-(2-[Isopropyl (m\u00e9thyl) amino]\u00e9thyl)-1H-indol-4-ol<\/p>\n<p><strong>Autre nom: <\/strong>4-hydroxy-N-m\u00e9thyl-N-isopropyltryptamine<\/p>\n<p><strong>Formulaire: <\/strong>pellets<\/p>\n<p><strong>Analyse RMN\u00a0: <\/strong>N \/ A<\/p>","protected":false},"featured_media":8738,"comment_status":"open","ping_status":"closed","template":"","meta":[],"product_brand":[],"product_cat":[93],"product_tag":[],"class_list":{"0":"post-8685","1":"product","2":"type-product","3":"status-publish","4":"has-post-thumbnail","6":"product_cat-order-pills-online","8":"first","9":"instock","10":"shipping-taxable","11":"purchasable","12":"product-type-variable"},"jetpack_sharing_enabled":true,"_links":{"self":[{"href":"https:\/\/rezeptfrei-apotheke.net\/fr\/wp-json\/wp\/v2\/product\/8685","targetHints":{"allow":["GET"]}}],"collection":[{"href":"https:\/\/rezeptfrei-apotheke.net\/fr\/wp-json\/wp\/v2\/product"}],"about":[{"href":"https:\/\/rezeptfrei-apotheke.net\/fr\/wp-json\/wp\/v2\/types\/product"}],"replies":[{"embeddable":true,"href":"https:\/\/rezeptfrei-apotheke.net\/fr\/wp-json\/wp\/v2\/comments?post=8685"}],"wp:featuredmedia":[{"embeddable":true,"href":"https:\/\/rezeptfrei-apotheke.net\/fr\/wp-json\/wp\/v2\/media\/8738"}],"wp:attachment":[{"href":"https:\/\/rezeptfrei-apotheke.net\/fr\/wp-json\/wp\/v2\/media?parent=8685"}],"wp:term":[{"taxonomy":"product_brand","embeddable":true,"href":"https:\/\/rezeptfrei-apotheke.net\/fr\/wp-json\/wp\/v2\/product_brand?post=8685"},{"taxonomy":"product_cat","embeddable":true,"href":"https:\/\/rezeptfrei-apotheke.net\/fr\/wp-json\/wp\/v2\/product_cat?post=8685"},{"taxonomy":"product_tag","embeddable":true,"href":"https:\/\/rezeptfrei-apotheke.net\/fr\/wp-json\/wp\/v2\/product_tag?post=8685"}],"curies":[{"name":"wp","href":"https:\/\/api.w.org\/{rel}","templated":true}]}}