{"id":8686,"date":"2023-10-21T10:59:19","date_gmt":"2023-10-21T10:59:19","guid":{"rendered":"https:\/\/rezeptfrei-apotheke.net\/?post_type=product&#038;p=8686"},"modified":"2023-10-31T07:31:48","modified_gmt":"2023-10-31T07:31:48","slug":"4-ho-met-pellets-20mg","status":"publish","type":"product","link":"https:\/\/rezeptfrei-apotheke.net\/fr\/product\/4-ho-met-pellets-20mg\/","title":{"rendered":"Granules de 4-HO-MET 20 mg"},"content":{"rendered":"<p>Commandez des pastilles de 4-AcO-MET 20 mg, 4-HO-MET (M\u00e9tocine, M\u00e9thylcybine ou 4-hydroxy-<i>N<\/i>-m\u00e9thyle-<i>N<\/i>-\u00e9thyltryptamine) est un produit chimique de recherche de la classe des tryptamines ayant des effets psych\u00e9d\u00e9liques. Ce produit chimique de recherche agit en agissant sur les r\u00e9cepteurs de s\u00e9rotonine pr\u00e9sents dans le syst\u00e8me nerveux central. Des rapports anecdotiques sugg\u00e8rent que les r\u00e9sultats de ce produit sont presque identiques \u00e0 ceux de la psilocine (le principal ingr\u00e9dient actif des champignons magiques). Ce produit chimique de recherche a \u00e9t\u00e9 synth\u00e9tis\u00e9 pour la premi\u00e8re fois par Alexander Shulgin et a \u00e9t\u00e9 document\u00e9 dans son livre TiHKAL (Tryptamines que j&#039;ai connues et aim\u00e9es).<\/p>","protected":false},"excerpt":{"rendered":"<p><strong>Nom IUPAC\u00a0: <\/strong>3-(2-[Isopropyl (m\u00e9thyl) amino]\u00e9thyl)-1H-indol-4-ol<\/p>\n<p><strong>Autre nom: <\/strong>4-hydroxy-N-m\u00e9thyl-N-isopropyltryptamine<\/p>\n<p><strong>Formulaire: <\/strong>pellets<\/p>\n<p><strong>Analyse RMN\u00a0: <\/strong>N \/ A<\/p>","protected":false},"featured_media":8739,"comment_status":"open","ping_status":"closed","template":"","meta":[],"product_brand":[],"product_cat":[93],"product_tag":[98,99,100,101,102,103],"class_list":{"0":"post-8686","1":"product","2":"type-product","3":"status-publish","4":"has-post-thumbnail","6":"product_cat-order-pills-online","7":"product_tag-4-aco-met-pellets-20mg","8":"product_tag-4-aco-with","9":"product_tag-4acomet","10":"product_tag-buy-tryptamines","11":"product_tag-pellets","12":"product_tag-tryptamine","14":"first","15":"instock","16":"shipping-taxable","17":"purchasable","18":"product-type-variable"},"jetpack_sharing_enabled":true,"_links":{"self":[{"href":"https:\/\/rezeptfrei-apotheke.net\/fr\/wp-json\/wp\/v2\/product\/8686","targetHints":{"allow":["GET"]}}],"collection":[{"href":"https:\/\/rezeptfrei-apotheke.net\/fr\/wp-json\/wp\/v2\/product"}],"about":[{"href":"https:\/\/rezeptfrei-apotheke.net\/fr\/wp-json\/wp\/v2\/types\/product"}],"replies":[{"embeddable":true,"href":"https:\/\/rezeptfrei-apotheke.net\/fr\/wp-json\/wp\/v2\/comments?post=8686"}],"wp:featuredmedia":[{"embeddable":true,"href":"https:\/\/rezeptfrei-apotheke.net\/fr\/wp-json\/wp\/v2\/media\/8739"}],"wp:attachment":[{"href":"https:\/\/rezeptfrei-apotheke.net\/fr\/wp-json\/wp\/v2\/media?parent=8686"}],"wp:term":[{"taxonomy":"product_brand","embeddable":true,"href":"https:\/\/rezeptfrei-apotheke.net\/fr\/wp-json\/wp\/v2\/product_brand?post=8686"},{"taxonomy":"product_cat","embeddable":true,"href":"https:\/\/rezeptfrei-apotheke.net\/fr\/wp-json\/wp\/v2\/product_cat?post=8686"},{"taxonomy":"product_tag","embeddable":true,"href":"https:\/\/rezeptfrei-apotheke.net\/fr\/wp-json\/wp\/v2\/product_tag?post=8686"}],"curies":[{"name":"wp","href":"https:\/\/api.w.org\/{rel}","templated":true}]}}