{"id":8687,"date":"2023-10-21T10:59:19","date_gmt":"2023-10-21T10:59:19","guid":{"rendered":"https:\/\/rezeptfrei-apotheke.net\/?post_type=product&#038;p=8687"},"modified":"2026-02-16T10:24:49","modified_gmt":"2026-02-16T10:24:49","slug":"2c-b-fly-pellets-10mg","status":"publish","type":"product","link":"https:\/\/rezeptfrei-apotheke.net\/fr\/product\/2c-b-fly-pellets-10mg\/","title":{"rendered":"Granul\u00e9s 2C-B-FLY 10 mg"},"content":{"rendered":"<div class=\"wpb-content-wrapper\"><div class=\"vc_row wpb_row vc_row-fluid\"><div class=\"wpb_column vc_column_container vc_col-sm-12\"><div class=\"vc_column-inner\"><div class=\"wpb_wrapper\">\n\t<div class=\"wpb_text_column wpb_content_element\" >\n\t\t<div class=\"wpb_wrapper\">\n\t\t\t<h2>Acheter 2C-B-FLY<\/h2>\n<p>Le 2C-B-FLY est un produit chimique de recherche et ne doit \u00eatre utilis\u00e9 qu&#039;\u00e0 cette fin. Cependant, le 2C-B-FLY peut \u00e9galement avoir des effets sur l\u2019organisme lorsqu\u2019il est consomm\u00e9. Veuillez noter que ces effets ne sont pas seulement positifs et qu&#039;il y a une raison pour laquelle 2C-B-FLY ne doit \u00eatre utilis\u00e9 qu&#039;\u00e0 des fins scientifiques. Ici, nous discuterons des effets pour nous assurer que vous l\u2019utilisez uniquement aux bonnes fins.<br \/>\nFuncaps ne vend que du 2C-B-FLY. Vous pouvez acheter 2C-B-FLY chez Rchemshop. Nous garantissons une haute qualit\u00e9, afin que vous puissiez l&#039;utiliser \u00e0 des fins de recherche et non \u00e0 des fins de consommation.<\/p>\n\n\t\t<\/div>\n\t<\/div>\n<\/div><\/div><\/div><\/div>\n<\/div>","protected":false},"excerpt":{"rendered":"<p><strong>Nom IUPAC\u00a0: <\/strong>2-(4-bromo-2,3,6,7-t\u00e9trahydrofuro[2,3-f][1]benzofuran-8-yl)\u00e9thanamine<\/p>\n<p><strong>CAS# <\/strong>733720-95-1<\/p>\n<p><strong>Autre nom: <\/strong>2-(4-bromo-2,3,6,7-t\u00e9trahydrofuro[2,3-f][1]benzofuran-8-yl)\u00e9thanamine<\/p>\n<p><strong>Apparence : <\/strong>10 mg de granul\u00e9s<\/p>\n<p><strong>Formulaire: <\/strong>pastille<\/p>\n<p><strong>Analyse RMN\u00a0: <\/strong>C12H14BrNO2<\/p>","protected":false},"featured_media":8740,"comment_status":"open","ping_status":"closed","template":"","meta":[],"product_brand":[],"product_cat":[93],"product_tag":[],"class_list":{"0":"post-8687","1":"product","2":"type-product","3":"status-publish","4":"has-post-thumbnail","6":"product_cat-order-pills-online","8":"first","9":"instock","10":"shipping-taxable","11":"purchasable","12":"product-type-variable"},"jetpack_sharing_enabled":true,"_links":{"self":[{"href":"https:\/\/rezeptfrei-apotheke.net\/fr\/wp-json\/wp\/v2\/product\/8687","targetHints":{"allow":["GET"]}}],"collection":[{"href":"https:\/\/rezeptfrei-apotheke.net\/fr\/wp-json\/wp\/v2\/product"}],"about":[{"href":"https:\/\/rezeptfrei-apotheke.net\/fr\/wp-json\/wp\/v2\/types\/product"}],"replies":[{"embeddable":true,"href":"https:\/\/rezeptfrei-apotheke.net\/fr\/wp-json\/wp\/v2\/comments?post=8687"}],"wp:featuredmedia":[{"embeddable":true,"href":"https:\/\/rezeptfrei-apotheke.net\/fr\/wp-json\/wp\/v2\/media\/8740"}],"wp:attachment":[{"href":"https:\/\/rezeptfrei-apotheke.net\/fr\/wp-json\/wp\/v2\/media?parent=8687"}],"wp:term":[{"taxonomy":"product_brand","embeddable":true,"href":"https:\/\/rezeptfrei-apotheke.net\/fr\/wp-json\/wp\/v2\/product_brand?post=8687"},{"taxonomy":"product_cat","embeddable":true,"href":"https:\/\/rezeptfrei-apotheke.net\/fr\/wp-json\/wp\/v2\/product_cat?post=8687"},{"taxonomy":"product_tag","embeddable":true,"href":"https:\/\/rezeptfrei-apotheke.net\/fr\/wp-json\/wp\/v2\/product_tag?post=8687"}],"curies":[{"name":"wp","href":"https:\/\/api.w.org\/{rel}","templated":true}]}}