{"id":8688,"date":"2023-10-21T10:59:19","date_gmt":"2023-10-21T10:59:19","guid":{"rendered":"https:\/\/rezeptfrei-apotheke.net\/?post_type=product&#038;p=8688"},"modified":"2023-10-31T07:35:07","modified_gmt":"2023-10-31T07:35:07","slug":"bk-2c-b-hcl","status":"publish","type":"product","link":"https:\/\/rezeptfrei-apotheke.net\/fr\/product\/bk-2c-b-hcl\/","title":{"rendered":"bk-2C-BHCL"},"content":{"rendered":"<h2><strong>Informations g\u00e9n\u00e9rales sur bk-2C-B HCL<\/strong><\/h2>\n<p><strong>bk-2C-BHCL<\/strong>\u00a0est un produit chimique de recherche planifi\u00e9, d&#039;autant plus explicitement une cathinone simple de la substance contr\u00f4l\u00e9e 2C-B (2,5-dim\u00e9thoxy-4-bromoph\u00e9n\u00e9thylamine), qu&#039;Alexander Shulgin a incorpor\u00e9 pour la premi\u00e8re fois. On ne sait pas qui a synth\u00e9tis\u00e9 le bk-2C-B pour la premi\u00e8re fois, mais il \u00e9tait auparavant disponible mi-2013 comme produit chimique d&#039;exploration sportive.<\/p>\n<p>Au fil des ann\u00e9es, quelques articles r\u00e9v\u00e9lant des caract\u00e9risations analytiques de la substance sont parus. Il est propos\u00e9 sur des sites Web et est appel\u00e9 un examen synth\u00e9tique hallucinog\u00e8ne.<\/p>\n<p>Depuis le 12 octobre 2016, le bk-2C-B est devenu la substance contr\u00f4l\u00e9e au Canada (calendrier III). C\u2019est \u00e9galement ill\u00e9gal en Allemagne, en Suisse et dans le Royaume unifi\u00e9.<\/p>\n<h3><strong>Composition chimique du bk-2C-B HCL<\/strong><\/h3>\n<p>Son nom conventionnel est 2-amino-1-(4-Bromo-2, 5-dim\u00e9thoxy ph\u00e9nyl)-\u00e9thanone, monochlorhydrate, et son \u00e9quation subatomique est C10H12BrNO3 \u2022 HCl.<\/p>\n<p>Bk-2C-B est une ph\u00e9n\u00e9thylamine substitu\u00e9e. Il met en \u00e9vidence les substituants m\u00e9thoxy en R2 et R5 et le brome en R4. Un groupe c\u00e9tone est disponible en position b\u00eata (\u03b2) \u00e0 partir du groupe d&#039;amines utiles associ\u00e9 au carbone alpha (\u03b1), ce qui conduit \u00e0 son nom indiquant qu&#039;il s&#039;agit d&#039;un simple primaire de 2C-B. En raison de la concentration utile de la c\u00e9tone, elle est souvent appel\u00e9e cathinone substitu\u00e9e.<\/p>\n<h3><strong>Pharmacologie bk-2C-B HCL<\/strong><\/h3>\n<p>Bk-2C-B agit probablement comme un agoniste interm\u00e9diaire du 5-HT2A. On pense que les effets psych\u00e9d\u00e9liques proviennent de sa viabilit\u00e9 au niveau des r\u00e9cepteurs 5-HT2A. Cependant, le r\u00f4le de ces connexions et la mani\u00e8re dont elles provoquent l\u2019exp\u00e9rience psych\u00e9d\u00e9lique restent insaisissables.<\/p>\n<p>Bk-2C-B, ou b\u00eata-c\u00e9to 2C-B, est une ph\u00e9n\u00e9thylamine sous-jacente mettant en \u00e9vidence un cycle ph\u00e9nyle li\u00e9 \u00e0 un groupe amino (NH2) via une cha\u00eene \u00e9thyle. Bk-2C-B contient la conception du 2C-B subbed avec un groupe c\u00e9tonique au niveau du carbone b\u00eata de la construction (R1). De plus, bk-2C-B comprend des rassemblements m\u00e9thoxy utilitaires CH3O connect\u00e9s aux carbones R2 et R5 et une mol\u00e9cule de brome jointe au carbone R4 du cycle ph\u00e9nyle.<\/p>\n<p>Bk-2C-B a sa place dans le groupe 2C des ph\u00e9n\u00e9thylamines qui contiennent des groupes m\u00e9thoxy sur les positions 2 \u00e0 5 du cycle benz\u00e9nique.<\/p>\n<h3><strong>bk-2C-B HCL de haute qualit\u00e9<\/strong><\/h3>\n<p><strong>Produits chimiques panac\u00e9e<\/strong>\u00a0poss\u00e8de de nombreuses ann\u00e9es d&#039;exp\u00e9rience dans l&#039;industrie de la conception de produits chimiques de recherche, ce qui nous permet de garantir la plus haute qualit\u00e9 de ces produits chimiques de recherche. L\u2019\u00e9quipe de recherche chimique vend du bk-2C-B HCL.\u00a0<strong>Produits chimiques de recherche<\/strong>, y compris les HCL bk-2C-B, r\u00e9pondent \u00e0 toutes les exigences de s\u00e9curit\u00e9. Les produits chimiques de recherche sont soigneusement distribu\u00e9s et stock\u00e9s dans un endroit frais et sec.<\/p>\n<p>Tous les produits sont r\u00e9guli\u00e8rement inspect\u00e9s pour v\u00e9rifier leur qualit\u00e9, leur puret\u00e9 et leur s\u00e9curit\u00e9. Conservez toujours bk-2C-B HCL \u00e0 temp\u00e9rature ambiante et hors de port\u00e9e des enfants et des animaux domestiques. Notre bk-2C-B HCL n&#039;est pas destin\u00e9 \u00e0 un usage personnel. C&#039;est uniquement \u00e0 des fins de recherche.<\/p>\n<p>Il ne doit pas \u00eatre m\u00e9lang\u00e9 avec de l&#039;alcool ou des produits chimiques de recherche lors de la recherche sur ce produit chimique de recherche\u00a0!<\/p>\n<p>Tous nos produits ont un prix juste !<\/p>\n<h3><strong>Test\u00e9 en laboratoire bk-2C-B HCL avec r\u00e9sultats.<\/strong><\/h3>\n<p>Refait des progr\u00e8s vers l\u2019\u00e9panouissement g\u00e9n\u00e9ral de ses clients. Diff\u00e9rents examens ont montr\u00e9 que les clients demandent autant de donn\u00e9es que pr\u00e9vu avant d&#039;acheter des produits chimiques de recherche synth\u00e9tiques. De plus, nous publions toutes les cons\u00e9quences de laboratoire de chaque compos\u00e9 d&#039;examen sur un enregistrement PDF.<\/p>\n<p>Notre\u00a0<strong>Poudre de bk-2C-B HCL<\/strong>\u00a0r\u00e9pond toujours aux ingr\u00e9dients actifs et peut \u00eatre facilement vu par tout le monde.<\/p>\n<p>Nous distribuons toutes les cons\u00e9quences de laboratoire de chaque produit chimique de recherche sur un document PDF.<\/p>\n<h3><strong>Commandez en toute s\u00e9curit\u00e9 aupr\u00e8s de bk-2C-B HCL.<\/strong><\/h3>\n<p>Les produits chimiques de recherche Panacea Chems sont d\u2019excellente qualit\u00e9 et ont un co\u00fbt raisonnable. Par cons\u00e9quent, lorsque vous demandez vos produits chimiques de recherche chez Panacea Chems, nous garantissons que nous transmettrons votre demande \u00e0 votre domicile rapidement et en toute s\u00e9curit\u00e9, car la vente de produits chimiques de recherche est toujours disponible sur Panacea Chems.<\/p>\n<p>Demander des compos\u00e9s de recherche synth\u00e9tiques avec Bitcoin ou par virement bancaire est simple chez Panacea Chems.<\/p>\n<p>Nous exp\u00e9dions la poudre de produits chimiques de recherche le m\u00eame jour ouvrable si le paiement est re\u00e7u avant 15h00 CEST.<\/p>\n<p>Nous ne fournissons pas d&#039;articles aux personnes de moins de 18\u00a0ans\u00a0!<\/p>\n<p>La vente de produits chimiques de recherche est r\u00e9serv\u00e9e \u00e0 des fins de recherche uniquement.<\/p>\n<p>&nbsp;<\/p>\n<h3><strong>Exp\u00e9dition discr\u00e8te de produits chimiques de recherche.<\/strong><\/h3>\n<p>Panacea Chems emballera votre commande en toute s\u00e9curit\u00e9 pour assurer un transport appropri\u00e9. De plus, nous emballons avec une discr\u00e9tion parfaite et aucun signe de ce qui pourrait se trouver \u00e0 l\u2019int\u00e9rieur ne sera visible \u00e0 l\u2019ext\u00e9rieur.<\/p>\n<h3><strong>Pr\u00e9cautions<\/strong><\/h3>\n<ul>\n<li>Achetez bk-2C-B HCL l&#039;\u00e9quipement de protection individuelle appropri\u00e9 comme des lunettes et des gants. Nettoyez-les et entretenez-les de mani\u00e8re appropri\u00e9e. Suivez des syst\u00e8mes s\u00fbrs lorsque vous manipulez des produits chimiques de recherche et ne prenez pas de raccourcis.<\/li>\n<li>Si le produit chimique de recherche entre en contact avec les yeux, rincez bien et \u00e9liminez les lentilles de contact si cela est fondamental.<\/li>\n<li>Essayez d&#039;utiliser un masque lorsque vous utilisez ces produits chimiques afin qu&#039;ils ne p\u00e9n\u00e8trent pas en vous lorsque vous respirez.<\/li>\n<li>Comme l\u2019indiquent les m\u00e9thodes prises en charge, manipulez, stockez et \u00e9liminez en toute s\u00e9curit\u00e9 les mati\u00e8res dangereuses. Ne les d\u00e9versez jamais dans les \u00e9gouts ou les canaux.<\/li>\n<li>Conservez les produits chimiques de recherche de mani\u00e8re appropri\u00e9e, comme indiqu\u00e9 sur leur nom. Les produits chimiques inflammables doivent \u00eatre rang\u00e9s dans du cannabis sec et de qualit\u00e9, \u00e0 l\u2019abri de l\u2019intensit\u00e9 et de la lumi\u00e8re du jour. Certains produits synth\u00e9tiques, comme les acides, doivent \u00eatre rang\u00e9s ind\u00e9pendamment les uns des autres.<\/li>\n<li>Panacea Chems propos\u00e9 \u00e0 des fins de recherche\u00a0; la consommation humaine est fortement interdite.<\/li>\n<\/ul>","protected":false},"excerpt":{"rendered":"<p><strong>Nom IUPAC\u00a0:<\/strong><\/p>\n<p>2-amino-1-(4-bromo-2,5-dim\u00e9thoxyph\u00e9nyl)-\u00e9thanone, monochlorhydrate<\/p>\n<p><strong>CAS#<\/strong><\/p>\n<p>807631-09-0<\/p>\n<p><strong>Autre nom:<\/strong><\/p>\n<p>bk-4-Bromo-2,5-dim\u00e9thoxyph\u00e9n\u00e9thylamine<\/p>\n<p><strong>Apparence :<\/strong><\/p>\n<p>poudre<\/p>\n<p><strong>Formulaire:<\/strong><\/p>\n<p>HCL<\/p>\n<p><strong>Analyse RMN\u00a0:<\/strong><\/p>\n<p>C10H12BrNO3<\/p>","protected":false},"featured_media":8741,"comment_status":"open","ping_status":"closed","template":"","meta":[],"product_brand":[],"product_cat":[94],"product_tag":[],"class_list":{"0":"post-8688","1":"product","2":"type-product","3":"status-publish","4":"has-post-thumbnail","6":"product_cat-phenethylamine-derivatives","8":"first","9":"instock","10":"shipping-taxable","11":"purchasable","12":"product-type-variable"},"jetpack_sharing_enabled":true,"_links":{"self":[{"href":"https:\/\/rezeptfrei-apotheke.net\/fr\/wp-json\/wp\/v2\/product\/8688","targetHints":{"allow":["GET"]}}],"collection":[{"href":"https:\/\/rezeptfrei-apotheke.net\/fr\/wp-json\/wp\/v2\/product"}],"about":[{"href":"https:\/\/rezeptfrei-apotheke.net\/fr\/wp-json\/wp\/v2\/types\/product"}],"replies":[{"embeddable":true,"href":"https:\/\/rezeptfrei-apotheke.net\/fr\/wp-json\/wp\/v2\/comments?post=8688"}],"wp:featuredmedia":[{"embeddable":true,"href":"https:\/\/rezeptfrei-apotheke.net\/fr\/wp-json\/wp\/v2\/media\/8741"}],"wp:attachment":[{"href":"https:\/\/rezeptfrei-apotheke.net\/fr\/wp-json\/wp\/v2\/media?parent=8688"}],"wp:term":[{"taxonomy":"product_brand","embeddable":true,"href":"https:\/\/rezeptfrei-apotheke.net\/fr\/wp-json\/wp\/v2\/product_brand?post=8688"},{"taxonomy":"product_cat","embeddable":true,"href":"https:\/\/rezeptfrei-apotheke.net\/fr\/wp-json\/wp\/v2\/product_cat?post=8688"},{"taxonomy":"product_tag","embeddable":true,"href":"https:\/\/rezeptfrei-apotheke.net\/fr\/wp-json\/wp\/v2\/product_tag?post=8688"}],"curies":[{"name":"wp","href":"https:\/\/api.w.org\/{rel}","templated":true}]}}