{"id":8689,"date":"2023-10-21T10:59:19","date_gmt":"2023-10-21T10:59:19","guid":{"rendered":"https:\/\/rezeptfrei-apotheke.net\/?post_type=product&#038;p=8689"},"modified":"2023-10-31T07:25:48","modified_gmt":"2023-10-31T07:25:48","slug":"%ce%b2h-2c-b-bohb","status":"publish","type":"product","link":"https:\/\/rezeptfrei-apotheke.net\/fr\/product\/%ce%b2h-2c-b-bohb\/","title":{"rendered":"\u03b2H-2C-B (BOHB)"},"content":{"rendered":"<h2><strong>Qu\u2019est-ce que le BK-2C-B HCL\u00a0?\u00a0<\/strong><\/h2>\n<p>\u03b2k-2C-B est un substitut de la ph\u00e9n\u00e9thylamine. En R2 et R5, il a des substituants m\u00e9thoxy et R4 a du brome. Le groupe amine fonctionnel attach\u00e9 au carbone alpha (\u03b1) poss\u00e8de un groupe c\u00e9tone en position b\u00eata (\u03b2), donnant naissance \u00e0 son nom et sugg\u00e9rant qu&#039;il s&#039;agit d&#039;un \u00e9quivalent structurel de 2C-B. On l\u2019appelle fr\u00e9quemment cathinone substitu\u00e9e en raison du groupe fonctionnel c\u00e9tone.<\/p>\n<p>Plusieurs 2,5-dim\u00e9thoxyph\u00e9n\u00e9thylamine ont la position quatre d&#039;un cycle aromatique remplac\u00e9e. Plus pr\u00e9cis\u00e9ment, il s\u2019agit d\u2019un analogue de cathinone du produit chimique 2C-B (2,5-dim\u00e9thoxy-4-bromoph\u00e9n\u00e9thylamine), cr\u00e9\u00e9 pour la premi\u00e8re fois par Alexander Shulgin.<\/p>\n<p>La r\u00e9action de Grignard avec le bromure de m\u00e9thylmagn\u00e9sium, l&#039;oxydation, la bromation, la r\u00e9action avec l&#039;hexam\u00e9thyl\u00e8net\u00e9tramine et l&#039;hydrolyse acide constituent la voie de synth\u00e8se. Une attaque nucl\u00e9ophile primaire sur le carbone c\u00e9tonique de la mol\u00e9cule de d\u00e9part aboutit \u00e0 un alcool secondaire comme m\u00e9canisme de cette voie de synth\u00e8se.<\/p>\n<h2><strong>Clause de non-responsabilit\u00e9<\/strong><\/h2>\n<p>Ce produit ne doit en aucun cas \u00eatre administr\u00e9 \u00e0 des personnes ou \u00e0 des animaux. Il est vendu uniquement pour \u00eatre utilis\u00e9 dans le cadre de recherches en laboratoire. Nous vous sugg\u00e9rons de traiter le mat\u00e9riel avec soin. Si quelque chose de grave arrive, nous ne serons pas responsables du contr\u00f4le des dommages.<\/p>\n<h2><strong>Le BK-2C-B HCL est-il l\u00e9gal\u00a0?<\/strong><\/h2>\n<p>Avant d&#039;acheter le BK-2C-B HCL, nous vous invitons \u00e0 consulter les autorit\u00e9s comp\u00e9tentes de votre r\u00e9gion de r\u00e9sidence ou de destination d&#039;exp\u00e9dition.<\/p>\n<p>En appliquant des r\u00e9glementations strictes dans la vente de ce produit, nous veillons \u00e0 ce que nos clients prennent les mesures de protection n\u00e9cessaires pour rester du bon c\u00f4t\u00e9 de la loi. En tant que client, vous devez conna\u00eetre les lois en vigueur dans votre r\u00e9gion, car les r\u00e9glementations \u00e9voluent continuellement. Tout probl\u00e8me juridique pouvant r\u00e9sulter de l\u2019achat du BK-2C-B HCL dans votre pays ne rel\u00e8ve pas de notre responsabilit\u00e9.<\/p>\n<h2><strong>O\u00f9 acheter le BK-2C-B HCL\u00a0?<\/strong><\/h2>\n<p>Chemical Planet est l&#039;un des principaux d\u00e9taillants et distributeurs de BK-2C-B HCL et d&#039;autres produits chimiques. Nous prenons notre dignit\u00e9 uniquement en vendant des produits chimiques de haute qualit\u00e9, y compris les plus rares. BK-2C-B HCL est disponible en poudre et est vendu uniquement pour une utilisation en recherche en laboratoire. Seules les personnes \u00e2g\u00e9es d&#039;au moins 18 ans sont autoris\u00e9es \u00e0 acheter cette substance chez nous.<\/p>","protected":false},"excerpt":{"rendered":"<p><strong>Nom IUPAC\u00a0: <\/strong>Chlorhydrate de 2,5-dim\u00e9thoxy-b\u00eata-hydroxy-4-bromoph\u00e9n\u00e9thylamine<\/p>\n<p><strong>Formulaire: <\/strong>poudre<\/p>","protected":false},"featured_media":8742,"comment_status":"open","ping_status":"closed","template":"","meta":[],"product_brand":[],"product_cat":[94],"product_tag":[],"class_list":{"0":"post-8689","1":"product","2":"type-product","3":"status-publish","4":"has-post-thumbnail","6":"product_cat-phenethylamine-derivatives","8":"first","9":"instock","10":"shipping-taxable","11":"purchasable","12":"product-type-variable"},"jetpack_sharing_enabled":true,"_links":{"self":[{"href":"https:\/\/rezeptfrei-apotheke.net\/fr\/wp-json\/wp\/v2\/product\/8689","targetHints":{"allow":["GET"]}}],"collection":[{"href":"https:\/\/rezeptfrei-apotheke.net\/fr\/wp-json\/wp\/v2\/product"}],"about":[{"href":"https:\/\/rezeptfrei-apotheke.net\/fr\/wp-json\/wp\/v2\/types\/product"}],"replies":[{"embeddable":true,"href":"https:\/\/rezeptfrei-apotheke.net\/fr\/wp-json\/wp\/v2\/comments?post=8689"}],"wp:featuredmedia":[{"embeddable":true,"href":"https:\/\/rezeptfrei-apotheke.net\/fr\/wp-json\/wp\/v2\/media\/8742"}],"wp:attachment":[{"href":"https:\/\/rezeptfrei-apotheke.net\/fr\/wp-json\/wp\/v2\/media?parent=8689"}],"wp:term":[{"taxonomy":"product_brand","embeddable":true,"href":"https:\/\/rezeptfrei-apotheke.net\/fr\/wp-json\/wp\/v2\/product_brand?post=8689"},{"taxonomy":"product_cat","embeddable":true,"href":"https:\/\/rezeptfrei-apotheke.net\/fr\/wp-json\/wp\/v2\/product_cat?post=8689"},{"taxonomy":"product_tag","embeddable":true,"href":"https:\/\/rezeptfrei-apotheke.net\/fr\/wp-json\/wp\/v2\/product_tag?post=8689"}],"curies":[{"name":"wp","href":"https:\/\/api.w.org\/{rel}","templated":true}]}}