{"id":8691,"date":"2023-10-21T10:59:19","date_gmt":"2023-10-21T10:59:19","guid":{"rendered":"https:\/\/rezeptfrei-apotheke.net\/?post_type=product&#038;p=8691"},"modified":"2023-10-30T21:43:37","modified_gmt":"2023-10-30T21:43:37","slug":"4f-mph","status":"publish","type":"product","link":"https:\/\/rezeptfrei-apotheke.net\/fr\/product\/4f-mph\/","title":{"rendered":"4F-MPH"},"content":{"rendered":"<h2><strong>Informations g\u00e9n\u00e9rales sur 4F-MPH<\/strong><\/h2>\n<p>Acheter 4F-MPH, \u00e9galement connu sous le nom de 4-Fluorom\u00e9thylph\u00e9nidate, est un produit chimique de recherche synth\u00e9tique qui appartient \u00e0 la classe des ph\u00e9nidates. C&#039;est un analogue \u00e9troitement apparent\u00e9 du m\u00e9thylph\u00e9nidate (Ritalin) et partage de nombreuses propri\u00e9t\u00e9s similaires. Ces substances sont souvent d\u00e9velopp\u00e9es pour explorer de nouvelles structures chimiques.<\/p>\n<p>Le 4F-MPH est un compos\u00e9 relativement nouveau et son historique de recherche est limit\u00e9. Il a \u00e9t\u00e9 synth\u00e9tis\u00e9 et rapport\u00e9 pour la premi\u00e8re fois dans la litt\u00e9rature scientifique au d\u00e9but des ann\u00e9es 2000. En tant que produit chimique de recherche, ses propri\u00e9t\u00e9s et ses effets sont encore \u00e0 l\u2019\u00e9tude, et des recherches peuvent \u00eatre en cours pour comprendre sa pharmacologie, ses applications potentielles et ses risques.<\/p>\n<p>Le 4F-MPH est structurellement similaire au m\u00e9thylph\u00e9nidate (Ritalin) mais contient une substitution d&#039;atome de fluor.<\/p>\n<p>&nbsp;<\/p>\n<h3><strong>Composition chimique du 4F-MPH<\/strong><\/h3>\n<p>Le 4F-MPH, \u00e9galement connu sous le nom de 4-fluorom\u00e9thylph\u00e9nidate, est un produit chimique de recherche qui appartient aux classes des ph\u00e9n\u00e9thylamine et de la pip\u00e9ridine. La composition chimique du 4F-MPH est la suivante\u00a0:<\/p>\n<p>Nom chimique\u00a0: acide 2-(4-fluoroph\u00e9nyl)-2-m\u00e9thyl-3-(pip\u00e9ridin-2-yl)propano\u00efque, ester m\u00e9thylique<\/p>\n<p>Formule mol\u00e9culaire\u00a0: C14H18FNO2<\/p>\n<p>Poids mol\u00e9culaire : 251,3 g\/mol<\/p>\n<p>Cette formule indique que le 4F-MPH est constitu\u00e9 de quatorze atomes de carbone (C14), dix-huit atomes d&#039;hydrog\u00e8ne (H18), un atome de fluor (F), un atome d&#039;azote (N) et deux atomes d&#039;oxyg\u00e8ne (O2).<\/p>\n<p>Le compos\u00e9 est constitu\u00e9 d&#039;un cycle ph\u00e9nyle substitu\u00e9 par un atome de fluor en position para (position 4). Il contient \u00e9galement un cycle pip\u00e9ridine attach\u00e9 au cycle ph\u00e9nyle via un pont \u00e0 deux carbones. Le cycle pip\u00e9ridine est une caract\u00e9ristique commune \u00e0 de nombreux produits chimiques de recherche.<\/p>\n<p>&nbsp;<\/p>\n<h3><strong>Achetez du 4F-MPH de haute qualit\u00e9.<\/strong><\/h3>\n<p><strong>Produits chimiques panac\u00e9e\u00a0<\/strong>a une implication de longue dur\u00e9e dans l&#039;industrie des produits chimiques de recherche, nous engageant \u00e0 garantir le meilleur de ces produits chimiques de recherche d&#039;exploration.\u00a0<strong>Achat 4F-MPH<\/strong>\u00a0est essentiel et de qualit\u00e9 sup\u00e9rieure.\u00a0<strong>4F-MPH<\/strong>L&#039;achat de est inf\u00e9rieur \u00e0 celui de diverses organisations.<\/p>\n<p>Produits chimiques de recherche, y compris\u00a0<strong>4F-MPH<\/strong>, r\u00e9pondent \u00e0 toutes les exigences de s\u00e9curit\u00e9. Les produits chimiques de recherche sont soigneusement distribu\u00e9s et manipul\u00e9s dans un endroit superbe et sec.<\/p>\n<p>Tous les articles sont explor\u00e9s de mani\u00e8re fiable pour leur qualit\u00e9, leur s\u00e9curit\u00e9 et leur puret\u00e9. Garder avec persistance\u00a0<strong>4F-MPH<\/strong>\u00a0\u00e0 temp\u00e9rature ambiante. C&#039;est uniquement \u00e0 des fins de recherche.<\/p>\n<p>Le prix de notre produit chimique est tr\u00e8s raisonnable et vous pouvez\u00a0<strong>acheter 4F-MPH\u00a0<\/strong>en ligne \u00e0 des tarifs incroyablement bas.<\/p>\n<p>&nbsp;<\/p>\n<h3><strong>Poudre 4F-MPH test\u00e9e en laboratoire avec r\u00e9sultats.<\/strong><\/h3>\n<p>Refait des progr\u00e8s vers l\u2019\u00e9panouissement g\u00e9n\u00e9ral de ses clients. Diff\u00e9rents examens ont montr\u00e9 que les clients demandent autant de donn\u00e9es que pr\u00e9vu avant d&#039;acheter des produits chimiques de recherche synth\u00e9tiques. De plus, nous publions toutes les cons\u00e9quences de laboratoire de chaque compos\u00e9 d&#039;examen sur un enregistrement PDF.<\/p>\n<p>Notre\u00a0<strong>4F-MPH acheter en ligne\u00a0<\/strong>r\u00e9pondent syst\u00e9matiquement aux ingr\u00e9dients actifs et peuvent \u00eatre vus par tout le monde.<\/p>\n<p>Nous distribuons toutes les cons\u00e9quences de laboratoire de chaque produit chimique de recherche sur un document PDF.<\/p>\n<p>&nbsp;<\/p>\n<h3><strong>Commandez en toute s\u00e9curit\u00e9 aupr\u00e8s de 4F-MPH.<\/strong><\/h3>\n<p>Les produits chimiques de recherche Panacea Chems sont d\u2019excellente qualit\u00e9 et ont un co\u00fbt raisonnable. Par cons\u00e9quent, lorsque vous demandez vos produits chimiques de recherche chez Panacea Chems, nous garantissons que nous transmettrons votre demande \u00e0 votre laboratoire de recherche rapidement et en toute s\u00e9curit\u00e9, car la vente de produits chimiques de recherche est toujours disponible chez Panacea Chems.<\/p>\n<p>Demander des compos\u00e9s de recherche synth\u00e9tiques avec Bitcoin ou par virement bancaire est simple chez Panacea Chems.<\/p>\n<p>Nous exp\u00e9dions les produits chimiques de recherche le m\u00eame jour ouvrable si le paiement est re\u00e7u avant 15h00 CEST.<\/p>\n<p>Nous ne fournissons pas d&#039;articles aux personnes de moins de 18\u00a0ans\u00a0!<\/p>\n<p><strong>4F-MPH \u00e0 vendre<\/strong>\u00a0est uniquement \u00e0 des fins de recherche.<\/p>\n<p>&nbsp;<\/p>\n<h3><strong>Exp\u00e9dition discr\u00e8te de produits chimiques de recherche.<\/strong><\/h3>\n<p>Panacea Chems emballera votre commande en toute s\u00e9curit\u00e9 pour garantir un transport correct. De plus, nous emballons avec une discr\u00e9tion parfaite et aucun signe de ce qui pourrait se trouver \u00e0 l\u2019int\u00e9rieur ne sera visible \u00e0 l\u2019ext\u00e9rieur.<\/p>","protected":false},"excerpt":{"rendered":"<p><strong>Nom IUPAC\u00a0: <\/strong>Ac\u00e9tate de m\u00e9thyle 2-(4-fluoroph\u00e9nyl)-2-(pip\u00e9ridin-2-yl)<\/p>\n<p><strong>CAS# <\/strong>1354631-33-6<\/p>\n<p><strong>Autre nom: <\/strong>4-Fluorom\u00e9thylph\u00e9nidate, 4-FMPH<\/p>\n<p><strong>Apparence : <\/strong>poudre<\/p>\n<p><strong>Analyse RMN\u00a0: <\/strong>C14H18FNO2<\/p>","protected":false},"featured_media":8744,"comment_status":"open","ping_status":"closed","template":"","meta":[],"product_brand":[],"product_cat":[95],"product_tag":[],"class_list":{"0":"post-8691","1":"product","2":"type-product","3":"status-publish","4":"has-post-thumbnail","6":"product_cat-buy-piperidines-online","8":"first","9":"instock","10":"shipping-taxable","11":"purchasable","12":"product-type-variable"},"jetpack_sharing_enabled":true,"_links":{"self":[{"href":"https:\/\/rezeptfrei-apotheke.net\/fr\/wp-json\/wp\/v2\/product\/8691","targetHints":{"allow":["GET"]}}],"collection":[{"href":"https:\/\/rezeptfrei-apotheke.net\/fr\/wp-json\/wp\/v2\/product"}],"about":[{"href":"https:\/\/rezeptfrei-apotheke.net\/fr\/wp-json\/wp\/v2\/types\/product"}],"replies":[{"embeddable":true,"href":"https:\/\/rezeptfrei-apotheke.net\/fr\/wp-json\/wp\/v2\/comments?post=8691"}],"wp:featuredmedia":[{"embeddable":true,"href":"https:\/\/rezeptfrei-apotheke.net\/fr\/wp-json\/wp\/v2\/media\/8744"}],"wp:attachment":[{"href":"https:\/\/rezeptfrei-apotheke.net\/fr\/wp-json\/wp\/v2\/media?parent=8691"}],"wp:term":[{"taxonomy":"product_brand","embeddable":true,"href":"https:\/\/rezeptfrei-apotheke.net\/fr\/wp-json\/wp\/v2\/product_brand?post=8691"},{"taxonomy":"product_cat","embeddable":true,"href":"https:\/\/rezeptfrei-apotheke.net\/fr\/wp-json\/wp\/v2\/product_cat?post=8691"},{"taxonomy":"product_tag","embeddable":true,"href":"https:\/\/rezeptfrei-apotheke.net\/fr\/wp-json\/wp\/v2\/product_tag?post=8691"}],"curies":[{"name":"wp","href":"https:\/\/api.w.org\/{rel}","templated":true}]}}