{"id":8692,"date":"2023-10-21T10:59:20","date_gmt":"2023-10-21T10:59:20","guid":{"rendered":"https:\/\/rezeptfrei-apotheke.net\/?post_type=product&#038;p=8692"},"modified":"2026-02-16T10:23:58","modified_gmt":"2026-02-16T10:23:58","slug":"hdmp-28","status":"publish","type":"product","link":"https:\/\/rezeptfrei-apotheke.net\/fr\/product\/hdmp-28\/","title":{"rendered":"HDMP-28"},"content":{"rendered":"<div class=\"wpb-content-wrapper\"><div class=\"vc_row wpb_row vc_row-fluid\"><div class=\"wpb_column vc_column_container vc_col-sm-12\"><div class=\"vc_column-inner\"><div class=\"wpb_wrapper\">\n\t<div class=\"wpb_text_column wpb_content_element\" >\n\t\t<div class=\"wpb_wrapper\">\n\t\t\t<h2>Acheter HDMP-28<\/h2>\n<p>La 1-(2-hydroxy-2,5-dim\u00e9thylhexyl)-3-(2-m\u00e9thoxy-3-m\u00e9thylpentyl)ur\u00e9e, \u00e9galement connue sous le nom de HDMP-28, est un compos\u00e9 synth\u00e9tique qui appartient \u00e0 la classe des cathinones. Il a \u00e9t\u00e9 synth\u00e9tis\u00e9 pour la premi\u00e8re fois \u00e0 la fin des ann\u00e9es 2000 et a depuis gagn\u00e9 en popularit\u00e9 en tant que produit chimique de recherche. Le HDMP-28 est connu pour ses propri\u00e9t\u00e9s stimulantes et est souvent utilis\u00e9 dans des exp\u00e9riences en laboratoire pour \u00e9tudier ses effets sur le syst\u00e8me nerveux central.<br \/>\nM\u00e9thode de synth\u00e8se :<br \/>\nLa synth\u00e8se du HDMP-28 implique la r\u00e9action du 2,5-dim\u00e9thyl-2-hydroxyhexan-1-ol avec le 3-m\u00e9thyl-2-(2-m\u00e9thoxy\u00e9thyl)pentan-2-amine en pr\u00e9sence d&#039;ur\u00e9e et d&#039;un catalyseur. Le produit obtenu est ensuite purifi\u00e9 \u00e0 l&#039;aide de diverses techniques telles que la recristallisation et la chromatographie sur colonne. La puret\u00e9 du produit final est g\u00e9n\u00e9ralement d\u00e9termin\u00e9e \u00e0 l&#039;aide de techniques analytiques telles que la chromatographie en phase gazeuse-spectrom\u00e9trie de masse (GC-MS) et la spectroscopie par r\u00e9sonance magn\u00e9tique nucl\u00e9aire (RMN).<br \/>\nApplication \u00e0 la recherche scientifique\u00a0:<br \/>\nLe HDMP-28 est couramment utilis\u00e9 dans des exp\u00e9riences en laboratoire pour \u00e9tudier ses effets sur le syst\u00e8me nerveux central. Il est connu pour agir comme un inhibiteur de la recapture de la dopamine et de la noradr\u00e9naline, ce qui entra\u00eene une augmentation des niveaux de ces neurotransmetteurs dans le cerveau. On pense que cette augmentation des niveaux de neurotransmetteurs est responsable des effets stimulants du HDMP-28.<br \/>\nM\u00e9canisme d&#039;action\u00a0:<br \/>\nLe m\u00e9canisme d&#039;action du HDMP-28 implique l&#039;inhibition des transporteurs de recapture de la dopamine et de la noradr\u00e9naline. Cela conduit \u00e0 une augmentation des niveaux de ces neurotransmetteurs dans la fente synaptique, ce qui renforce leurs effets sur les r\u00e9cepteurs postsynaptiques. Cela conduit finalement aux effets stimulants du HDMP-28.<\/p>\n\n\t\t<\/div>\n\t<\/div>\n<\/div><\/div><\/div><\/div>\n<\/div>","protected":false},"excerpt":{"rendered":"<p><strong>Nom IUPAC\u00a0: <\/strong>Ac\u00e9tate de m\u00e9thyle (2R)-2-naphtyl[(2R)-2-pip\u00e9ridinyl]<\/p>\n<p><strong>CAS# <\/strong>219915-69-2<\/p>\n<p><strong>Apparence : <\/strong>poudre<\/p>\n<p><strong>Analyse RMN\u00a0: <\/strong>C18H21NO2<\/p>","protected":false},"featured_media":8745,"comment_status":"open","ping_status":"closed","template":"","meta":[],"product_brand":[],"product_cat":[95],"product_tag":[],"class_list":{"0":"post-8692","1":"product","2":"type-product","3":"status-publish","4":"has-post-thumbnail","6":"product_cat-buy-piperidines-online","8":"first","9":"instock","10":"shipping-taxable","11":"purchasable","12":"product-type-variable"},"jetpack_sharing_enabled":true,"_links":{"self":[{"href":"https:\/\/rezeptfrei-apotheke.net\/fr\/wp-json\/wp\/v2\/product\/8692","targetHints":{"allow":["GET"]}}],"collection":[{"href":"https:\/\/rezeptfrei-apotheke.net\/fr\/wp-json\/wp\/v2\/product"}],"about":[{"href":"https:\/\/rezeptfrei-apotheke.net\/fr\/wp-json\/wp\/v2\/types\/product"}],"replies":[{"embeddable":true,"href":"https:\/\/rezeptfrei-apotheke.net\/fr\/wp-json\/wp\/v2\/comments?post=8692"}],"wp:featuredmedia":[{"embeddable":true,"href":"https:\/\/rezeptfrei-apotheke.net\/fr\/wp-json\/wp\/v2\/media\/8745"}],"wp:attachment":[{"href":"https:\/\/rezeptfrei-apotheke.net\/fr\/wp-json\/wp\/v2\/media?parent=8692"}],"wp:term":[{"taxonomy":"product_brand","embeddable":true,"href":"https:\/\/rezeptfrei-apotheke.net\/fr\/wp-json\/wp\/v2\/product_brand?post=8692"},{"taxonomy":"product_cat","embeddable":true,"href":"https:\/\/rezeptfrei-apotheke.net\/fr\/wp-json\/wp\/v2\/product_cat?post=8692"},{"taxonomy":"product_tag","embeddable":true,"href":"https:\/\/rezeptfrei-apotheke.net\/fr\/wp-json\/wp\/v2\/product_tag?post=8692"}],"curies":[{"name":"wp","href":"https:\/\/api.w.org\/{rel}","templated":true}]}}