{"id":8693,"date":"2023-10-21T10:59:20","date_gmt":"2023-10-21T10:59:20","guid":{"rendered":"https:\/\/rezeptfrei-apotheke.net\/?post_type=product&#038;p=8693"},"modified":"2026-02-16T10:15:31","modified_gmt":"2026-02-16T10:15:31","slug":"hdep-28","status":"publish","type":"product","link":"https:\/\/rezeptfrei-apotheke.net\/fr\/product\/hdep-28\/","title":{"rendered":"HDEP-28"},"content":{"rendered":"<div class=\"wpb-content-wrapper\"><div class=\"vc_row wpb_row vc_row-fluid\"><div class=\"wpb_column vc_column_container vc_col-sm-12\"><div class=\"vc_column-inner\"><div class=\"wpb_wrapper\">\n\t<div class=\"wpb_text_column wpb_content_element\" >\n\t\t<div class=\"wpb_wrapper\">\n\t\t\t<h2>Acheter HDEP-28 \u00c9thylnaphthidate en ligne<\/h2>\n<p>\u00c9thylnaphthidate alias HDEP-28<\/p>\n<p>acheter de l&#039;\u00e9thylnaphthidate en ligne<br \/>\no\u00f9 acheter de l&#039;\u00e9thylnaphthidate<br \/>\no\u00f9 acheter de l&#039;\u00e9thylnaphthidate en ligne<br \/>\nacheter de la poudre d&#039;\u00e9thylnaphthidate en ligne<br \/>\nacheter du cristal d&#039;\u00e9thylnaphthidate en ligne<br \/>\ncomment puis-je commander de l&#039;\u00e9thylnaphthidate en ligne<br \/>\ncommander de l&#039;\u00e9thylnaphthidate en ligne<br \/>\nEthylnaphthidate de meilleure qualit\u00e9 \u00e0 vendre en ligne<br \/>\n\u00c9thylnaphthidate \u00e0 vendre<br \/>\n\u00c9thylnaphthidate en vente en ligne<br \/>\nPrix de l&#039;\u00e9thylnaphthidate<br \/>\nacheter de l&#039;\u00e9thylnaphthidate en ligne<br \/>\n\u00c9thylnaphthidate bon march\u00e9 \u00e0 vendre<\/p>\n\n\t\t<\/div>\n\t<\/div>\n<\/div><\/div><\/div><\/div>\n<\/div>","protected":false},"excerpt":{"rendered":"<p>Nom IUPAC\u00a0:\u00a02-(naphtal\u00e8ne-2-yl)-2-(pip\u00e9ridin-2-yl)ac\u00e9tate d&#039;\u00e9thyle<\/p>\n<p>CAS # 2170529-69-6<\/p>\n<p>Aspect : poudre<\/p>\n<p>Analyse RMN\u00a0: C19H23NO2<\/p>","protected":false},"featured_media":8746,"comment_status":"open","ping_status":"closed","template":"","meta":[],"product_brand":[],"product_cat":[95],"product_tag":[],"class_list":{"0":"post-8693","1":"product","2":"type-product","3":"status-publish","4":"has-post-thumbnail","6":"product_cat-buy-piperidines-online","8":"first","9":"instock","10":"shipping-taxable","11":"purchasable","12":"product-type-variable"},"jetpack_sharing_enabled":true,"_links":{"self":[{"href":"https:\/\/rezeptfrei-apotheke.net\/fr\/wp-json\/wp\/v2\/product\/8693","targetHints":{"allow":["GET"]}}],"collection":[{"href":"https:\/\/rezeptfrei-apotheke.net\/fr\/wp-json\/wp\/v2\/product"}],"about":[{"href":"https:\/\/rezeptfrei-apotheke.net\/fr\/wp-json\/wp\/v2\/types\/product"}],"replies":[{"embeddable":true,"href":"https:\/\/rezeptfrei-apotheke.net\/fr\/wp-json\/wp\/v2\/comments?post=8693"}],"wp:featuredmedia":[{"embeddable":true,"href":"https:\/\/rezeptfrei-apotheke.net\/fr\/wp-json\/wp\/v2\/media\/8746"}],"wp:attachment":[{"href":"https:\/\/rezeptfrei-apotheke.net\/fr\/wp-json\/wp\/v2\/media?parent=8693"}],"wp:term":[{"taxonomy":"product_brand","embeddable":true,"href":"https:\/\/rezeptfrei-apotheke.net\/fr\/wp-json\/wp\/v2\/product_brand?post=8693"},{"taxonomy":"product_cat","embeddable":true,"href":"https:\/\/rezeptfrei-apotheke.net\/fr\/wp-json\/wp\/v2\/product_cat?post=8693"},{"taxonomy":"product_tag","embeddable":true,"href":"https:\/\/rezeptfrei-apotheke.net\/fr\/wp-json\/wp\/v2\/product_tag?post=8693"}],"curies":[{"name":"wp","href":"https:\/\/api.w.org\/{rel}","templated":true}]}}