{"id":8694,"date":"2023-10-21T10:59:20","date_gmt":"2023-10-21T10:59:20","guid":{"rendered":"https:\/\/rezeptfrei-apotheke.net\/?post_type=product&#038;p=8694"},"modified":"2026-02-13T15:32:21","modified_gmt":"2026-02-13T15:32:21","slug":"desoxypipradrol","status":"publish","type":"product","link":"https:\/\/rezeptfrei-apotheke.net\/fr\/product\/desoxypipradrol\/","title":{"rendered":"d\u00e9soxypipradrol"},"content":{"rendered":"<div class=\"wpb-content-wrapper\"><div class=\"vc_row wpb_row vc_row-fluid\"><div class=\"wpb_column vc_column_container vc_col-sm-12\"><div class=\"vc_column-inner\"><div class=\"wpb_wrapper\">\n\t<div class=\"wpb_text_column wpb_content_element\" >\n\t\t<div class=\"wpb_wrapper\">\n\t\t\t<h2>LA MEILLEURE FA\u00c7ON D&#039;OBTENIR L\u00c9GALEMENT AVEC NOUS POUR ACHETER 2-DPMP \u00c0 VENDRE<\/h2>\n<p>D\u00e9soxypipradrol, \u00e9galement appel\u00e9 2-diph\u00e9nylm\u00e9thylpip\u00e9ridine<a href=\"#\">\u00a0Acheter du 2-DPMP<\/a>, a \u00e9t\u00e9 d\u00e9velopp\u00e9 par Ciba dans les ann\u00e9es 1950. Bien qu\u2019elle n\u2019ait jamais \u00e9t\u00e9 vendue ni autoris\u00e9e \u00e0 des fins m\u00e9dicales, elle a acquis une r\u00e9putation de substance puissante et controvers\u00e9e.\u00a0<a href=\"https:\/\/en.wikipedia.org\/wiki\/Desoxypipradrol\" target=\"_blank\" rel=\"noopener\">D\u00e9soxypipradrol<\/a>, un NDRI (inhibiteur de la recapture de la noradr\u00e9naline-dopamine), a \u00e9t\u00e9 utilis\u00e9 \u00e0 mauvais escient pour ses effets euphorisants et stimulants. Le m\u00e9dicament a \u00e9t\u00e9 largement ignor\u00e9 pendant des d\u00e9cennies malgr\u00e9 son potentiel et n\u2019a jamais \u00e9t\u00e9 commercialis\u00e9 ni autoris\u00e9 \u00e0 des fins m\u00e9dicales.<\/p>\n<h3>LES EFFETS DU D\u00c9SOXYPIPRADROL<\/h3>\n<p>Le d\u00e9soxypipradrol \u00e9l\u00e8ve les niveaux de dopamine et de noradr\u00e9naline dans le cerveau en tant qu&#039;NDRI. Les avantages incluent une am\u00e9lioration de l\u2019humeur, de l\u2019\u00e9nergie et de la vigilance, ainsi qu\u2019une r\u00e9duction du besoin de nourriture et de sommeil. Les effets du d\u00e9soxypipradrol sont comparables \u00e0 ceux d\u2019autres drogues stimulantes comme les amph\u00e9tamines et la coca\u00efne. Le m\u00e9dicament est cependant beaucoup plus puissant et peut avoir des effets secondaires majeurs comme l&#039;anxi\u00e9t\u00e9, la psychose et des palpitations cardiaques. Le d\u00e9soxypipradrol n&#039;est devenu bien connu en tant que drogue r\u00e9cr\u00e9ative qu&#039;\u00e0 la fin des ann\u00e9es 1990 et au d\u00e9but des ann\u00e9es 2000. Il est devenu populaire aupr\u00e8s des f\u00eatards et des amateurs de sensations fortes en raison de ses puissants effets stimulants et euphorisants. Cependant, les effets du d\u00e9soxypipradrol sur le corps humain n\u2019\u00e9taient pas encore largement connus.<\/p>\n<h3>LES DANGERS DU D\u00c9SOXYPIPRADROL<\/h3>\n<p>Outre les effets secondaires mentionn\u00e9s pr\u00e9c\u00e9demment, le m\u00e9dicament peut provoquer des crises cardiaques, des palpitations et m\u00eame de l&#039;hypertension. Le d\u00e9soxypipradrol est une substance puissante qui peut rapidement entra\u00eener un surdosage. Cela est particuli\u00e8rement vrai pour les nouveaux utilisateurs et ceux qui consomment de grandes quantit\u00e9s de drogue. Outre ses dangers physiques, le d\u00e9soxypipradrol peut potentiellement causer de graves probl\u00e8mes de sant\u00e9 mentale comme l&#039;anxi\u00e9t\u00e9, la parano\u00efa et m\u00eame des hallucinations. Ces effets peuvent durer tr\u00e8s longtemps apr\u00e8s la disparition du m\u00e9dicament et peuvent s\u00e9rieusement perturber le patient.<\/p>\n<h3>LE D\u00c9SOXYPIPRADROL DANS LE PAYSAGE ACTUEL DES M\u00c9DICAMENTS<\/h3>\n<p>Malgr\u00e9 ses risques, notamment dans le cadre des f\u00eates et des clubs, le d\u00e9soxypipradrol n\u2019en reste pas moins une drogue r\u00e9cr\u00e9ative largement utilis\u00e9e. Les responsables de l\u2019application des lois et les sp\u00e9cialistes de la sant\u00e9 publique s\u2019y int\u00e9ressent d\u00e9sormais de plus pr\u00e8s en raison de sa r\u00e9putation de toxine mortelle. soit en le rendant ill\u00e9gal, soit en l&#039;ajoutant \u00e0 une liste de substances interdites. Cela a conduit \u00e0 une diminution de son utilisation dans diverses situations, mais il reste n\u00e9anmoins un m\u00e9dicament privil\u00e9gi\u00e9 par certaines personnes.<\/p>\n\n\t\t<\/div>\n\t<\/div>\n<\/div><\/div><\/div><\/div>\n<\/div>","protected":false},"excerpt":{"rendered":"<p>Nom IUPAC\u00a0: 2-benzhydrylpip\u00e9ridine<br \/>\nCAS # 519-74-4<br \/>\nAspect : poudre<br \/>\nAnalyse RMN\u00a0: C18H21N<\/p>","protected":false},"featured_media":8747,"comment_status":"open","ping_status":"closed","template":"","meta":[],"product_brand":[],"product_cat":[95],"product_tag":[],"class_list":{"0":"post-8694","1":"product","2":"type-product","3":"status-publish","4":"has-post-thumbnail","6":"product_cat-buy-piperidines-online","8":"first","9":"instock","10":"shipping-taxable","11":"purchasable","12":"product-type-variable"},"jetpack_sharing_enabled":true,"_links":{"self":[{"href":"https:\/\/rezeptfrei-apotheke.net\/fr\/wp-json\/wp\/v2\/product\/8694","targetHints":{"allow":["GET"]}}],"collection":[{"href":"https:\/\/rezeptfrei-apotheke.net\/fr\/wp-json\/wp\/v2\/product"}],"about":[{"href":"https:\/\/rezeptfrei-apotheke.net\/fr\/wp-json\/wp\/v2\/types\/product"}],"replies":[{"embeddable":true,"href":"https:\/\/rezeptfrei-apotheke.net\/fr\/wp-json\/wp\/v2\/comments?post=8694"}],"wp:featuredmedia":[{"embeddable":true,"href":"https:\/\/rezeptfrei-apotheke.net\/fr\/wp-json\/wp\/v2\/media\/8747"}],"wp:attachment":[{"href":"https:\/\/rezeptfrei-apotheke.net\/fr\/wp-json\/wp\/v2\/media?parent=8694"}],"wp:term":[{"taxonomy":"product_brand","embeddable":true,"href":"https:\/\/rezeptfrei-apotheke.net\/fr\/wp-json\/wp\/v2\/product_brand?post=8694"},{"taxonomy":"product_cat","embeddable":true,"href":"https:\/\/rezeptfrei-apotheke.net\/fr\/wp-json\/wp\/v2\/product_cat?post=8694"},{"taxonomy":"product_tag","embeddable":true,"href":"https:\/\/rezeptfrei-apotheke.net\/fr\/wp-json\/wp\/v2\/product_tag?post=8694"}],"curies":[{"name":"wp","href":"https:\/\/api.w.org\/{rel}","templated":true}]}}