{"id":8695,"date":"2023-10-21T10:59:20","date_gmt":"2023-10-21T10:59:20","guid":{"rendered":"https:\/\/rezeptfrei-apotheke.net\/?post_type=product&#038;p=8695"},"modified":"2023-10-30T21:12:44","modified_gmt":"2023-10-30T21:12:44","slug":"4-mpm","status":"publish","type":"product","link":"https:\/\/rezeptfrei-apotheke.net\/fr\/product\/4-mpm\/","title":{"rendered":"4 MPD"},"content":{"rendered":"<h2><strong><span data-preserver-spaces=\"true\">Achetez 4-MPD en ligne\u00a0:<\/span><\/strong><\/h2>\n<p><span data-preserver-spaces=\"true\">Nous vous proposons l&#039;endroit id\u00e9al pour acheter votre poudre ou m\u00e9dicament r\u00e9cr\u00e9atif Achetez 4-MPD. Ce m\u00e9dicament est augment\u00e9 pour que vous vous sentiez bien. C&#039;est une belle drogue. Aujourd\u2019hui, ce m\u00e9dicament est devenu plus connu aupr\u00e8s des adultes et des jeunes. C\u2019est une poudre interdite qui est d\u2019ailleurs utilis\u00e9e partout sur terre pour le bien-\u00eatre. C&#039;est un m\u00e9dicament artificiel. Il se pr\u00e9sente sous diff\u00e9rentes formes, comme une pilule, une capsule ou une poudre. Nous vous donnons de la poudre, proc\u00e9d\u00e9 vital habituel pour pratiquer ce m\u00e9dicament. Nous pr\u00e9sentons dans une fourchette de prix raisonnable.\u00a0<\/span><\/p>\n<h4><strong><span data-preserver-spaces=\"true\">Tout savoir sur\u00a0: 4-mpd Acheter en ligne<\/span><\/strong><\/h4>\n<p><span data-preserver-spaces=\"true\">Il s&#039;agit d&#039;un m\u00e9dicament fabriqu\u00e9 connu sous le nom de 4-m\u00e9thylpent\u00e9drone, \u00e9galement connu sous le nom de 4-MPD ou 4-m\u00e9thyl-m\u00e9thylamino-val\u00e9roph\u00e9none. Cette poudre appartient \u00e0 la classe des stimulants cathinone. Ce\u00a0<\/span><strong><em>drogue synth\u00e9tique<\/em><\/strong><span data-preserver-spaces=\"true\">\u00a0est souvent utilis\u00e9 \u00e0 des fins r\u00e9cr\u00e9atives en raison de ses propri\u00e9t\u00e9s euphorisantes et stimulantes. Malgr\u00e9 son utilisation globale, sa cr\u00e9ation, sa vente ou son abus sans ordonnance est ill\u00e9gal.<\/span><\/p>\n<p><span data-preserver-spaces=\"true\">Bien que la 4-m\u00e9thylpent\u00e9drone soit souvent vendue comme une option s\u00fbre aux m\u00e9dicaments \u00e9tablis, il est n\u00e9cessaire d&#039;identifier que le manque d&#039;ordonnance et de contr\u00f4le sur sa fabrication et sa d\u00e9livrance en fait un produit chimique potentiellement nocif. Gr\u00e2ce \u00e0 ces informations, nous nous soucierons de l&#039;historique, des effets et des risques de la 4-m\u00e9thylpent\u00e9drone et de la condition de d\u00e9sirer une aide professionnelle pour la consommation de substances.<\/span><\/p>\n<h4><strong><span data-preserver-spaces=\"true\">QU&#039;EST-CE QUE LE 4-MPD\u00a0?<\/span><\/strong><\/h4>\n<p><span data-preserver-spaces=\"true\">Le 4-MPD est un stimulant fabriqu\u00e9 class\u00e9 comme cathinone. Il s&#039;agit du p-m\u00e9thyl d\u00e9riv\u00e9 de la pentedrone et d&#039;un homologue plus \u00e9lev\u00e9 de la 4-m\u00e9thylm\u00e9thcathinone (m\u00e9ph\u00e9drone) et de la 4-m\u00e9thylbuph\u00e9drone (4-MeMABP). Cette th\u00e9rapie est consid\u00e9r\u00e9e comme un m\u00e9dicament cr\u00e9ateur car elle est simul\u00e9e en laboratoire et n\u2019est pas approuv\u00e9e pour un b\u00e9n\u00e9fice m\u00e9dical.<\/span><\/p>\n<p><span data-preserver-spaces=\"true\">Depuis sa d\u00e9couverte au d\u00e9but des ann\u00e9es 2011, la 4-m\u00e9thylpent\u00e9drone est devenue une drogue populaire et mal utilis\u00e9e. Malgr\u00e9 sa popularit\u00e9, on sait tr\u00e8s peu de choses sur les r\u00e9sultats \u00e0 long terme de la 4-m\u00e9thylpent\u00e9drone, et les dangers associ\u00e9s \u00e0 son utilisation ne sont pas encore totalement reconnus.<\/span><\/p>\n<h4><strong><span data-preserver-spaces=\"true\">Effets du 4-MPD\u00a0:<\/span><\/strong><\/h4>\n<p><span data-preserver-spaces=\"true\">Il s\u2019agit d\u2019une stimulation du syst\u00e8me nerveux central qui g\u00e9n\u00e8re une combinaison de r\u00e9sultats, tels qu\u2019une am\u00e9lioration de l\u2019\u00e9nergie, de l\u2019attention et de la convivialit\u00e9. Les r\u00e9sultats de la 4-m\u00e9thylpent\u00e9drone sont similaires \u00e0 ceux de la m\u00e9thamph\u00e9tamine ou de la coca\u00efne et durent g\u00e9n\u00e9ralement entre deux et trois heures.<\/span><\/p>\n<p><span data-preserver-spaces=\"true\">D\u2019autres d\u00e9clarent une augmentation du stress, de la folie et de la parano\u00efa apr\u00e8s avoir utilis\u00e9 de la 4-m\u00e9thylpent\u00e9drone. Les r\u00e9sultats de la 4-m\u00e9thylpent\u00e9drone diff\u00e8rent selon l&#039;individu, la posologie et le mode de gestion.<\/span><\/p>\n<h4><strong><span data-preserver-spaces=\"true\">Dangers de la 4-M\u00c9THYLPENTEDRONE\u00a0:<\/span><\/strong><\/h4>\n<p><span data-preserver-spaces=\"true\">Malgr\u00e9 tous ses r\u00e9sultats imaginables et agr\u00e9ables, la 4-m\u00e9thylpent\u00e9drone est un produit chimique dangereux et potentiellement mortel. Tous les utilisateurs souffrent du risque de consommer un produit contenant des contaminants ou des combinaisons nocives en raison du manque d&#039;ordonnance et de contr\u00f4le sur sa fabrication et sa distribution.<\/span><\/p>\n<p><span data-preserver-spaces=\"true\">Am\u00e9lioration de la fr\u00e9quence cardiaque, des douleurs thoraciques, de l&#039;anxi\u00e9t\u00e9,\u00a0<a href=\"https:\/\/en.wikipedia.org\/wiki\/Paranoia\" target=\"_blank\" rel=\"noopener\"><strong><em>parano\u00efa<\/em><\/strong><\/a>, et les hallucinations sont des effets secondaires extr\u00eames li\u00e9s \u00e0 l\u2019utilisation de la 4-m\u00e9thylpent\u00e9drone. En plus des augmentations dangereuses de la pression art\u00e9rielle, le m\u00e9dicament provoque un arr\u00eat cardiaque, des convulsions et des accidents vasculaires c\u00e9r\u00e9braux.<\/span><\/p>\n<p><span data-preserver-spaces=\"true\">En plus de ses risques physiques, la 4-m\u00e9thylpent\u00e9drone peut avoir un impact consid\u00e9rable sur la sant\u00e9 mentale. L\u2019abus d\u2019essence peut g\u00e9n\u00e9rer de la tristesse, de l\u2019anxi\u00e9t\u00e9, d\u2019autres maladies mentales et des l\u00e9sions c\u00e9r\u00e9brales sans fin.<\/span><\/p>","protected":false},"excerpt":{"rendered":"<p><strong>Nom IUPAC\u00a0: <\/strong>3-m\u00e9thyl-2-(p-tolyl)mopholine<\/p>\n<p><strong>CAS# <\/strong>N \/ A<\/p>\n<p><strong>Autre nom: <\/strong>4-m\u00e9thylph\u00e9nm\u00e9trazine<\/p>\n<p><strong>Apparence : <\/strong>cristaux<\/p>\n<p><strong>Analyse RMN\u00a0: <\/strong>N \/ A<\/p>","protected":false},"featured_media":8748,"comment_status":"open","ping_status":"closed","template":"","meta":[],"product_brand":[],"product_cat":[95],"product_tag":[],"class_list":{"0":"post-8695","1":"product","2":"type-product","3":"status-publish","4":"has-post-thumbnail","6":"product_cat-buy-piperidines-online","8":"first","9":"instock","10":"shipping-taxable","11":"purchasable","12":"product-type-variable"},"jetpack_sharing_enabled":true,"_links":{"self":[{"href":"https:\/\/rezeptfrei-apotheke.net\/fr\/wp-json\/wp\/v2\/product\/8695","targetHints":{"allow":["GET"]}}],"collection":[{"href":"https:\/\/rezeptfrei-apotheke.net\/fr\/wp-json\/wp\/v2\/product"}],"about":[{"href":"https:\/\/rezeptfrei-apotheke.net\/fr\/wp-json\/wp\/v2\/types\/product"}],"replies":[{"embeddable":true,"href":"https:\/\/rezeptfrei-apotheke.net\/fr\/wp-json\/wp\/v2\/comments?post=8695"}],"wp:featuredmedia":[{"embeddable":true,"href":"https:\/\/rezeptfrei-apotheke.net\/fr\/wp-json\/wp\/v2\/media\/8748"}],"wp:attachment":[{"href":"https:\/\/rezeptfrei-apotheke.net\/fr\/wp-json\/wp\/v2\/media?parent=8695"}],"wp:term":[{"taxonomy":"product_brand","embeddable":true,"href":"https:\/\/rezeptfrei-apotheke.net\/fr\/wp-json\/wp\/v2\/product_brand?post=8695"},{"taxonomy":"product_cat","embeddable":true,"href":"https:\/\/rezeptfrei-apotheke.net\/fr\/wp-json\/wp\/v2\/product_cat?post=8695"},{"taxonomy":"product_tag","embeddable":true,"href":"https:\/\/rezeptfrei-apotheke.net\/fr\/wp-json\/wp\/v2\/product_tag?post=8695"}],"curies":[{"name":"wp","href":"https:\/\/api.w.org\/{rel}","templated":true}]}}