{"id":8697,"date":"2023-10-21T10:59:20","date_gmt":"2023-10-21T10:59:20","guid":{"rendered":"https:\/\/rezeptfrei-apotheke.net\/?post_type=product&#038;p=8697"},"modified":"2023-10-31T08:52:48","modified_gmt":"2023-10-31T08:52:48","slug":"nb-5-meo-mipt-oxalate","status":"publish","type":"product","link":"https:\/\/rezeptfrei-apotheke.net\/fr\/product\/nb-5-meo-mipt-oxalate\/","title":{"rendered":"NB-5-MeO-MiPT (oxalate)"},"content":{"rendered":"<h2><strong>Informations g\u00e9n\u00e9rales Tryptamines : NB-5-MeO-MiPT (oxalate)<\/strong><\/h2>\n<p>La tryptamine est un m\u00e9tabolite indolamine du tryptophane corrosif amin\u00e9 n\u00e9cessaire. Un indole caract\u00e9rise la structure de la substance \u2500 un cycle combin\u00e9 benz\u00e8ne et pyrrole et un groupe 2-amino\u00e9thyle au niveau du carbone suivant (le troisi\u00e8me iota odorant, le premier \u00e9tant l&#039;azote h\u00e9t\u00e9rocyclique). La construction de tryptamine est un \u00e9l\u00e9ment commun de certains neuromodulateurs aminergiques, notamment la m\u00e9latonine, la s\u00e9rotonine, la bufot\u00e9nine et les filiales hallucinog\u00e8nes, par exemple la dim\u00e9thyltryptamine (DMT), la psilocybine, la psilocine et d&#039;autres. De plus, il a \u00e9t\u00e9 d\u00e9montr\u00e9 que la tryptamine agit sur les r\u00e9cepteurs li\u00e9s aux amines communiqu\u00e9s dans le cerveau des mammif\u00e8res et g\u00e8re l&#039;action des syst\u00e8mes dopaminergiques, s\u00e9rotoninergiques et glutamatergiques.<\/p>\n<p>Le 5-MeO-MiPT est un m\u00e9dicament hallucinog\u00e8ne et stimulant utilis\u00e9 par certains comme enth\u00e9og\u00e8ne. Il poss\u00e8de des propri\u00e9t\u00e9s sous-jacentes et pharmacodynamiques comme les m\u00e9dicaments 5-MeO-DiPT, DiPT et MiPT. Cependant, il est g\u00e9n\u00e9ralement utilis\u00e9 comme \u00ab substitut \u00bb au 5-MeO-DiPT en raison de sa construction exacte et de ses impacts.<\/p>\n<p>&nbsp;<\/p>\n<h3><strong>Composition chimique des tryptamines\u00a0: NB-5-MeO-MiPT (oxalate)<\/strong><\/h3>\n<p>&nbsp;<\/p>\n<p>Le 5-MeO-MiPT fait partie d&#039;une classe de m\u00e9langes commun\u00e9ment appel\u00e9s tryptamines et est l&#039;homologue N-m\u00e9thyl-N-isopropyle du 5-MeO-DMT hallucinog\u00e8ne. Le nom complet du compos\u00e9 est 5-m\u00e9thoxy-N-m\u00e9thyl-N-isopropyltryptamine.<\/p>\n<p>Le 5-MeO-MiPT rend le r\u00e9actif d&#039;Ehrlich violet, puis se m\u00e9lange pour noircir le bleu. Cela fait passer le r\u00e9actif du marquis du jaune au fonc\u00e9.<\/p>\n<h3><strong>Pharmacologie des tryptamines : NB-5-MeO-MiPT (oxalate).<\/strong><\/h3>\n<p>Les affinit\u00e9s au sein d\u2019un conseil d\u2019administration de 5-HT ne sont pas enti\u00e8rement grav\u00e9es dans le marbre par le programme PDSP soutenu par le NIMH. Par exemple, les associations au niveau des r\u00e9cepteurs 5-HT2A et 5-HT2C des humains et des rongeurs sont toujours en suspens, utilisant \u00e0 la fois des radioligands agonistes et m\u00e9chants.<\/p>\n<p>En proportion de la force et de la viabilit\u00e9 pr\u00e9cieuses, les changements dans les niveaux de Ca2+ intracellulaires ont \u00e9t\u00e9 estim\u00e9s \u00e0 l&#039;aide d&#039;un lecteur de plaque d&#039;imagerie fluorom\u00e9trique (FLIPRTETRA, Molecular Devices) au niveau des r\u00e9cepteurs humains 5-HT2A, 5-HT2B et 5-HT2C et du rongeur 5-HT2A. et les r\u00e9cepteurs 5-HT2C. Enfin, en proportion de l&#039;activation in vivo du r\u00e9cepteur 5-HT2A, nous avons \u00e9tudi\u00e9 la capacit\u00e9, toutes choses \u00e9gales par ailleurs, \u00e0 d\u00e9clencher le HTR de la souris.<\/p>\n<p>Nous avons suppos\u00e9 que la puissance utilisable au niveau du r\u00e9cepteur 5-HT2A du rongeur pourrait mieux se connecter aux informations de conduite saccad\u00e9e de la souris, car les affinit\u00e9s du ligand au niveau du r\u00e9cepteur 5-HT2A du rongeur s&#039;associent au r\u00e9cepteur 5-HT2A de la souris, mais pas au r\u00e9cepteur 5-HT2A humain.<\/p>\n<h3><strong>Achetez de la fluorex\u00e9tamine de haute qualit\u00e9<\/strong><\/h3>\n<p>TRRCSHOP poss\u00e8de de nombreuses ann\u00e9es d&#039;exp\u00e9rience dans l&#039;industrie de la conception de produits chimiques de recherche, nous permettant de garantir la plus haute qualit\u00e9 de ces produits chimiques de recherche. L&#039;\u00e9quipe de recherche chimique vend de la fluorex\u00e9tamine et des pastilles de 2,5 mg. Les produits chimiques de recherche, y compris les fluorex\u00e9tamines, r\u00e9pondent \u00e0 toutes les exigences de s\u00e9curit\u00e9. Les produits chimiques de recherche sont soigneusement distribu\u00e9s et stock\u00e9s dans un endroit frais et sec.<\/p>\n<p>Tous les produits sont r\u00e9guli\u00e8rement inspect\u00e9s pour v\u00e9rifier leur qualit\u00e9, leur puret\u00e9 et leur s\u00e9curit\u00e9. Conservez toujours la fluorex\u00e9tamine \u00e0 temp\u00e9rature ambiante et hors de la port\u00e9e des enfants et des animaux domestiques. Notre Fluorex\u00e9tamine n\u2019est pas destin\u00e9e \u00e0 un usage personnel. C&#039;est uniquement \u00e0 des fins de recherche.<\/p>\n<p>Il ne doit pas \u00eatre m\u00e9lang\u00e9 avec de l&#039;alcool ou des produits chimiques de recherche lors de la recherche sur ce produit chimique de recherche\u00a0!<\/p>\n<p>Tous nos produits ont un prix juste !<\/p>\n<h3><strong>Fluorex\u00e9tamine test\u00e9e en laboratoire avec r\u00e9sultats.<\/strong><\/h3>\n<p>Refait des progr\u00e8s vers l\u2019\u00e9panouissement g\u00e9n\u00e9ral de ses clients. Diff\u00e9rents examens ont montr\u00e9 que les clients demandent autant de donn\u00e9es que pr\u00e9vu avant d&#039;acheter des produits chimiques de recherche synth\u00e9tiques. De plus, nous publions toutes les cons\u00e9quences de laboratoire de chaque compos\u00e9 d&#039;examen sur un enregistrement PDF.<\/p>\n<p>Notre Fluorex\u00e9tamine r\u00e9pond syst\u00e9matiquement aux ingr\u00e9dients actifs et peut \u00eatre facilement vue par tout le monde.<\/p>\n<p>Nous distribuons toutes les cons\u00e9quences de laboratoire de chaque produit chimique de recherche sur un document PDF.<\/p>\n<h3><strong>Commandez en toute s\u00e9curit\u00e9 aupr\u00e8s de Fluorex\u00e9tamine.<\/strong><\/h3>\n<p>Les produits chimiques de recherche TRRCSHOP Designer sont d\u2019excellente qualit\u00e9 et ont un co\u00fbt raisonnable. Par cons\u00e9quent, au moment o\u00f9 vous demandez votre\u00a0<strong>Fluorex\u00e9tamine\u00a0<\/strong>chez TRRCSHOP, nous garantissons que nous transmettrons votre demande \u00e0 votre domicile rapidement et en toute s\u00e9curit\u00e9.<\/p>\n<p>Demander des compos\u00e9s de recherche synth\u00e9tiques avec Bitcoin ou par virement bancaire est simple au TRRCSHOP.<\/p>\n<p>Nous exp\u00e9dions la Fluorex\u00e9tamine le m\u00eame jour ouvrable si le paiement est re\u00e7u avant 14h00 CEST. Nous n&#039;exp\u00e9dions g\u00e9n\u00e9ralement pas le samedi, le dimanche ou les jours f\u00e9ri\u00e9s nationaux\/internationaux.<strong>.<\/strong><\/p>\n<h3><strong>Exp\u00e9dition discr\u00e8te de produits chimiques de recherche.<\/strong><\/h3>\n<p>M\u00eame si les produits chimiques de recherche de conception sont l\u00e9galement accessibles en ligne, chez Rcendeavor, nous livrons de mani\u00e8re plus s\u00e9curis\u00e9e et raisonnable. Nous emballons avec une tr\u00e8s bonne furtivit\u00e9 et aucun signe de ce qui pourrait se trouver \u00e0 l\u2019int\u00e9rieur ne sera affich\u00e9 \u00e0 l\u2019ext\u00e9rieur.<\/p>\n<p>Nous envoyons les commandes sup\u00e9rieures \u00e0 500 euros avec track and follow pour que vous puissiez suivre votre colis progressivement. nous envoyons les commandes sup\u00e9rieures \u00e0 500 euros avec le suivi gratuit.<\/p>\n<p>Nous ne fournissons pas d&#039;articles aux personnes de moins de 18\u00a0ans\u00a0!<\/p>\n<h3><strong>Pr\u00e9cautions<\/strong><\/h3>\n<ul>\n<li>Achetez les \u00e9quipements de protection individuelle appropri\u00e9s comme des lunettes et des gants. Nettoyez-les et entretenez-les de mani\u00e8re appropri\u00e9e. Suivez des syst\u00e8mes s\u00fbrs lorsque vous manipulez des produits chimiques de recherche et ne prenez pas de raccourcis.<\/li>\n<li>Si le produit chimique de recherche entre en contact avec les yeux, rincez bien et \u00e9liminez les lentilles de contact si cela est fondamental.<\/li>\n<li>Essayez d&#039;utiliser un masque lorsque vous utilisez ces produits chimiques afin qu&#039;ils ne p\u00e9n\u00e8trent pas en vous lorsque vous respirez.<\/li>\n<li>Comme l\u2019indiquent les m\u00e9thodes prises en charge, manipulez, stockez et \u00e9liminez en toute s\u00e9curit\u00e9 les mati\u00e8res dangereuses. Ne les d\u00e9versez jamais dans les \u00e9gouts ou les canaux.<\/li>\n<li>Conservez les produits chimiques de recherche de mani\u00e8re appropri\u00e9e, comme indiqu\u00e9 sur leur nom. Les produits chimiques inflammables doivent \u00eatre rang\u00e9s dans du cannabis sec et de qualit\u00e9, \u00e0 l\u2019abri de l\u2019intensit\u00e9 et de la lumi\u00e8re du jour. Certains produits synth\u00e9tiques, comme les acides, doivent \u00eatre rang\u00e9s ind\u00e9pendamment les uns des autres.<\/li>\n<li>TRRCSHOP offert \u00e0 des fins de recherche\u00a0; la consommation humaine est fortement interdite.<\/li>\n<\/ul>","protected":false},"excerpt":{"rendered":"<p>Nom IUPAC\u00a0: 3-(2-(isopropyl(m\u00e9thyl)amino)\u00e9thyl)-5-m\u00e9thoxy-1H-indole-1- oxalate de tert-butyle<br \/>\nAspect : poudre<br \/>\nForme : oxalate<\/p>","protected":false},"featured_media":8750,"comment_status":"open","ping_status":"closed","template":"","meta":[],"product_brand":[],"product_cat":[96],"product_tag":[],"class_list":{"0":"post-8697","1":"product","2":"type-product","3":"status-publish","4":"has-post-thumbnail","6":"product_cat-buy-tryptamines-online","8":"first","9":"instock","10":"shipping-taxable","11":"purchasable","12":"product-type-variable"},"jetpack_sharing_enabled":true,"_links":{"self":[{"href":"https:\/\/rezeptfrei-apotheke.net\/fr\/wp-json\/wp\/v2\/product\/8697","targetHints":{"allow":["GET"]}}],"collection":[{"href":"https:\/\/rezeptfrei-apotheke.net\/fr\/wp-json\/wp\/v2\/product"}],"about":[{"href":"https:\/\/rezeptfrei-apotheke.net\/fr\/wp-json\/wp\/v2\/types\/product"}],"replies":[{"embeddable":true,"href":"https:\/\/rezeptfrei-apotheke.net\/fr\/wp-json\/wp\/v2\/comments?post=8697"}],"wp:featuredmedia":[{"embeddable":true,"href":"https:\/\/rezeptfrei-apotheke.net\/fr\/wp-json\/wp\/v2\/media\/8750"}],"wp:attachment":[{"href":"https:\/\/rezeptfrei-apotheke.net\/fr\/wp-json\/wp\/v2\/media?parent=8697"}],"wp:term":[{"taxonomy":"product_brand","embeddable":true,"href":"https:\/\/rezeptfrei-apotheke.net\/fr\/wp-json\/wp\/v2\/product_brand?post=8697"},{"taxonomy":"product_cat","embeddable":true,"href":"https:\/\/rezeptfrei-apotheke.net\/fr\/wp-json\/wp\/v2\/product_cat?post=8697"},{"taxonomy":"product_tag","embeddable":true,"href":"https:\/\/rezeptfrei-apotheke.net\/fr\/wp-json\/wp\/v2\/product_tag?post=8697"}],"curies":[{"name":"wp","href":"https:\/\/api.w.org\/{rel}","templated":true}]}}